{"id":644,"date":"2023-12-21T22:00:01","date_gmt":"2023-12-21T21:00:01","guid":{"rendered":"https:\/\/www.liecivebyliny.eu\/?page_id=644"},"modified":"2023-12-29T20:12:31","modified_gmt":"2023-12-29T19:12:31","slug":"hyssopus-officinalis-l-2","status":"publish","type":"page","link":"https:\/\/www.liecivebyliny.eu\/?page_id=644&lang=en","title":{"rendered":"<em>Hyssopus&nbsp;officinalis<\/em><strong>&nbsp;L.<\/strong><strong><\/strong>"},"content":{"rendered":"<div class=\"wp-block-image\">\n<figure class=\"aligncenter size-full\"><img decoding=\"async\" loading=\"lazy\" width=\"244\" height=\"340\" src=\"https:\/\/www.liecivebyliny.eu\/wp-content\/uploads\/2023\/12\/image-70.jpeg\" alt=\"\" class=\"wp-image-645\" srcset=\"https:\/\/www.liecivebyliny.eu\/wp-content\/uploads\/2023\/12\/image-70.jpeg 244w, https:\/\/www.liecivebyliny.eu\/wp-content\/uploads\/2023\/12\/image-70-215x300.jpeg 215w\" sizes=\"(max-width: 244px) 100vw, 244px\" \/><figcaption class=\"wp-element-caption\">Hyssop<\/figcaption><\/figure><\/div>\n\n\n<p><strong>English name:<\/strong>\u00a0Hyssop<\/p>\n\n\n\n<p><strong>Family:<\/strong>&nbsp;<em>Lamiaceae<\/em><\/p>\n\n\n\n<p><strong>Botanical characteristic:<\/strong>\u00a0Perennial plant, semi-shrub, 20-60 cm high. The stem is straight, angular. The leaves are sessile, linear-lanceolate, entire-margined. Flowers of blue, purple, pink color are arranged in branches and form a whole. The fruit is hard.<\/p>\n\n\n\n<p><strong>Microscopic drawing:<\/strong><\/p>\n\n\n<div class=\"wp-block-image\">\n<figure class=\"aligncenter size-full\"><img decoding=\"async\" loading=\"lazy\" width=\"248\" height=\"318\" src=\"https:\/\/www.liecivebyliny.eu\/wp-content\/uploads\/2023\/12\/image-78.png\" alt=\"\" class=\"wp-image-646\" srcset=\"https:\/\/www.liecivebyliny.eu\/wp-content\/uploads\/2023\/12\/image-78.png 248w, https:\/\/www.liecivebyliny.eu\/wp-content\/uploads\/2023\/12\/image-78-234x300.png 234w\" sizes=\"(max-width: 248px) 100vw, 248px\" \/><figcaption class=\"wp-element-caption\"><em>The cuticle of a hyssop leaf contains the typical disc-shaped glands of Lamiaceae plants (a), trichomes (b) and stomata with two companion cells (c).<\/em><\/figcaption><\/figure><\/div>\n\n\n<p><\/p>\n\n\n\n<p><strong>Distribution:<\/strong>&nbsp;It originates from the Mediterranean Sea. In our latitudes, it is grown in gardens. It grows on sunny, dry sites, railway embankments.<\/p>\n\n\n\n<p><strong>Drug:<\/strong>&nbsp;<em>Hyssopi herba<\/em><\/p>\n\n\n\n<p><strong>Harvesting method:<\/strong>&nbsp;It is harvested at flowering time with secateurs in dry weather.<\/p>\n\n\n\n<p><strong>Drying:<\/strong>&nbsp;It is dried naturally in thin layers in an airy and shady place. Artificially in a drying room where the temperature must not exceed 35 \u00b0C.<\/p>\n\n\n\n<p><strong>Active substances:<\/strong>&nbsp;Hyssop is characterised by a distinctive scent, which indicates the presence of essential oils. These are represented mainly by pinocamphone and isopinocamphone, but also by pinocarvone, limonene and pinene. As part of its metabolism, the plant synthesises flavonoids (diosmin), various phenolic compounds (rosmarinic acid), bitter substances (marubiin) and triterpenes (ursolic or oleanoic acid).<\/p>\n\n\n\n<p><strong>Uses:<\/strong>&nbsp;The drug has weak anti-inflammatory effects, promotes the expectoration of thick viscous mucus, has an antispasmodic effect on spasms of the gastrointestinal tract and relieves wind. Hyssop infusions are attributed antiseptic effects and can be gargled with inflammation of the gums and nasopharynx. It tastes spicy and bitter, which stimulates the production of digestive juices and supports digestion.<\/p>\n\n\n\n<p><strong>Selected herbal preparations:<\/strong>&nbsp;AGROKARPATY YZOP Medicinal anti-inflammatory tea 20&#215;2 g, JUVAMED YZOP MEDICINE &#8211; INTENSE loose herbal tea 1&#215;40 g, Dr.Svatek COUGH SYRUP from herbs 250 ml, Liftea SAGE + YZOP cps 30 pcs, PSICOPHYT REMEDY 2 drops 50 ml.<\/p>\n","protected":false},"excerpt":{"rendered":"<p>English name:\u00a0Hyssop Family:&nbsp;Lamiaceae Botanical characteristic:\u00a0Perennial plant, semi-shrub, 20-60 cm high. The stem is straight, angular. The leaves are sessile, linear-lanceolate, entire-margined. Flowers of blue, purple, pink color are arranged in branches and form a whole. The fruit is hard. Microscopic drawing: Distribution:&nbsp;It originates from the Mediterranean Sea. In our latitudes, it is grown in gardens. [&hellip;]<\/p>\n","protected":false},"author":1,"featured_media":0,"parent":0,"menu_order":0,"comment_status":"closed","ping_status":"closed","template":"","meta":{"_mi_skip_tracking":false},"yoast_head":"<!-- This site is optimized with the Yoast SEO plugin v20.4 - https:\/\/yoast.com\/wordpress\/plugins\/seo\/ -->\n<title>Hyssopus&nbsp;officinalis&nbsp;L. - liecivebyliny.eu<\/title>\n<meta name=\"robots\" content=\"index, follow, max-snippet:-1, max-image-preview:large, max-video-preview:-1\" \/>\n<link rel=\"canonical\" href=\"https:\/\/www.liecivebyliny.eu\/?page_id=644&lang=en\" \/>\n<meta property=\"og:locale\" content=\"sk_SK\" \/>\n<meta property=\"og:type\" content=\"article\" \/>\n<meta property=\"og:title\" content=\"Hyssopus&nbsp;officinalis&nbsp;L. - liecivebyliny.eu\" \/>\n<meta property=\"og:description\" content=\"English name:\u00a0Hyssop Family:&nbsp;Lamiaceae Botanical characteristic:\u00a0Perennial plant, semi-shrub, 20-60 cm high. The stem is straight, angular. The leaves are sessile, linear-lanceolate, entire-margined. Flowers of blue, purple, pink color are arranged in branches and form a whole. The fruit is hard. Microscopic drawing: Distribution:&nbsp;It originates from the Mediterranean Sea. In our latitudes, it is grown in gardens. [&hellip;]\" \/>\n<meta property=\"og:url\" content=\"https:\/\/www.liecivebyliny.eu\/?page_id=644&amp;lang=en\" \/>\n<meta property=\"og:site_name\" content=\"liecivebyliny.eu\" \/>\n<meta property=\"article:modified_time\" content=\"2023-12-29T19:12:31+00:00\" \/>\n<meta property=\"og:image\" content=\"https:\/\/www.liecivebyliny.eu\/wp-content\/uploads\/2023\/12\/image-70.jpeg\" \/>\n<meta name=\"twitter:card\" content=\"summary_large_image\" \/>\n<meta name=\"twitter:label1\" content=\"Predpokladan\u00fd \u010das \u010d\u00edtania\" \/>\n\t<meta name=\"twitter:data1\" content=\"2 min\u00faty\" \/>\n<script type=\"application\/ld+json\" class=\"yoast-schema-graph\">{\"@context\":\"https:\/\/schema.org\",\"@graph\":[{\"@type\":\"WebPage\",\"@id\":\"https:\/\/www.liecivebyliny.eu\/?page_id=644&lang=en\",\"url\":\"https:\/\/www.liecivebyliny.eu\/?page_id=644&lang=en\",\"name\":\"Hyssopus&nbsp;officinalis&nbsp;L. - liecivebyliny.eu\",\"isPartOf\":{\"@id\":\"https:\/\/www.liecivebyliny.eu\/#website\"},\"datePublished\":\"2023-12-21T21:00:01+00:00\",\"dateModified\":\"2023-12-29T19:12:31+00:00\",\"breadcrumb\":{\"@id\":\"https:\/\/www.liecivebyliny.eu\/?page_id=644&lang=en#breadcrumb\"},\"inLanguage\":\"sk-SK\",\"potentialAction\":[{\"@type\":\"ReadAction\",\"target\":[\"https:\/\/www.liecivebyliny.eu\/?page_id=644&lang=en\"]}]},{\"@type\":\"BreadcrumbList\",\"@id\":\"https:\/\/www.liecivebyliny.eu\/?page_id=644&lang=en#breadcrumb\",\"itemListElement\":[{\"@type\":\"ListItem\",\"position\":1,\"name\":\"Home\",\"item\":\"https:\/\/www.liecivebyliny.eu\/\"},{\"@type\":\"ListItem\",\"position\":2,\"name\":\"Hyssopus&nbsp;officinalis&nbsp;L.\"}]},{\"@type\":\"WebSite\",\"@id\":\"https:\/\/www.liecivebyliny.eu\/#website\",\"url\":\"https:\/\/www.liecivebyliny.eu\/\",\"name\":\"liecivebyliny.eu\",\"description\":\"\",\"potentialAction\":[{\"@type\":\"SearchAction\",\"target\":{\"@type\":\"EntryPoint\",\"urlTemplate\":\"https:\/\/www.liecivebyliny.eu\/?s={search_term_string}\"},\"query-input\":\"required name=search_term_string\"}],\"inLanguage\":\"sk-SK\"}]}<\/script>\n<!-- \/ Yoast SEO plugin. -->","yoast_head_json":{"title":"Hyssopus&nbsp;officinalis&nbsp;L. - liecivebyliny.eu","robots":{"index":"index","follow":"follow","max-snippet":"max-snippet:-1","max-image-preview":"max-image-preview:large","max-video-preview":"max-video-preview:-1"},"canonical":"https:\/\/www.liecivebyliny.eu\/?page_id=644&lang=en","og_locale":"sk_SK","og_type":"article","og_title":"Hyssopus&nbsp;officinalis&nbsp;L. - liecivebyliny.eu","og_description":"English name:\u00a0Hyssop Family:&nbsp;Lamiaceae Botanical characteristic:\u00a0Perennial plant, semi-shrub, 20-60 cm high. The stem is straight, angular. The leaves are sessile, linear-lanceolate, entire-margined. Flowers of blue, purple, pink color are arranged in branches and form a whole. The fruit is hard. Microscopic drawing: Distribution:&nbsp;It originates from the Mediterranean Sea. In our latitudes, it is grown in gardens. [&hellip;]","og_url":"https:\/\/www.liecivebyliny.eu\/?page_id=644&lang=en","og_site_name":"liecivebyliny.eu","article_modified_time":"2023-12-29T19:12:31+00:00","og_image":[{"url":"https:\/\/www.liecivebyliny.eu\/wp-content\/uploads\/2023\/12\/image-70.jpeg"}],"twitter_card":"summary_large_image","twitter_misc":{"Predpokladan\u00fd \u010das \u010d\u00edtania":"2 min\u00faty"},"schema":{"@context":"https:\/\/schema.org","@graph":[{"@type":"WebPage","@id":"https:\/\/www.liecivebyliny.eu\/?page_id=644&lang=en","url":"https:\/\/www.liecivebyliny.eu\/?page_id=644&lang=en","name":"Hyssopus&nbsp;officinalis&nbsp;L. - liecivebyliny.eu","isPartOf":{"@id":"https:\/\/www.liecivebyliny.eu\/#website"},"datePublished":"2023-12-21T21:00:01+00:00","dateModified":"2023-12-29T19:12:31+00:00","breadcrumb":{"@id":"https:\/\/www.liecivebyliny.eu\/?page_id=644&lang=en#breadcrumb"},"inLanguage":"sk-SK","potentialAction":[{"@type":"ReadAction","target":["https:\/\/www.liecivebyliny.eu\/?page_id=644&lang=en"]}]},{"@type":"BreadcrumbList","@id":"https:\/\/www.liecivebyliny.eu\/?page_id=644&lang=en#breadcrumb","itemListElement":[{"@type":"ListItem","position":1,"name":"Home","item":"https:\/\/www.liecivebyliny.eu\/"},{"@type":"ListItem","position":2,"name":"Hyssopus&nbsp;officinalis&nbsp;L."}]},{"@type":"WebSite","@id":"https:\/\/www.liecivebyliny.eu\/#website","url":"https:\/\/www.liecivebyliny.eu\/","name":"liecivebyliny.eu","description":"","potentialAction":[{"@type":"SearchAction","target":{"@type":"EntryPoint","urlTemplate":"https:\/\/www.liecivebyliny.eu\/?s={search_term_string}"},"query-input":"required name=search_term_string"}],"inLanguage":"sk-SK"}]}},"_links":{"self":[{"href":"https:\/\/www.liecivebyliny.eu\/index.php?rest_route=\/wp\/v2\/pages\/644"}],"collection":[{"href":"https:\/\/www.liecivebyliny.eu\/index.php?rest_route=\/wp\/v2\/pages"}],"about":[{"href":"https:\/\/www.liecivebyliny.eu\/index.php?rest_route=\/wp\/v2\/types\/page"}],"author":[{"embeddable":true,"href":"https:\/\/www.liecivebyliny.eu\/index.php?rest_route=\/wp\/v2\/users\/1"}],"replies":[{"embeddable":true,"href":"https:\/\/www.liecivebyliny.eu\/index.php?rest_route=%2Fwp%2Fv2%2Fcomments&post=644"}],"version-history":[{"count":1,"href":"https:\/\/www.liecivebyliny.eu\/index.php?rest_route=\/wp\/v2\/pages\/644\/revisions"}],"predecessor-version":[{"id":647,"href":"https:\/\/www.liecivebyliny.eu\/index.php?rest_route=\/wp\/v2\/pages\/644\/revisions\/647"}],"wp:attachment":[{"href":"https:\/\/www.liecivebyliny.eu\/index.php?rest_route=%2Fwp%2Fv2%2Fmedia&parent=644"}],"curies":[{"name":"wp","href":"https:\/\/api.w.org\/{rel}","templated":true}]}}