{"id":658,"date":"2023-12-21T22:11:09","date_gmt":"2023-12-21T21:11:09","guid":{"rendered":"https:\/\/www.liecivebyliny.eu\/?page_id=658"},"modified":"2024-01-02T14:55:11","modified_gmt":"2024-01-02T13:55:11","slug":"lamium-album-l-2","status":"publish","type":"page","link":"https:\/\/www.liecivebyliny.eu\/?page_id=658&lang=en","title":{"rendered":"<em>Lamium album<\/em>&nbsp;L."},"content":{"rendered":"<div class=\"wp-block-image\">\n<figure class=\"aligncenter size-full\"><img decoding=\"async\" loading=\"lazy\" width=\"244\" height=\"342\" src=\"https:\/\/www.liecivebyliny.eu\/wp-content\/uploads\/2023\/12\/image-73.jpeg\" alt=\"\" class=\"wp-image-659\" srcset=\"https:\/\/www.liecivebyliny.eu\/wp-content\/uploads\/2023\/12\/image-73.jpeg 244w, https:\/\/www.liecivebyliny.eu\/wp-content\/uploads\/2023\/12\/image-73-214x300.jpeg 214w\" sizes=\"(max-width: 244px) 100vw, 244px\" \/><figcaption class=\"wp-element-caption\">White dead nettle<\/figcaption><\/figure><\/div>\n\n\n<p><strong>English name:<\/strong>&nbsp;White dead nettle<\/p>\n\n\n\n<p><strong>Family:<\/strong>&nbsp;<em>Lamiaceae&nbsp;<\/em><\/p>\n\n\n\n<p><strong>Botanical characteristic:<\/strong>&nbsp;Annual herb, 20 \u2013 40 cm tall, has&nbsp;<br>a square stem. The leaves are ovate with a pointed top, opposite, with a serrated edge. White flowers grow in the axils of the leaves, which form double-lipped crowns. The fruit is four hard fruits.<\/p>\n\n\n\n<p><strong>Microscopic drawing:<\/strong><\/p>\n\n\n<div class=\"wp-block-image\">\n<figure class=\"aligncenter size-full\"><img decoding=\"async\" loading=\"lazy\" width=\"346\" height=\"378\" src=\"https:\/\/www.liecivebyliny.eu\/wp-content\/uploads\/2023\/12\/image-80.png\" alt=\"\" class=\"wp-image-660\" srcset=\"https:\/\/www.liecivebyliny.eu\/wp-content\/uploads\/2023\/12\/image-80.png 346w, https:\/\/www.liecivebyliny.eu\/wp-content\/uploads\/2023\/12\/image-80-275x300.png 275w\" sizes=\"(max-width: 346px) 100vw, 346px\" \/><figcaption class=\"wp-element-caption\"><em>The drawing shows a part (one rib) of a cross-section of a square stem of a white gorse. On the surface of the stem is the epidermis (a). Beneath the epidermis in the ribs is a layer of collenchyma (b), which is attributed a strengthening function. Collateral vascular bundles are also located in the ribs (c). Since the stem of lamiacaeae plants is hollow, we observe a cavity (d) in the center of the specimen.<\/em><\/figcaption><\/figure><\/div>\n\n<div class=\"wp-block-image\">\n<figure class=\"aligncenter size-full is-resized\"><img decoding=\"async\" loading=\"lazy\" src=\"https:\/\/www.liecivebyliny.eu\/wp-content\/uploads\/2024\/01\/image-1.jpg\" alt=\"\" class=\"wp-image-1017\" width=\"460\" height=\"459\" srcset=\"https:\/\/www.liecivebyliny.eu\/wp-content\/uploads\/2024\/01\/image-1.jpg 769w, https:\/\/www.liecivebyliny.eu\/wp-content\/uploads\/2024\/01\/image-1-300x300.jpg 300w, https:\/\/www.liecivebyliny.eu\/wp-content\/uploads\/2024\/01\/image-1-150x150.jpg 150w\" sizes=\"(max-width: 460px) 100vw, 460px\" \/><figcaption class=\"wp-element-caption\">Cross-section of a dead nettle stem (magnified 40x)<\/figcaption><\/figure><\/div>\n\n\n<p><strong>Distribution:<\/strong>&nbsp;It grows by the roads, on the edges of forests, gardens.<\/p>\n\n\n\n<p><strong>Drug:<\/strong>&nbsp;<em>Lamii albi flos, Lamii albi herba<\/em><\/p>\n\n\n\n<p><strong>Harvesting method:<\/strong>&nbsp;Flowers and stalk with flowers are collected from May to September. White crown scales are removed by hand in dry weather. The stalk with flowers is harvested with gardening shears, without the presence of lower woody parts.<\/p>\n\n\n\n<p><strong>Drying:<\/strong>&nbsp;Flowers and stalk are dried naturally in thin layers in an airy place, in the shade. Artificially in a drying room, where the temperature must not exceed 40 \u00b0C.<\/p>\n\n\n\n<p><strong>Active substances:<\/strong>&nbsp;White dead nettle contains iridoid bitter-tasting substances such as lamalbid. Flavonoids are represented by rutoside and tiliroside. In the drug we find slime, a smaller amount of tannins and traces of essential oils. The phenolic compounds include rosmarinic acid, which is biogenetically synthesized by all representatives of the lamiaceae plant family.<\/p>\n\n\n\n<p><strong>Uses:<\/strong>&nbsp;White dead nettle and preparations from it are rather used in folk medicine, where it is understood as the so-called female plant. It is used for irregular menstrual cycles and infections of the female genital organs. However, these effects have not yet been sufficiently scientifically supported. Due to the content of mucilage, tannins and anti-inflammatory substances, the drug can rarely be used for stomach and intestinal irritation.<\/p>\n\n\n\n<p><strong>Selected herbal preparations:<\/strong>&nbsp;AGROKARPATY WHITE DEAD NETTLE herbal tea 1&#215;30 g, LEROS RESPIRATORY TRACT infusion bags 20&#215;1.5 g, FYTO GYNASTAN Herbal WOMEN&#8217;S TEA 20&#215;1 g, LEROS PEACEFUL MENSTRUATION infusion bags 20&#215;1.5 g, J.V. DROPS &#8211; FEMI for ovarian activity 50 ml.<\/p>\n","protected":false},"excerpt":{"rendered":"<p>English name:&nbsp;White dead nettle Family:&nbsp;Lamiaceae&nbsp; Botanical characteristic:&nbsp;Annual herb, 20 \u2013 40 cm tall, has&nbsp;a square stem. The leaves are ovate with a pointed top, opposite, with a serrated edge. White flowers grow in the axils of the leaves, which form double-lipped crowns. The fruit is four hard fruits. Microscopic drawing: Distribution:&nbsp;It grows by the roads, [&hellip;]<\/p>\n","protected":false},"author":1,"featured_media":0,"parent":0,"menu_order":0,"comment_status":"closed","ping_status":"closed","template":"","meta":{"_mi_skip_tracking":false},"yoast_head":"<!-- This site is optimized with the Yoast SEO plugin v20.4 - https:\/\/yoast.com\/wordpress\/plugins\/seo\/ -->\n<title>Lamium album&nbsp;L. - liecivebyliny.eu<\/title>\n<meta name=\"robots\" content=\"index, follow, max-snippet:-1, max-image-preview:large, max-video-preview:-1\" \/>\n<link rel=\"canonical\" href=\"https:\/\/www.liecivebyliny.eu\/?page_id=658&lang=en\" \/>\n<meta property=\"og:locale\" content=\"sk_SK\" \/>\n<meta property=\"og:type\" content=\"article\" \/>\n<meta property=\"og:title\" content=\"Lamium album&nbsp;L. - liecivebyliny.eu\" \/>\n<meta property=\"og:description\" content=\"English name:&nbsp;White dead nettle Family:&nbsp;Lamiaceae&nbsp; Botanical characteristic:&nbsp;Annual herb, 20 \u2013 40 cm tall, has&nbsp;a square stem. The leaves are ovate with a pointed top, opposite, with a serrated edge. White flowers grow in the axils of the leaves, which form double-lipped crowns. The fruit is four hard fruits. Microscopic drawing: Distribution:&nbsp;It grows by the roads, [&hellip;]\" \/>\n<meta property=\"og:url\" content=\"https:\/\/www.liecivebyliny.eu\/?page_id=658&amp;lang=en\" \/>\n<meta property=\"og:site_name\" content=\"liecivebyliny.eu\" \/>\n<meta property=\"article:modified_time\" content=\"2024-01-02T13:55:11+00:00\" \/>\n<meta property=\"og:image\" content=\"https:\/\/www.liecivebyliny.eu\/wp-content\/uploads\/2023\/12\/image-73.jpeg\" \/>\n<meta name=\"twitter:card\" content=\"summary_large_image\" \/>\n<meta name=\"twitter:label1\" content=\"Predpokladan\u00fd \u010das \u010d\u00edtania\" \/>\n\t<meta name=\"twitter:data1\" content=\"3 min\u00faty\" \/>\n<script type=\"application\/ld+json\" class=\"yoast-schema-graph\">{\"@context\":\"https:\/\/schema.org\",\"@graph\":[{\"@type\":\"WebPage\",\"@id\":\"https:\/\/www.liecivebyliny.eu\/?page_id=658&lang=en\",\"url\":\"https:\/\/www.liecivebyliny.eu\/?page_id=658&lang=en\",\"name\":\"Lamium album&nbsp;L. - liecivebyliny.eu\",\"isPartOf\":{\"@id\":\"https:\/\/www.liecivebyliny.eu\/#website\"},\"datePublished\":\"2023-12-21T21:11:09+00:00\",\"dateModified\":\"2024-01-02T13:55:11+00:00\",\"breadcrumb\":{\"@id\":\"https:\/\/www.liecivebyliny.eu\/?page_id=658&lang=en#breadcrumb\"},\"inLanguage\":\"sk-SK\",\"potentialAction\":[{\"@type\":\"ReadAction\",\"target\":[\"https:\/\/www.liecivebyliny.eu\/?page_id=658&lang=en\"]}]},{\"@type\":\"BreadcrumbList\",\"@id\":\"https:\/\/www.liecivebyliny.eu\/?page_id=658&lang=en#breadcrumb\",\"itemListElement\":[{\"@type\":\"ListItem\",\"position\":1,\"name\":\"Home\",\"item\":\"https:\/\/www.liecivebyliny.eu\/\"},{\"@type\":\"ListItem\",\"position\":2,\"name\":\"Lamium album&nbsp;L.\"}]},{\"@type\":\"WebSite\",\"@id\":\"https:\/\/www.liecivebyliny.eu\/#website\",\"url\":\"https:\/\/www.liecivebyliny.eu\/\",\"name\":\"liecivebyliny.eu\",\"description\":\"\",\"potentialAction\":[{\"@type\":\"SearchAction\",\"target\":{\"@type\":\"EntryPoint\",\"urlTemplate\":\"https:\/\/www.liecivebyliny.eu\/?s={search_term_string}\"},\"query-input\":\"required name=search_term_string\"}],\"inLanguage\":\"sk-SK\"}]}<\/script>\n<!-- \/ Yoast SEO plugin. -->","yoast_head_json":{"title":"Lamium album&nbsp;L. - liecivebyliny.eu","robots":{"index":"index","follow":"follow","max-snippet":"max-snippet:-1","max-image-preview":"max-image-preview:large","max-video-preview":"max-video-preview:-1"},"canonical":"https:\/\/www.liecivebyliny.eu\/?page_id=658&lang=en","og_locale":"sk_SK","og_type":"article","og_title":"Lamium album&nbsp;L. - liecivebyliny.eu","og_description":"English name:&nbsp;White dead nettle Family:&nbsp;Lamiaceae&nbsp; Botanical characteristic:&nbsp;Annual herb, 20 \u2013 40 cm tall, has&nbsp;a square stem. The leaves are ovate with a pointed top, opposite, with a serrated edge. White flowers grow in the axils of the leaves, which form double-lipped crowns. The fruit is four hard fruits. Microscopic drawing: Distribution:&nbsp;It grows by the roads, [&hellip;]","og_url":"https:\/\/www.liecivebyliny.eu\/?page_id=658&lang=en","og_site_name":"liecivebyliny.eu","article_modified_time":"2024-01-02T13:55:11+00:00","og_image":[{"url":"https:\/\/www.liecivebyliny.eu\/wp-content\/uploads\/2023\/12\/image-73.jpeg"}],"twitter_card":"summary_large_image","twitter_misc":{"Predpokladan\u00fd \u010das \u010d\u00edtania":"3 min\u00faty"},"schema":{"@context":"https:\/\/schema.org","@graph":[{"@type":"WebPage","@id":"https:\/\/www.liecivebyliny.eu\/?page_id=658&lang=en","url":"https:\/\/www.liecivebyliny.eu\/?page_id=658&lang=en","name":"Lamium album&nbsp;L. - liecivebyliny.eu","isPartOf":{"@id":"https:\/\/www.liecivebyliny.eu\/#website"},"datePublished":"2023-12-21T21:11:09+00:00","dateModified":"2024-01-02T13:55:11+00:00","breadcrumb":{"@id":"https:\/\/www.liecivebyliny.eu\/?page_id=658&lang=en#breadcrumb"},"inLanguage":"sk-SK","potentialAction":[{"@type":"ReadAction","target":["https:\/\/www.liecivebyliny.eu\/?page_id=658&lang=en"]}]},{"@type":"BreadcrumbList","@id":"https:\/\/www.liecivebyliny.eu\/?page_id=658&lang=en#breadcrumb","itemListElement":[{"@type":"ListItem","position":1,"name":"Home","item":"https:\/\/www.liecivebyliny.eu\/"},{"@type":"ListItem","position":2,"name":"Lamium album&nbsp;L."}]},{"@type":"WebSite","@id":"https:\/\/www.liecivebyliny.eu\/#website","url":"https:\/\/www.liecivebyliny.eu\/","name":"liecivebyliny.eu","description":"","potentialAction":[{"@type":"SearchAction","target":{"@type":"EntryPoint","urlTemplate":"https:\/\/www.liecivebyliny.eu\/?s={search_term_string}"},"query-input":"required name=search_term_string"}],"inLanguage":"sk-SK"}]}},"_links":{"self":[{"href":"https:\/\/www.liecivebyliny.eu\/index.php?rest_route=\/wp\/v2\/pages\/658"}],"collection":[{"href":"https:\/\/www.liecivebyliny.eu\/index.php?rest_route=\/wp\/v2\/pages"}],"about":[{"href":"https:\/\/www.liecivebyliny.eu\/index.php?rest_route=\/wp\/v2\/types\/page"}],"author":[{"embeddable":true,"href":"https:\/\/www.liecivebyliny.eu\/index.php?rest_route=\/wp\/v2\/users\/1"}],"replies":[{"embeddable":true,"href":"https:\/\/www.liecivebyliny.eu\/index.php?rest_route=%2Fwp%2Fv2%2Fcomments&post=658"}],"version-history":[{"count":2,"href":"https:\/\/www.liecivebyliny.eu\/index.php?rest_route=\/wp\/v2\/pages\/658\/revisions"}],"predecessor-version":[{"id":1019,"href":"https:\/\/www.liecivebyliny.eu\/index.php?rest_route=\/wp\/v2\/pages\/658\/revisions\/1019"}],"wp:attachment":[{"href":"https:\/\/www.liecivebyliny.eu\/index.php?rest_route=%2Fwp%2Fv2%2Fmedia&parent=658"}],"curies":[{"name":"wp","href":"https:\/\/api.w.org\/{rel}","templated":true}]}}