{"id":682,"date":"2023-12-23T18:15:36","date_gmt":"2023-12-23T17:15:36","guid":{"rendered":"https:\/\/www.liecivebyliny.eu\/?page_id=682"},"modified":"2023-12-29T20:33:08","modified_gmt":"2023-12-29T19:33:08","slug":"melissa-officinalis-l-2","status":"publish","type":"page","link":"https:\/\/www.liecivebyliny.eu\/?page_id=682&lang=en","title":{"rendered":"<strong><em>Melissa officinalis<\/em><\/strong><strong>&nbsp;L<\/strong>."},"content":{"rendered":"<div class=\"wp-block-image\">\n<figure class=\"aligncenter size-full\"><img decoding=\"async\" loading=\"lazy\" width=\"228\" height=\"340\" src=\"https:\/\/www.liecivebyliny.eu\/wp-content\/uploads\/2023\/12\/image-77.jpeg\" alt=\"\" class=\"wp-image-683\" srcset=\"https:\/\/www.liecivebyliny.eu\/wp-content\/uploads\/2023\/12\/image-77.jpeg 228w, https:\/\/www.liecivebyliny.eu\/wp-content\/uploads\/2023\/12\/image-77-201x300.jpeg 201w\" sizes=\"(max-width: 228px) 100vw, 228px\" \/><figcaption class=\"wp-element-caption\">Lemon Balm<\/figcaption><\/figure><\/div>\n\n\n<p><strong>English name:<\/strong>\u00a0Lemon Balm<\/p>\n\n\n\n<p><strong>Family:<\/strong>&nbsp;<em>Lamiaceae&nbsp;<\/em><\/p>\n\n\n\n<p><strong>Botanical characteristic:<\/strong>&nbsp;The perennial herb with a spreading quadrangular stem, reaching up to 1 m in height. The leaves are ovate, oppositely arranged, serrate at the edges, and emit a characteristic lemon scent. The leaf blade is deeply green on the upper side and lighter on the underside. White flowers emerge in the leaf axils, arranged in whorls. The fruit is a&nbsp;small dry multi-seeded divisible fruit (lat.&nbsp;<em>carcerulus<\/em>). The plant is covered with glandular trichomes.&nbsp;<\/p>\n\n\n\n<p><strong>Microscopic drawing:<\/strong><\/p>\n\n\n<div class=\"wp-block-image\">\n<figure class=\"aligncenter size-full\"><img decoding=\"async\" loading=\"lazy\" width=\"356\" height=\"362\" src=\"https:\/\/www.liecivebyliny.eu\/wp-content\/uploads\/2023\/12\/image-84.png\" alt=\"\" class=\"wp-image-684\" srcset=\"https:\/\/www.liecivebyliny.eu\/wp-content\/uploads\/2023\/12\/image-84.png 356w, https:\/\/www.liecivebyliny.eu\/wp-content\/uploads\/2023\/12\/image-84-295x300.png 295w\" sizes=\"(max-width: 356px) 100vw, 356px\" \/><figcaption class=\"wp-element-caption\"><em>The picture illustrates a cross-section of a leaf of lemon balm. The leaf surface consists of the epidermis (a), covered with glandular (b) and covering (c) trichomes. The lower epidermis also contains glandular structures (d). Beneath the epidermis is the layer of palisade parenchyma (e), followed by spongy parenchyma (f). In the leaves, collateral vascular bundles (g) are present, reinforced by collenchyma (h).<\/em><\/figcaption><\/figure><\/div>\n\n\n<p><\/p>\n\n\n\n<p><strong>Distribution:<\/strong>&nbsp;It originally comes from the Mediterranean region. In Slovakia, it is grown in gardens and agricultural areas.<\/p>\n\n\n\n<p><strong>Drug:<\/strong>&nbsp;<em>Melissae folium, M. herba<\/em><\/p>\n\n\n\n<p><strong>Harvesting method:<\/strong>&nbsp;The leaves of lemon balm are harvested just before flowering using gardening scissors. Damaged leaves are sorted out.<\/p>\n\n\n\n<p><strong>Drying:<\/strong>&nbsp;The leaves of lemon balm are dried naturally in a thin layer, in a dark and well-ventilated room. The stems can be tied into bundles and hung against gravity. Alternatively, artificial drying of leaves and stems can be done in a dryer, where the temperature should not exceed 35\u00b0C.<\/p>\n\n\n\n<p><strong>Active substances:<\/strong>&nbsp;Lemon balm contains essential oil, which is the carrier of its characteristic lemon scent. The essential oil is composed of substances such as citral, citronellal, citronellol, geraniol, linalool, caryophyllene, and germacrene. The plant also contains tannins, flavonoids, and organic acids, with a dominance of rosmarinic acid.<\/p>\n\n\n\n<p><strong>Uses:<\/strong>&nbsp;The drug demonstrably possesses calming effects, which are its most common indications. Lemon balm can be applied in cases of nervous stomach, intestinal, and heart discomfort of nervous origin. It is also used for its spasmolytic effects and aids in relieving flatulence.<\/p>\n\n\n\n<p><strong>Traditional method of use in indications determined solely on the basis of long-term use:<\/strong><\/p>\n\n\n\n<p>&#8211; alleviation of symptoms of psychological stress, exhaustion and sleep support,<\/p>\n\n\n\n<p>&#8211; symptomatic treatment of mild complaints of the gastrointestinal tract, including flatulence and bloating.<\/p>\n\n\n\n<p><strong>Selected herbal preparations:<\/strong>&nbsp;AGROKARPATY Organic Lemon Balm Herbal Tea 20&#215;2 g, APOTHEKE Organic Children&#8217;s Herbal Tea for Good Digestion infusion bags 20&#215;1.5 g, Barny&#8217;s HypnoX Complex MELATONIN capsules 30 pcs, Bloom Robbins STRESS no more chewing gum 60 pcs, GRE\u0160\u00cdK HERBAL DROPS FOR SLEEP 50 ml.<\/p>\n","protected":false},"excerpt":{"rendered":"<p>English name:\u00a0Lemon Balm Family:&nbsp;Lamiaceae&nbsp; Botanical characteristic:&nbsp;The perennial herb with a spreading quadrangular stem, reaching up to 1 m in height. The leaves are ovate, oppositely arranged, serrate at the edges, and emit a characteristic lemon scent. The leaf blade is deeply green on the upper side and lighter on the underside. White flowers emerge in [&hellip;]<\/p>\n","protected":false},"author":1,"featured_media":0,"parent":0,"menu_order":0,"comment_status":"closed","ping_status":"closed","template":"","meta":{"_mi_skip_tracking":false},"yoast_head":"<!-- This site is optimized with the Yoast SEO plugin v20.4 - https:\/\/yoast.com\/wordpress\/plugins\/seo\/ -->\n<title>Melissa officinalis&nbsp;L. - liecivebyliny.eu<\/title>\n<meta name=\"robots\" content=\"index, follow, max-snippet:-1, max-image-preview:large, max-video-preview:-1\" \/>\n<link rel=\"canonical\" href=\"https:\/\/www.liecivebyliny.eu\/?page_id=682&lang=en\" \/>\n<meta property=\"og:locale\" content=\"sk_SK\" \/>\n<meta property=\"og:type\" content=\"article\" \/>\n<meta property=\"og:title\" content=\"Melissa officinalis&nbsp;L. - liecivebyliny.eu\" \/>\n<meta property=\"og:description\" content=\"English name:\u00a0Lemon Balm Family:&nbsp;Lamiaceae&nbsp; Botanical characteristic:&nbsp;The perennial herb with a spreading quadrangular stem, reaching up to 1 m in height. The leaves are ovate, oppositely arranged, serrate at the edges, and emit a characteristic lemon scent. The leaf blade is deeply green on the upper side and lighter on the underside. White flowers emerge in [&hellip;]\" \/>\n<meta property=\"og:url\" content=\"https:\/\/www.liecivebyliny.eu\/?page_id=682&amp;lang=en\" \/>\n<meta property=\"og:site_name\" content=\"liecivebyliny.eu\" \/>\n<meta property=\"article:modified_time\" content=\"2023-12-29T19:33:08+00:00\" \/>\n<meta property=\"og:image\" content=\"https:\/\/www.liecivebyliny.eu\/wp-content\/uploads\/2023\/12\/image-77.jpeg\" \/>\n<meta name=\"twitter:card\" content=\"summary_large_image\" \/>\n<meta name=\"twitter:label1\" content=\"Predpokladan\u00fd \u010das \u010d\u00edtania\" \/>\n\t<meta name=\"twitter:data1\" content=\"3 min\u00faty\" \/>\n<script type=\"application\/ld+json\" class=\"yoast-schema-graph\">{\"@context\":\"https:\/\/schema.org\",\"@graph\":[{\"@type\":\"WebPage\",\"@id\":\"https:\/\/www.liecivebyliny.eu\/?page_id=682&lang=en\",\"url\":\"https:\/\/www.liecivebyliny.eu\/?page_id=682&lang=en\",\"name\":\"Melissa officinalis&nbsp;L. - liecivebyliny.eu\",\"isPartOf\":{\"@id\":\"https:\/\/www.liecivebyliny.eu\/#website\"},\"datePublished\":\"2023-12-23T17:15:36+00:00\",\"dateModified\":\"2023-12-29T19:33:08+00:00\",\"breadcrumb\":{\"@id\":\"https:\/\/www.liecivebyliny.eu\/?page_id=682&lang=en#breadcrumb\"},\"inLanguage\":\"sk-SK\",\"potentialAction\":[{\"@type\":\"ReadAction\",\"target\":[\"https:\/\/www.liecivebyliny.eu\/?page_id=682&lang=en\"]}]},{\"@type\":\"BreadcrumbList\",\"@id\":\"https:\/\/www.liecivebyliny.eu\/?page_id=682&lang=en#breadcrumb\",\"itemListElement\":[{\"@type\":\"ListItem\",\"position\":1,\"name\":\"Home\",\"item\":\"https:\/\/www.liecivebyliny.eu\/\"},{\"@type\":\"ListItem\",\"position\":2,\"name\":\"Melissa officinalis&nbsp;L.\"}]},{\"@type\":\"WebSite\",\"@id\":\"https:\/\/www.liecivebyliny.eu\/#website\",\"url\":\"https:\/\/www.liecivebyliny.eu\/\",\"name\":\"liecivebyliny.eu\",\"description\":\"\",\"potentialAction\":[{\"@type\":\"SearchAction\",\"target\":{\"@type\":\"EntryPoint\",\"urlTemplate\":\"https:\/\/www.liecivebyliny.eu\/?s={search_term_string}\"},\"query-input\":\"required name=search_term_string\"}],\"inLanguage\":\"sk-SK\"}]}<\/script>\n<!-- \/ Yoast SEO plugin. -->","yoast_head_json":{"title":"Melissa officinalis&nbsp;L. - liecivebyliny.eu","robots":{"index":"index","follow":"follow","max-snippet":"max-snippet:-1","max-image-preview":"max-image-preview:large","max-video-preview":"max-video-preview:-1"},"canonical":"https:\/\/www.liecivebyliny.eu\/?page_id=682&lang=en","og_locale":"sk_SK","og_type":"article","og_title":"Melissa officinalis&nbsp;L. - liecivebyliny.eu","og_description":"English name:\u00a0Lemon Balm Family:&nbsp;Lamiaceae&nbsp; Botanical characteristic:&nbsp;The perennial herb with a spreading quadrangular stem, reaching up to 1 m in height. The leaves are ovate, oppositely arranged, serrate at the edges, and emit a characteristic lemon scent. The leaf blade is deeply green on the upper side and lighter on the underside. White flowers emerge in [&hellip;]","og_url":"https:\/\/www.liecivebyliny.eu\/?page_id=682&lang=en","og_site_name":"liecivebyliny.eu","article_modified_time":"2023-12-29T19:33:08+00:00","og_image":[{"url":"https:\/\/www.liecivebyliny.eu\/wp-content\/uploads\/2023\/12\/image-77.jpeg"}],"twitter_card":"summary_large_image","twitter_misc":{"Predpokladan\u00fd \u010das \u010d\u00edtania":"3 min\u00faty"},"schema":{"@context":"https:\/\/schema.org","@graph":[{"@type":"WebPage","@id":"https:\/\/www.liecivebyliny.eu\/?page_id=682&lang=en","url":"https:\/\/www.liecivebyliny.eu\/?page_id=682&lang=en","name":"Melissa officinalis&nbsp;L. - liecivebyliny.eu","isPartOf":{"@id":"https:\/\/www.liecivebyliny.eu\/#website"},"datePublished":"2023-12-23T17:15:36+00:00","dateModified":"2023-12-29T19:33:08+00:00","breadcrumb":{"@id":"https:\/\/www.liecivebyliny.eu\/?page_id=682&lang=en#breadcrumb"},"inLanguage":"sk-SK","potentialAction":[{"@type":"ReadAction","target":["https:\/\/www.liecivebyliny.eu\/?page_id=682&lang=en"]}]},{"@type":"BreadcrumbList","@id":"https:\/\/www.liecivebyliny.eu\/?page_id=682&lang=en#breadcrumb","itemListElement":[{"@type":"ListItem","position":1,"name":"Home","item":"https:\/\/www.liecivebyliny.eu\/"},{"@type":"ListItem","position":2,"name":"Melissa officinalis&nbsp;L."}]},{"@type":"WebSite","@id":"https:\/\/www.liecivebyliny.eu\/#website","url":"https:\/\/www.liecivebyliny.eu\/","name":"liecivebyliny.eu","description":"","potentialAction":[{"@type":"SearchAction","target":{"@type":"EntryPoint","urlTemplate":"https:\/\/www.liecivebyliny.eu\/?s={search_term_string}"},"query-input":"required name=search_term_string"}],"inLanguage":"sk-SK"}]}},"_links":{"self":[{"href":"https:\/\/www.liecivebyliny.eu\/index.php?rest_route=\/wp\/v2\/pages\/682"}],"collection":[{"href":"https:\/\/www.liecivebyliny.eu\/index.php?rest_route=\/wp\/v2\/pages"}],"about":[{"href":"https:\/\/www.liecivebyliny.eu\/index.php?rest_route=\/wp\/v2\/types\/page"}],"author":[{"embeddable":true,"href":"https:\/\/www.liecivebyliny.eu\/index.php?rest_route=\/wp\/v2\/users\/1"}],"replies":[{"embeddable":true,"href":"https:\/\/www.liecivebyliny.eu\/index.php?rest_route=%2Fwp%2Fv2%2Fcomments&post=682"}],"version-history":[{"count":1,"href":"https:\/\/www.liecivebyliny.eu\/index.php?rest_route=\/wp\/v2\/pages\/682\/revisions"}],"predecessor-version":[{"id":685,"href":"https:\/\/www.liecivebyliny.eu\/index.php?rest_route=\/wp\/v2\/pages\/682\/revisions\/685"}],"wp:attachment":[{"href":"https:\/\/www.liecivebyliny.eu\/index.php?rest_route=%2Fwp%2Fv2%2Fmedia&parent=682"}],"curies":[{"name":"wp","href":"https:\/\/api.w.org\/{rel}","templated":true}]}}