{"id":688,"date":"2023-12-23T18:18:56","date_gmt":"2023-12-23T17:18:56","guid":{"rendered":"https:\/\/www.liecivebyliny.eu\/?page_id=688"},"modified":"2023-12-29T20:35:22","modified_gmt":"2023-12-29T19:35:22","slug":"mentha-x-piperita-l-2","status":"publish","type":"page","link":"https:\/\/www.liecivebyliny.eu\/?page_id=688&lang=en","title":{"rendered":"<em>Mentha \u00d7 piperita<\/em>&nbsp;L.<a><\/a>"},"content":{"rendered":"<div class=\"wp-block-image\">\n<figure class=\"aligncenter size-full\"><img decoding=\"async\" loading=\"lazy\" width=\"256\" height=\"340\" src=\"https:\/\/www.liecivebyliny.eu\/wp-content\/uploads\/2023\/12\/image-78.jpeg\" alt=\"\" class=\"wp-image-689\" srcset=\"https:\/\/www.liecivebyliny.eu\/wp-content\/uploads\/2023\/12\/image-78.jpeg 256w, https:\/\/www.liecivebyliny.eu\/wp-content\/uploads\/2023\/12\/image-78-226x300.jpeg 226w\" sizes=\"(max-width: 256px) 100vw, 256px\" \/><figcaption class=\"wp-element-caption\">Peppermint<\/figcaption><\/figure><\/div>\n\n\n<p><strong>English name:<\/strong>\u00a0Peppermint<\/p>\n\n\n\n<p><strong>Family:<\/strong>&nbsp;<em>Lamiaceae&nbsp;<\/em><\/p>\n\n\n\n<p><strong>Botanical characteristic:<\/strong>&nbsp;A perennial herb with a long creeping habit. The stem is branched quadrangular, up to 1 m high. The leaves are lanceolate, opposite, saw-toothed at the edge. The reddish-purple flowers are arranged in pistillate clusters at the top of the stem. The fruit is a small, dry, deciduous fruit from a two-seeded pistil which breaks into 4 one-seeded parts. It is a cross between water mint and spearmint (<em>Mentha aquatica<\/em>&nbsp;L. \u00d7&nbsp;<em>Mentha spicata<\/em>&nbsp;L.).<\/p>\n\n\n\n<p><strong>Microscopic drawing:<\/strong><\/p>\n\n\n<div class=\"wp-block-image\">\n<figure class=\"aligncenter size-full\"><img decoding=\"async\" loading=\"lazy\" width=\"282\" height=\"272\" src=\"https:\/\/www.liecivebyliny.eu\/wp-content\/uploads\/2023\/12\/image-85.png\" alt=\"\" class=\"wp-image-690\"\/><figcaption class=\"wp-element-caption\"><em>Microscopy of the underside of a peppermint leaf shows the characteristic morphological features of plants of the deaf mint family. These features include covering (a) and glandular (b) trichomes, Lamiaceae-type glands (c) and stomata with two accompanying cells (d).<\/em><\/figcaption><\/figure><\/div>\n\n\n<p><\/p>\n\n\n\n<p><strong>Distribution:<\/strong>&nbsp;It originates from the Mediterranean Sea. In our regions, it is grown in gardens and agricultural areas.<\/p>\n\n\n\n<p><strong>Drug:<\/strong>&nbsp;<em>Menthae piperitae folium, Menthae piperitae herba<\/em><\/p>\n\n\n\n<p><strong>Harvesting method:<\/strong>&nbsp;Peppermint leaves are harvested just before flowering with secateurs. Damaged leaves are sorted out.<\/p>\n\n\n\n<p><strong>Drying:<\/strong>&nbsp;Peppermint leaves are dried naturally in a thin layer in a dark and ventilated room. The sprigs can be tied into bundles and hung against the direction of gravity. It is dried artificially in a drying room where the temperature must not exceed 35 \u00b0C.<\/p>\n\n\n\n<p><strong>Active substances:<\/strong>&nbsp;Peppermint is rich in essential oil, which consists of menthol, menthone, menthofuran, menthyl acetate, jasmone, pulegone and carvone. It also contains tannins, gentian and flavonoids.<\/p>\n\n\n\n<p><strong>Uses<\/strong>: The plant is characterized by its antispasmodic effects and its ability to stimulate the secretion of digestive juices and bile, thereby promoting digestion. Peppermint essential oil contains menthol, which induces a cooling sensation, reducing itching and sensitivity to pain.<\/p>\n\n\n\n<p><strong>Traditional method of use in indications determined solely on the basis of long-term use:<\/strong><\/p>\n\n\n\n<p>&#8211; symptomatic treatment of digestive disorders, dyspepsia and flatulence.<\/p>\n\n\n\n<p><strong>Selected herbal preparations:<\/strong>&nbsp;AGROKARPATY BIO Peppermint herbal tea 20&#215;2 g, AGROKARPATY Grandma&#8217;s pantry fruit tea with mint 20&#215;2 g, Dr.Max Purifying herbal tea blend 20&#215;1,5 g, Calendula Cynarofit drops 25 ml, GENERICA SymbioLac syrup 100 ml, Dr. FYTO EUGASTRIN for good digestion, cps 30 pcs, FYTO Folsalvin spray aer ora 30 ml.<\/p>\n","protected":false},"excerpt":{"rendered":"<p>English name:\u00a0Peppermint Family:&nbsp;Lamiaceae&nbsp; Botanical characteristic:&nbsp;A perennial herb with a long creeping habit. The stem is branched quadrangular, up to 1 m high. The leaves are lanceolate, opposite, saw-toothed at the edge. The reddish-purple flowers are arranged in pistillate clusters at the top of the stem. The fruit is a small, dry, deciduous fruit from a [&hellip;]<\/p>\n","protected":false},"author":1,"featured_media":0,"parent":0,"menu_order":0,"comment_status":"closed","ping_status":"closed","template":"","meta":{"_mi_skip_tracking":false},"yoast_head":"<!-- This site is optimized with the Yoast SEO plugin v20.4 - https:\/\/yoast.com\/wordpress\/plugins\/seo\/ -->\n<title>Mentha \u00d7 piperita&nbsp;L. - liecivebyliny.eu<\/title>\n<meta name=\"robots\" content=\"index, follow, max-snippet:-1, max-image-preview:large, max-video-preview:-1\" \/>\n<link rel=\"canonical\" href=\"https:\/\/www.liecivebyliny.eu\/?page_id=688&lang=en\" \/>\n<meta property=\"og:locale\" content=\"sk_SK\" \/>\n<meta property=\"og:type\" content=\"article\" \/>\n<meta property=\"og:title\" content=\"Mentha \u00d7 piperita&nbsp;L. - liecivebyliny.eu\" \/>\n<meta property=\"og:description\" content=\"English name:\u00a0Peppermint Family:&nbsp;Lamiaceae&nbsp; Botanical characteristic:&nbsp;A perennial herb with a long creeping habit. The stem is branched quadrangular, up to 1 m high. The leaves are lanceolate, opposite, saw-toothed at the edge. The reddish-purple flowers are arranged in pistillate clusters at the top of the stem. The fruit is a small, dry, deciduous fruit from a [&hellip;]\" \/>\n<meta property=\"og:url\" content=\"https:\/\/www.liecivebyliny.eu\/?page_id=688&amp;lang=en\" \/>\n<meta property=\"og:site_name\" content=\"liecivebyliny.eu\" \/>\n<meta property=\"article:modified_time\" content=\"2023-12-29T19:35:22+00:00\" \/>\n<meta property=\"og:image\" content=\"https:\/\/www.liecivebyliny.eu\/wp-content\/uploads\/2023\/12\/image-78.jpeg\" \/>\n<meta name=\"twitter:card\" content=\"summary_large_image\" \/>\n<meta name=\"twitter:label1\" content=\"Predpokladan\u00fd \u010das \u010d\u00edtania\" \/>\n\t<meta name=\"twitter:data1\" content=\"3 min\u00faty\" \/>\n<script type=\"application\/ld+json\" class=\"yoast-schema-graph\">{\"@context\":\"https:\/\/schema.org\",\"@graph\":[{\"@type\":\"WebPage\",\"@id\":\"https:\/\/www.liecivebyliny.eu\/?page_id=688&lang=en\",\"url\":\"https:\/\/www.liecivebyliny.eu\/?page_id=688&lang=en\",\"name\":\"Mentha \u00d7 piperita&nbsp;L. - liecivebyliny.eu\",\"isPartOf\":{\"@id\":\"https:\/\/www.liecivebyliny.eu\/#website\"},\"datePublished\":\"2023-12-23T17:18:56+00:00\",\"dateModified\":\"2023-12-29T19:35:22+00:00\",\"breadcrumb\":{\"@id\":\"https:\/\/www.liecivebyliny.eu\/?page_id=688&lang=en#breadcrumb\"},\"inLanguage\":\"sk-SK\",\"potentialAction\":[{\"@type\":\"ReadAction\",\"target\":[\"https:\/\/www.liecivebyliny.eu\/?page_id=688&lang=en\"]}]},{\"@type\":\"BreadcrumbList\",\"@id\":\"https:\/\/www.liecivebyliny.eu\/?page_id=688&lang=en#breadcrumb\",\"itemListElement\":[{\"@type\":\"ListItem\",\"position\":1,\"name\":\"Home\",\"item\":\"https:\/\/www.liecivebyliny.eu\/\"},{\"@type\":\"ListItem\",\"position\":2,\"name\":\"Mentha \u00d7 piperita&nbsp;L.\"}]},{\"@type\":\"WebSite\",\"@id\":\"https:\/\/www.liecivebyliny.eu\/#website\",\"url\":\"https:\/\/www.liecivebyliny.eu\/\",\"name\":\"liecivebyliny.eu\",\"description\":\"\",\"potentialAction\":[{\"@type\":\"SearchAction\",\"target\":{\"@type\":\"EntryPoint\",\"urlTemplate\":\"https:\/\/www.liecivebyliny.eu\/?s={search_term_string}\"},\"query-input\":\"required name=search_term_string\"}],\"inLanguage\":\"sk-SK\"}]}<\/script>\n<!-- \/ Yoast SEO plugin. -->","yoast_head_json":{"title":"Mentha \u00d7 piperita&nbsp;L. - liecivebyliny.eu","robots":{"index":"index","follow":"follow","max-snippet":"max-snippet:-1","max-image-preview":"max-image-preview:large","max-video-preview":"max-video-preview:-1"},"canonical":"https:\/\/www.liecivebyliny.eu\/?page_id=688&lang=en","og_locale":"sk_SK","og_type":"article","og_title":"Mentha \u00d7 piperita&nbsp;L. - liecivebyliny.eu","og_description":"English name:\u00a0Peppermint Family:&nbsp;Lamiaceae&nbsp; Botanical characteristic:&nbsp;A perennial herb with a long creeping habit. The stem is branched quadrangular, up to 1 m high. The leaves are lanceolate, opposite, saw-toothed at the edge. The reddish-purple flowers are arranged in pistillate clusters at the top of the stem. The fruit is a small, dry, deciduous fruit from a [&hellip;]","og_url":"https:\/\/www.liecivebyliny.eu\/?page_id=688&lang=en","og_site_name":"liecivebyliny.eu","article_modified_time":"2023-12-29T19:35:22+00:00","og_image":[{"url":"https:\/\/www.liecivebyliny.eu\/wp-content\/uploads\/2023\/12\/image-78.jpeg"}],"twitter_card":"summary_large_image","twitter_misc":{"Predpokladan\u00fd \u010das \u010d\u00edtania":"3 min\u00faty"},"schema":{"@context":"https:\/\/schema.org","@graph":[{"@type":"WebPage","@id":"https:\/\/www.liecivebyliny.eu\/?page_id=688&lang=en","url":"https:\/\/www.liecivebyliny.eu\/?page_id=688&lang=en","name":"Mentha \u00d7 piperita&nbsp;L. - liecivebyliny.eu","isPartOf":{"@id":"https:\/\/www.liecivebyliny.eu\/#website"},"datePublished":"2023-12-23T17:18:56+00:00","dateModified":"2023-12-29T19:35:22+00:00","breadcrumb":{"@id":"https:\/\/www.liecivebyliny.eu\/?page_id=688&lang=en#breadcrumb"},"inLanguage":"sk-SK","potentialAction":[{"@type":"ReadAction","target":["https:\/\/www.liecivebyliny.eu\/?page_id=688&lang=en"]}]},{"@type":"BreadcrumbList","@id":"https:\/\/www.liecivebyliny.eu\/?page_id=688&lang=en#breadcrumb","itemListElement":[{"@type":"ListItem","position":1,"name":"Home","item":"https:\/\/www.liecivebyliny.eu\/"},{"@type":"ListItem","position":2,"name":"Mentha \u00d7 piperita&nbsp;L."}]},{"@type":"WebSite","@id":"https:\/\/www.liecivebyliny.eu\/#website","url":"https:\/\/www.liecivebyliny.eu\/","name":"liecivebyliny.eu","description":"","potentialAction":[{"@type":"SearchAction","target":{"@type":"EntryPoint","urlTemplate":"https:\/\/www.liecivebyliny.eu\/?s={search_term_string}"},"query-input":"required name=search_term_string"}],"inLanguage":"sk-SK"}]}},"_links":{"self":[{"href":"https:\/\/www.liecivebyliny.eu\/index.php?rest_route=\/wp\/v2\/pages\/688"}],"collection":[{"href":"https:\/\/www.liecivebyliny.eu\/index.php?rest_route=\/wp\/v2\/pages"}],"about":[{"href":"https:\/\/www.liecivebyliny.eu\/index.php?rest_route=\/wp\/v2\/types\/page"}],"author":[{"embeddable":true,"href":"https:\/\/www.liecivebyliny.eu\/index.php?rest_route=\/wp\/v2\/users\/1"}],"replies":[{"embeddable":true,"href":"https:\/\/www.liecivebyliny.eu\/index.php?rest_route=%2Fwp%2Fv2%2Fcomments&post=688"}],"version-history":[{"count":1,"href":"https:\/\/www.liecivebyliny.eu\/index.php?rest_route=\/wp\/v2\/pages\/688\/revisions"}],"predecessor-version":[{"id":691,"href":"https:\/\/www.liecivebyliny.eu\/index.php?rest_route=\/wp\/v2\/pages\/688\/revisions\/691"}],"wp:attachment":[{"href":"https:\/\/www.liecivebyliny.eu\/index.php?rest_route=%2Fwp%2Fv2%2Fmedia&parent=688"}],"curies":[{"name":"wp","href":"https:\/\/api.w.org\/{rel}","templated":true}]}}