{"id":706,"date":"2023-12-23T18:27:56","date_gmt":"2023-12-23T17:27:56","guid":{"rendered":"https:\/\/www.liecivebyliny.eu\/?page_id=706"},"modified":"2023-12-29T22:45:25","modified_gmt":"2023-12-29T21:45:25","slug":"origanum-vulgare-l-2","status":"publish","type":"page","link":"https:\/\/www.liecivebyliny.eu\/?page_id=706&lang=en","title":{"rendered":"<em>Origanum vulgare<\/em>&nbsp;L."},"content":{"rendered":"<div class=\"wp-block-image\">\n<figure class=\"aligncenter size-full\"><img decoding=\"async\" loading=\"lazy\" width=\"258\" height=\"350\" src=\"https:\/\/www.liecivebyliny.eu\/wp-content\/uploads\/2023\/12\/image-81.jpeg\" alt=\"\" class=\"wp-image-707\" srcset=\"https:\/\/www.liecivebyliny.eu\/wp-content\/uploads\/2023\/12\/image-81.jpeg 258w, https:\/\/www.liecivebyliny.eu\/wp-content\/uploads\/2023\/12\/image-81-221x300.jpeg 221w\" sizes=\"(max-width: 258px) 100vw, 258px\" \/><figcaption class=\"wp-element-caption\">Wild Marjoram, Oregano<\/figcaption><\/figure><\/div>\n\n\n<p><strong>English name:<\/strong>\u00a0Wild Marjoram, Oregano<\/p>\n\n\n\n<p><strong>Family:<\/strong>&nbsp;<em>Lamiaceae&nbsp;<\/em><\/p>\n\n\n\n<p><strong>Botanical characteristic:<\/strong>&nbsp;A perennial herb that grows to a height of 60 cm. The stem is erect, quadrangular, branched at the top. The leaves are ovate, opposite, entire. The reddish-pink flowers are clustered in a tufted surround. The whole plant is covered with glandular trichomes. The fruit is a small, dry, deciduous fruit from a two-seeded pistil which breaks into 4 one-seeded parts.<\/p>\n\n\n\n<p><strong>Microscopic drawing:<\/strong><\/p>\n\n\n<div class=\"wp-block-image\">\n<figure class=\"aligncenter size-full\"><img decoding=\"async\" loading=\"lazy\" width=\"208\" height=\"308\" src=\"https:\/\/www.liecivebyliny.eu\/wp-content\/uploads\/2023\/12\/image-88.png\" alt=\"\" class=\"wp-image-708\" srcset=\"https:\/\/www.liecivebyliny.eu\/wp-content\/uploads\/2023\/12\/image-88.png 208w, https:\/\/www.liecivebyliny.eu\/wp-content\/uploads\/2023\/12\/image-88-203x300.png 203w\" sizes=\"(max-width: 208px) 100vw, 208px\" \/><figcaption class=\"wp-element-caption\"><em>Since the oregano belongs to the family Deaf-mouth, its microscopic morphological features include predominantly covering trichomes (a), disc-shaped glands (b), and stomata with two companion cells (c).<\/em><\/figcaption><\/figure><\/div>\n\n\n<p><\/p>\n\n\n\n<p><strong>Distribution:<\/strong>&nbsp;It grows on dry sunny slopes, on logging sites, on the edges of forests.<\/p>\n\n\n\n<p><strong>Drug:\u00a0<\/strong><em>Origani herba<\/em><\/p>\n\n\n\n<p><strong>Harvesting method:<\/strong>&nbsp;The stalk with leaves are collected from July to August, at the time of flowering. 20 cm long parts of the stem are cut with gardening shears or bevelled.<\/p>\n\n\n\n<p><strong>Drying:<\/strong>&nbsp;The stalk with leaves of oregano are drieds naturally in a thin layer in a dark ventilated room. It can be tied into bundles and hung loosely. It is dried artificially in a drying room where the temperature must not exceed 35 \u00b0C.<\/p>\n\n\n\n<p><strong>Active substances:<\/strong>&nbsp;Oregano contains a large amount of essential oil, which consists of substances such as carvacrol, pinene, cymene, myrcene and thymol. The plant contains flavonoids, tannins and rosmarinic acid.<\/p>\n\n\n\n<p><strong>Uses:<\/strong>&nbsp;The drug promotes appetite, acts against flatulence, stimulates the secretion of bile and also has an antispasmodic effect. In folk medicine, oregano is used for its weak euphoric and sedative effect.<\/p>\n\n\n\n<p><strong>Traditional method of use in indications determined solely on the basis of long-term use:<\/strong><\/p>\n\n\n\n<p>&#8211; symptomatic treatment of mild spasms of the gastrointestinal tract, bloating and flatulence,<\/p>\n\n\n\n<p>&#8211; regeneration of irritated skin in the area of the nostrils.<\/p>\n\n\n\n<p><strong>Selected herbal preparations:<\/strong>&nbsp;AGROKARPATY OREGANO ORIGINAL sprig herbal tea 1&#215;30 g, FYTO HERBAL TEA FOR HEADACHES 20&#215;1,5 g, DETOX DEOTIC 30 500 ml, nefdesant\u00e9 OREGANO Oregano oil drops 30 ml, PLUS PHARMACY Plusimun cps 60 pcs.<\/p>\n","protected":false},"excerpt":{"rendered":"<p>English name:\u00a0Wild Marjoram, Oregano Family:&nbsp;Lamiaceae&nbsp; Botanical characteristic:&nbsp;A perennial herb that grows to a height of 60 cm. The stem is erect, quadrangular, branched at the top. The leaves are ovate, opposite, entire. The reddish-pink flowers are clustered in a tufted surround. The whole plant is covered with glandular trichomes. The fruit is a small, dry, [&hellip;]<\/p>\n","protected":false},"author":1,"featured_media":0,"parent":0,"menu_order":0,"comment_status":"closed","ping_status":"closed","template":"","meta":{"_mi_skip_tracking":false},"yoast_head":"<!-- This site is optimized with the Yoast SEO plugin v20.4 - https:\/\/yoast.com\/wordpress\/plugins\/seo\/ -->\n<title>Origanum vulgare&nbsp;L. - liecivebyliny.eu<\/title>\n<meta name=\"robots\" content=\"index, follow, max-snippet:-1, max-image-preview:large, max-video-preview:-1\" \/>\n<link rel=\"canonical\" href=\"https:\/\/www.liecivebyliny.eu\/?page_id=706&lang=en\" \/>\n<meta property=\"og:locale\" content=\"sk_SK\" \/>\n<meta property=\"og:type\" content=\"article\" \/>\n<meta property=\"og:title\" content=\"Origanum vulgare&nbsp;L. - liecivebyliny.eu\" \/>\n<meta property=\"og:description\" content=\"English name:\u00a0Wild Marjoram, Oregano Family:&nbsp;Lamiaceae&nbsp; Botanical characteristic:&nbsp;A perennial herb that grows to a height of 60 cm. The stem is erect, quadrangular, branched at the top. The leaves are ovate, opposite, entire. The reddish-pink flowers are clustered in a tufted surround. The whole plant is covered with glandular trichomes. The fruit is a small, dry, [&hellip;]\" \/>\n<meta property=\"og:url\" content=\"https:\/\/www.liecivebyliny.eu\/?page_id=706&amp;lang=en\" \/>\n<meta property=\"og:site_name\" content=\"liecivebyliny.eu\" \/>\n<meta property=\"article:modified_time\" content=\"2023-12-29T21:45:25+00:00\" \/>\n<meta property=\"og:image\" content=\"https:\/\/www.liecivebyliny.eu\/wp-content\/uploads\/2023\/12\/image-81.jpeg\" \/>\n<meta name=\"twitter:card\" content=\"summary_large_image\" \/>\n<meta name=\"twitter:label1\" content=\"Predpokladan\u00fd \u010das \u010d\u00edtania\" \/>\n\t<meta name=\"twitter:data1\" content=\"3 min\u00faty\" \/>\n<script type=\"application\/ld+json\" class=\"yoast-schema-graph\">{\"@context\":\"https:\/\/schema.org\",\"@graph\":[{\"@type\":\"WebPage\",\"@id\":\"https:\/\/www.liecivebyliny.eu\/?page_id=706&lang=en\",\"url\":\"https:\/\/www.liecivebyliny.eu\/?page_id=706&lang=en\",\"name\":\"Origanum vulgare&nbsp;L. - liecivebyliny.eu\",\"isPartOf\":{\"@id\":\"https:\/\/www.liecivebyliny.eu\/#website\"},\"datePublished\":\"2023-12-23T17:27:56+00:00\",\"dateModified\":\"2023-12-29T21:45:25+00:00\",\"breadcrumb\":{\"@id\":\"https:\/\/www.liecivebyliny.eu\/?page_id=706&lang=en#breadcrumb\"},\"inLanguage\":\"sk-SK\",\"potentialAction\":[{\"@type\":\"ReadAction\",\"target\":[\"https:\/\/www.liecivebyliny.eu\/?page_id=706&lang=en\"]}]},{\"@type\":\"BreadcrumbList\",\"@id\":\"https:\/\/www.liecivebyliny.eu\/?page_id=706&lang=en#breadcrumb\",\"itemListElement\":[{\"@type\":\"ListItem\",\"position\":1,\"name\":\"Home\",\"item\":\"https:\/\/www.liecivebyliny.eu\/\"},{\"@type\":\"ListItem\",\"position\":2,\"name\":\"Origanum vulgare&nbsp;L.\"}]},{\"@type\":\"WebSite\",\"@id\":\"https:\/\/www.liecivebyliny.eu\/#website\",\"url\":\"https:\/\/www.liecivebyliny.eu\/\",\"name\":\"liecivebyliny.eu\",\"description\":\"\",\"potentialAction\":[{\"@type\":\"SearchAction\",\"target\":{\"@type\":\"EntryPoint\",\"urlTemplate\":\"https:\/\/www.liecivebyliny.eu\/?s={search_term_string}\"},\"query-input\":\"required name=search_term_string\"}],\"inLanguage\":\"sk-SK\"}]}<\/script>\n<!-- \/ Yoast SEO plugin. -->","yoast_head_json":{"title":"Origanum vulgare&nbsp;L. - liecivebyliny.eu","robots":{"index":"index","follow":"follow","max-snippet":"max-snippet:-1","max-image-preview":"max-image-preview:large","max-video-preview":"max-video-preview:-1"},"canonical":"https:\/\/www.liecivebyliny.eu\/?page_id=706&lang=en","og_locale":"sk_SK","og_type":"article","og_title":"Origanum vulgare&nbsp;L. - liecivebyliny.eu","og_description":"English name:\u00a0Wild Marjoram, Oregano Family:&nbsp;Lamiaceae&nbsp; Botanical characteristic:&nbsp;A perennial herb that grows to a height of 60 cm. The stem is erect, quadrangular, branched at the top. The leaves are ovate, opposite, entire. The reddish-pink flowers are clustered in a tufted surround. The whole plant is covered with glandular trichomes. The fruit is a small, dry, [&hellip;]","og_url":"https:\/\/www.liecivebyliny.eu\/?page_id=706&lang=en","og_site_name":"liecivebyliny.eu","article_modified_time":"2023-12-29T21:45:25+00:00","og_image":[{"url":"https:\/\/www.liecivebyliny.eu\/wp-content\/uploads\/2023\/12\/image-81.jpeg"}],"twitter_card":"summary_large_image","twitter_misc":{"Predpokladan\u00fd \u010das \u010d\u00edtania":"3 min\u00faty"},"schema":{"@context":"https:\/\/schema.org","@graph":[{"@type":"WebPage","@id":"https:\/\/www.liecivebyliny.eu\/?page_id=706&lang=en","url":"https:\/\/www.liecivebyliny.eu\/?page_id=706&lang=en","name":"Origanum vulgare&nbsp;L. - liecivebyliny.eu","isPartOf":{"@id":"https:\/\/www.liecivebyliny.eu\/#website"},"datePublished":"2023-12-23T17:27:56+00:00","dateModified":"2023-12-29T21:45:25+00:00","breadcrumb":{"@id":"https:\/\/www.liecivebyliny.eu\/?page_id=706&lang=en#breadcrumb"},"inLanguage":"sk-SK","potentialAction":[{"@type":"ReadAction","target":["https:\/\/www.liecivebyliny.eu\/?page_id=706&lang=en"]}]},{"@type":"BreadcrumbList","@id":"https:\/\/www.liecivebyliny.eu\/?page_id=706&lang=en#breadcrumb","itemListElement":[{"@type":"ListItem","position":1,"name":"Home","item":"https:\/\/www.liecivebyliny.eu\/"},{"@type":"ListItem","position":2,"name":"Origanum vulgare&nbsp;L."}]},{"@type":"WebSite","@id":"https:\/\/www.liecivebyliny.eu\/#website","url":"https:\/\/www.liecivebyliny.eu\/","name":"liecivebyliny.eu","description":"","potentialAction":[{"@type":"SearchAction","target":{"@type":"EntryPoint","urlTemplate":"https:\/\/www.liecivebyliny.eu\/?s={search_term_string}"},"query-input":"required name=search_term_string"}],"inLanguage":"sk-SK"}]}},"_links":{"self":[{"href":"https:\/\/www.liecivebyliny.eu\/index.php?rest_route=\/wp\/v2\/pages\/706"}],"collection":[{"href":"https:\/\/www.liecivebyliny.eu\/index.php?rest_route=\/wp\/v2\/pages"}],"about":[{"href":"https:\/\/www.liecivebyliny.eu\/index.php?rest_route=\/wp\/v2\/types\/page"}],"author":[{"embeddable":true,"href":"https:\/\/www.liecivebyliny.eu\/index.php?rest_route=\/wp\/v2\/users\/1"}],"replies":[{"embeddable":true,"href":"https:\/\/www.liecivebyliny.eu\/index.php?rest_route=%2Fwp%2Fv2%2Fcomments&post=706"}],"version-history":[{"count":1,"href":"https:\/\/www.liecivebyliny.eu\/index.php?rest_route=\/wp\/v2\/pages\/706\/revisions"}],"predecessor-version":[{"id":709,"href":"https:\/\/www.liecivebyliny.eu\/index.php?rest_route=\/wp\/v2\/pages\/706\/revisions\/709"}],"wp:attachment":[{"href":"https:\/\/www.liecivebyliny.eu\/index.php?rest_route=%2Fwp%2Fv2%2Fmedia&parent=706"}],"curies":[{"name":"wp","href":"https:\/\/api.w.org\/{rel}","templated":true}]}}