{"id":714,"date":"2023-12-23T18:30:47","date_gmt":"2023-12-23T17:30:47","guid":{"rendered":"https:\/\/www.liecivebyliny.eu\/?page_id=714"},"modified":"2023-12-29T22:48:39","modified_gmt":"2023-12-29T21:48:39","slug":"papaver-rhoeas-l-2","status":"publish","type":"page","link":"https:\/\/www.liecivebyliny.eu\/?page_id=714&lang=en","title":{"rendered":"<em>Papaver rhoeas<\/em>&nbsp;L."},"content":{"rendered":"<div class=\"wp-block-image\">\n<figure class=\"aligncenter size-full\"><img decoding=\"async\" loading=\"lazy\" width=\"254\" height=\"330\" src=\"https:\/\/www.liecivebyliny.eu\/wp-content\/uploads\/2023\/12\/image-82.jpeg\" alt=\"\" class=\"wp-image-715\" srcset=\"https:\/\/www.liecivebyliny.eu\/wp-content\/uploads\/2023\/12\/image-82.jpeg 254w, https:\/\/www.liecivebyliny.eu\/wp-content\/uploads\/2023\/12\/image-82-231x300.jpeg 231w\" sizes=\"(max-width: 254px) 100vw, 254px\" \/><figcaption class=\"wp-element-caption\">Fieldpoppy<\/figcaption><\/figure><\/div>\n\n\n<p><strong>English name:<\/strong>\u00a0Fieldpoppy<\/p>\n\n\n\n<p><strong>Family:<\/strong>&nbsp;<em>Papaveraceae<\/em><\/p>\n\n\n\n<p><strong>Botanical characteristic:<\/strong>&nbsp;An annual, 30 \u2013 60 cm tall herb with a straight stem covered with hairs. The leaves are feathery, serrate. Lower leaves petiolate, upper ones sessile. The four crown petals are red, with a dark spot at the base. The fruit is a capsule (poppy). The whole plant produces milk.<\/p>\n\n\n\n<p><strong>Microscopic drawing:<\/strong><\/p>\n\n\n<div class=\"wp-block-image\">\n<figure class=\"aligncenter size-full\"><img decoding=\"async\" loading=\"lazy\" width=\"336\" height=\"336\" src=\"https:\/\/www.liecivebyliny.eu\/wp-content\/uploads\/2023\/12\/image-89.png\" alt=\"\" class=\"wp-image-716\" srcset=\"https:\/\/www.liecivebyliny.eu\/wp-content\/uploads\/2023\/12\/image-89.png 336w, https:\/\/www.liecivebyliny.eu\/wp-content\/uploads\/2023\/12\/image-89-300x300.png 300w, https:\/\/www.liecivebyliny.eu\/wp-content\/uploads\/2023\/12\/image-89-150x150.png 150w\" sizes=\"(max-width: 336px) 100vw, 336px\" \/><figcaption class=\"wp-element-caption\"><em>The epidermis (a) with trichomes (b) is visible on the surface of the transverse section through the stem. Sclereids (c) are present underneath and vascular bundles (d) are present in the slide.<\/em><\/figcaption><\/figure><\/div>\n\n\n<p><\/p>\n\n\n\n<p><strong>Distribution:<\/strong>&nbsp;It grows on grain fields, grassy areas, roadsides, railway embankments.<\/p>\n\n\n\n<p><strong>Drug:<\/strong>&nbsp;<em>Papaveris rhoeas flos<\/em><\/p>\n\n\n\n<p><strong>Harvesting method:<\/strong>&nbsp;It blooms from May to July. The red crown petals are hand-picked at noon.<\/p>\n\n\n\n<p><strong>Drying:<\/strong>&nbsp;The crown chips of the poppy are wrinkled before drying due to wax expansion, which slows down the drying process. The flowers are dried naturally in a thin layer in a dark ventilated room. They are dried artificially in a drying oven where the temperature must not exceed 35 \u00b0C.<\/p>\n\n\n\n<p><strong>Active substances:<\/strong>&nbsp;Poppy flowers contain the red anthocyanin dyes mecocyanin and cyanine, but also mucilages, organic acids and the isoquinoline alkaloid roeadin in the milky sap.<\/p>\n\n\n\n<p><strong>Uses:<\/strong>&nbsp;Because of their attractive appearance, the flower petals are sometimes added to various tea blends for aesthetic function without any therapeutic intent. In the past, the flowers have been included in cough and hoarseness syrups, but evidence of actual efficacy is still lacking.<\/p>\n\n\n\n<p><strong>Selected herbal preparations:<\/strong>&nbsp;LEROS JOYFUL SLEEP funnel bags 20&#215;1 g, KEREES Lozenges with wolf poppy drops, stay cool 8 pcs.<\/p>\n","protected":false},"excerpt":{"rendered":"<p>English name:\u00a0Fieldpoppy Family:&nbsp;Papaveraceae Botanical characteristic:&nbsp;An annual, 30 \u2013 60 cm tall herb with a straight stem covered with hairs. The leaves are feathery, serrate. Lower leaves petiolate, upper ones sessile. The four crown petals are red, with a dark spot at the base. The fruit is a capsule (poppy). The whole plant produces milk. Microscopic [&hellip;]<\/p>\n","protected":false},"author":1,"featured_media":0,"parent":0,"menu_order":0,"comment_status":"closed","ping_status":"closed","template":"","meta":{"_mi_skip_tracking":false},"yoast_head":"<!-- This site is optimized with the Yoast SEO plugin v20.4 - https:\/\/yoast.com\/wordpress\/plugins\/seo\/ -->\n<title>Papaver rhoeas&nbsp;L. - liecivebyliny.eu<\/title>\n<meta name=\"robots\" content=\"index, follow, max-snippet:-1, max-image-preview:large, max-video-preview:-1\" \/>\n<link rel=\"canonical\" href=\"https:\/\/www.liecivebyliny.eu\/?page_id=714&lang=en\" \/>\n<meta property=\"og:locale\" content=\"sk_SK\" \/>\n<meta property=\"og:type\" content=\"article\" \/>\n<meta property=\"og:title\" content=\"Papaver rhoeas&nbsp;L. - liecivebyliny.eu\" \/>\n<meta property=\"og:description\" content=\"English name:\u00a0Fieldpoppy Family:&nbsp;Papaveraceae Botanical characteristic:&nbsp;An annual, 30 \u2013 60 cm tall herb with a straight stem covered with hairs. The leaves are feathery, serrate. Lower leaves petiolate, upper ones sessile. The four crown petals are red, with a dark spot at the base. The fruit is a capsule (poppy). The whole plant produces milk. Microscopic [&hellip;]\" \/>\n<meta property=\"og:url\" content=\"https:\/\/www.liecivebyliny.eu\/?page_id=714&amp;lang=en\" \/>\n<meta property=\"og:site_name\" content=\"liecivebyliny.eu\" \/>\n<meta property=\"article:modified_time\" content=\"2023-12-29T21:48:39+00:00\" \/>\n<meta property=\"og:image\" content=\"https:\/\/www.liecivebyliny.eu\/wp-content\/uploads\/2023\/12\/image-82.jpeg\" \/>\n<meta name=\"twitter:card\" content=\"summary_large_image\" \/>\n<meta name=\"twitter:label1\" content=\"Predpokladan\u00fd \u010das \u010d\u00edtania\" \/>\n\t<meta name=\"twitter:data1\" content=\"2 min\u00faty\" \/>\n<script type=\"application\/ld+json\" class=\"yoast-schema-graph\">{\"@context\":\"https:\/\/schema.org\",\"@graph\":[{\"@type\":\"WebPage\",\"@id\":\"https:\/\/www.liecivebyliny.eu\/?page_id=714&lang=en\",\"url\":\"https:\/\/www.liecivebyliny.eu\/?page_id=714&lang=en\",\"name\":\"Papaver rhoeas&nbsp;L. - liecivebyliny.eu\",\"isPartOf\":{\"@id\":\"https:\/\/www.liecivebyliny.eu\/#website\"},\"datePublished\":\"2023-12-23T17:30:47+00:00\",\"dateModified\":\"2023-12-29T21:48:39+00:00\",\"breadcrumb\":{\"@id\":\"https:\/\/www.liecivebyliny.eu\/?page_id=714&lang=en#breadcrumb\"},\"inLanguage\":\"sk-SK\",\"potentialAction\":[{\"@type\":\"ReadAction\",\"target\":[\"https:\/\/www.liecivebyliny.eu\/?page_id=714&lang=en\"]}]},{\"@type\":\"BreadcrumbList\",\"@id\":\"https:\/\/www.liecivebyliny.eu\/?page_id=714&lang=en#breadcrumb\",\"itemListElement\":[{\"@type\":\"ListItem\",\"position\":1,\"name\":\"Home\",\"item\":\"https:\/\/www.liecivebyliny.eu\/\"},{\"@type\":\"ListItem\",\"position\":2,\"name\":\"Papaver rhoeas&nbsp;L.\"}]},{\"@type\":\"WebSite\",\"@id\":\"https:\/\/www.liecivebyliny.eu\/#website\",\"url\":\"https:\/\/www.liecivebyliny.eu\/\",\"name\":\"liecivebyliny.eu\",\"description\":\"\",\"potentialAction\":[{\"@type\":\"SearchAction\",\"target\":{\"@type\":\"EntryPoint\",\"urlTemplate\":\"https:\/\/www.liecivebyliny.eu\/?s={search_term_string}\"},\"query-input\":\"required name=search_term_string\"}],\"inLanguage\":\"sk-SK\"}]}<\/script>\n<!-- \/ Yoast SEO plugin. -->","yoast_head_json":{"title":"Papaver rhoeas&nbsp;L. - liecivebyliny.eu","robots":{"index":"index","follow":"follow","max-snippet":"max-snippet:-1","max-image-preview":"max-image-preview:large","max-video-preview":"max-video-preview:-1"},"canonical":"https:\/\/www.liecivebyliny.eu\/?page_id=714&lang=en","og_locale":"sk_SK","og_type":"article","og_title":"Papaver rhoeas&nbsp;L. - liecivebyliny.eu","og_description":"English name:\u00a0Fieldpoppy Family:&nbsp;Papaveraceae Botanical characteristic:&nbsp;An annual, 30 \u2013 60 cm tall herb with a straight stem covered with hairs. The leaves are feathery, serrate. Lower leaves petiolate, upper ones sessile. The four crown petals are red, with a dark spot at the base. The fruit is a capsule (poppy). The whole plant produces milk. Microscopic [&hellip;]","og_url":"https:\/\/www.liecivebyliny.eu\/?page_id=714&lang=en","og_site_name":"liecivebyliny.eu","article_modified_time":"2023-12-29T21:48:39+00:00","og_image":[{"url":"https:\/\/www.liecivebyliny.eu\/wp-content\/uploads\/2023\/12\/image-82.jpeg"}],"twitter_card":"summary_large_image","twitter_misc":{"Predpokladan\u00fd \u010das \u010d\u00edtania":"2 min\u00faty"},"schema":{"@context":"https:\/\/schema.org","@graph":[{"@type":"WebPage","@id":"https:\/\/www.liecivebyliny.eu\/?page_id=714&lang=en","url":"https:\/\/www.liecivebyliny.eu\/?page_id=714&lang=en","name":"Papaver rhoeas&nbsp;L. - liecivebyliny.eu","isPartOf":{"@id":"https:\/\/www.liecivebyliny.eu\/#website"},"datePublished":"2023-12-23T17:30:47+00:00","dateModified":"2023-12-29T21:48:39+00:00","breadcrumb":{"@id":"https:\/\/www.liecivebyliny.eu\/?page_id=714&lang=en#breadcrumb"},"inLanguage":"sk-SK","potentialAction":[{"@type":"ReadAction","target":["https:\/\/www.liecivebyliny.eu\/?page_id=714&lang=en"]}]},{"@type":"BreadcrumbList","@id":"https:\/\/www.liecivebyliny.eu\/?page_id=714&lang=en#breadcrumb","itemListElement":[{"@type":"ListItem","position":1,"name":"Home","item":"https:\/\/www.liecivebyliny.eu\/"},{"@type":"ListItem","position":2,"name":"Papaver rhoeas&nbsp;L."}]},{"@type":"WebSite","@id":"https:\/\/www.liecivebyliny.eu\/#website","url":"https:\/\/www.liecivebyliny.eu\/","name":"liecivebyliny.eu","description":"","potentialAction":[{"@type":"SearchAction","target":{"@type":"EntryPoint","urlTemplate":"https:\/\/www.liecivebyliny.eu\/?s={search_term_string}"},"query-input":"required name=search_term_string"}],"inLanguage":"sk-SK"}]}},"_links":{"self":[{"href":"https:\/\/www.liecivebyliny.eu\/index.php?rest_route=\/wp\/v2\/pages\/714"}],"collection":[{"href":"https:\/\/www.liecivebyliny.eu\/index.php?rest_route=\/wp\/v2\/pages"}],"about":[{"href":"https:\/\/www.liecivebyliny.eu\/index.php?rest_route=\/wp\/v2\/types\/page"}],"author":[{"embeddable":true,"href":"https:\/\/www.liecivebyliny.eu\/index.php?rest_route=\/wp\/v2\/users\/1"}],"replies":[{"embeddable":true,"href":"https:\/\/www.liecivebyliny.eu\/index.php?rest_route=%2Fwp%2Fv2%2Fcomments&post=714"}],"version-history":[{"count":1,"href":"https:\/\/www.liecivebyliny.eu\/index.php?rest_route=\/wp\/v2\/pages\/714\/revisions"}],"predecessor-version":[{"id":717,"href":"https:\/\/www.liecivebyliny.eu\/index.php?rest_route=\/wp\/v2\/pages\/714\/revisions\/717"}],"wp:attachment":[{"href":"https:\/\/www.liecivebyliny.eu\/index.php?rest_route=%2Fwp%2Fv2%2Fmedia&parent=714"}],"curies":[{"name":"wp","href":"https:\/\/api.w.org\/{rel}","templated":true}]}}