{"id":721,"date":"2023-12-23T18:34:33","date_gmt":"2023-12-23T17:34:33","guid":{"rendered":"https:\/\/www.liecivebyliny.eu\/?page_id=721"},"modified":"2023-12-29T22:51:23","modified_gmt":"2023-12-29T21:51:23","slug":"plantago-lanceolata-l-2","status":"publish","type":"page","link":"https:\/\/www.liecivebyliny.eu\/?page_id=721&lang=en","title":{"rendered":"<strong><em>Plantago lanceolata<\/em><\/strong><strong>&nbsp;L.<\/strong>"},"content":{"rendered":"<div class=\"wp-block-image\">\n<figure class=\"aligncenter size-full\"><img decoding=\"async\" loading=\"lazy\" width=\"258\" height=\"340\" src=\"https:\/\/www.liecivebyliny.eu\/wp-content\/uploads\/2023\/12\/image-83.jpeg\" alt=\"\" class=\"wp-image-722\" srcset=\"https:\/\/www.liecivebyliny.eu\/wp-content\/uploads\/2023\/12\/image-83.jpeg 258w, https:\/\/www.liecivebyliny.eu\/wp-content\/uploads\/2023\/12\/image-83-228x300.jpeg 228w\" sizes=\"(max-width: 258px) 100vw, 258px\" \/><figcaption class=\"wp-element-caption\">Ribwort, Plantain<\/figcaption><\/figure><\/div>\n\n\n<p><strong>English name:<\/strong>\u00a0Ribwort, Plantain<\/p>\n\n\n\n<p><strong>Family:&nbsp;<\/strong><em>Plantaginaceae&nbsp;<\/em><\/p>\n\n\n\n<p><strong>Botanical characteristic:<\/strong>&nbsp;A perennial herb that grows to a height of 30 cm. The stem is bare, leafless. The leaves form a ground rosette, are lance-shaped, parallel-veined and have entire margins. The flowers are arranged in spikes, which are composed of white-yellow flowers. The fruit is a capsule.<\/p>\n\n\n\n<p><strong>Microscopic drawing:<\/strong><\/p>\n\n\n<div class=\"wp-block-image\">\n<figure class=\"aligncenter size-full\"><img decoding=\"async\" loading=\"lazy\" width=\"378\" height=\"296\" src=\"https:\/\/www.liecivebyliny.eu\/wp-content\/uploads\/2023\/12\/image-90.png\" alt=\"\" class=\"wp-image-723\" srcset=\"https:\/\/www.liecivebyliny.eu\/wp-content\/uploads\/2023\/12\/image-90.png 378w, https:\/\/www.liecivebyliny.eu\/wp-content\/uploads\/2023\/12\/image-90-300x235.png 300w\" sizes=\"(max-width: 378px) 100vw, 378px\" \/><figcaption class=\"wp-element-caption\"><em>The leaf cuticle of lance-leaved plantain contains covering (a) and glandular (b) trichomes. The stomata (c) are also easily observable.<\/em><br><\/figcaption><\/figure><\/div>\n\n\n<p><strong>Distribution:<\/strong>\u00a0It grows in meadows, pastures, roadsides.<\/p>\n\n\n\n<p><strong>Drug:<\/strong>\u00a0<em>Plantaginis lanceolatae folium<\/em><\/p>\n\n\n\n<p><strong>Harvesting method:<\/strong>&nbsp;It blooms from May to September. Undamaged leaves are collected by hand or with scissors, at the time of flowering.<\/p>\n\n\n\n<p><strong>Drying:<\/strong>&nbsp;In a natural way, the leaves are dried in a thin layer in a dark, ventilated room. When drying with artificial heat in a drying oven, the temperature must not exceed 40 \u00b0C.<\/p>\n\n\n\n<p><strong>Active substances:<\/strong>&nbsp;The plant contains a large amount of mucilage and iridoid glycosides, of which aucubin is the dominant one. Other contents are flavonoids, tannins and organic acids (caffeic and ferulic acid).<\/p>\n\n\n\n<p><strong>Uses:<\/strong>&nbsp;The drug is applied as an antitussive in dry and irritating cough. The mucilage acts protectively on the mucous membranes of the oral cavity and pharynx. Due to the aucubin content, the drug is also said to have an antibacterial effect.<\/p>\n\n\n\n<p><strong>Traditional method of use in indications determined solely on the basis of long-term use:<\/strong><\/p>\n\n\n\n<p>&#8211; symptomatic treatment, alleviation of irritation of the mucous membrane of the oral cavity and pharynx caused by a dry, irritating cough.<\/p>\n\n\n\n<p><strong>Selected herbal preparations:<\/strong>&nbsp;APOTHEKE Plantain steam pouches 20&#215;1,5 g, AGROKARPATY BRONCHY herbal tea 20&#215;2 g, Mucoplant Cough syrup with plantain and honey 250 ml, Dr. Max Plantain Vitamin C Sugar-free 245 ml, MedPharma Herbal sugar-free pastilles with plantain, motherwort, vitamin C 12 pcs, TEREZIA PHYTOLAX cps 10 pcs, VIRDE Plantain with betaglucan with lemon flavour 200 ml, VINCENTKA SIRUP with plantain and motherwort 200 ml, VINCENTKA SIRUP with plantain and motherwort 200 ml<\/p>\n","protected":false},"excerpt":{"rendered":"<p>English name:\u00a0Ribwort, Plantain Family:&nbsp;Plantaginaceae&nbsp; Botanical characteristic:&nbsp;A perennial herb that grows to a height of 30 cm. The stem is bare, leafless. The leaves form a ground rosette, are lance-shaped, parallel-veined and have entire margins. The flowers are arranged in spikes, which are composed of white-yellow flowers. The fruit is a capsule. Microscopic drawing: Distribution:\u00a0It grows [&hellip;]<\/p>\n","protected":false},"author":1,"featured_media":0,"parent":0,"menu_order":0,"comment_status":"closed","ping_status":"closed","template":"","meta":{"_mi_skip_tracking":false},"yoast_head":"<!-- This site is optimized with the Yoast SEO plugin v20.4 - https:\/\/yoast.com\/wordpress\/plugins\/seo\/ -->\n<title>Plantago lanceolata&nbsp;L. - liecivebyliny.eu<\/title>\n<meta name=\"robots\" content=\"index, follow, max-snippet:-1, max-image-preview:large, max-video-preview:-1\" \/>\n<link rel=\"canonical\" href=\"https:\/\/www.liecivebyliny.eu\/?page_id=721&lang=en\" \/>\n<meta property=\"og:locale\" content=\"sk_SK\" \/>\n<meta property=\"og:type\" content=\"article\" \/>\n<meta property=\"og:title\" content=\"Plantago lanceolata&nbsp;L. - liecivebyliny.eu\" \/>\n<meta property=\"og:description\" content=\"English name:\u00a0Ribwort, Plantain Family:&nbsp;Plantaginaceae&nbsp; Botanical characteristic:&nbsp;A perennial herb that grows to a height of 30 cm. The stem is bare, leafless. The leaves form a ground rosette, are lance-shaped, parallel-veined and have entire margins. The flowers are arranged in spikes, which are composed of white-yellow flowers. The fruit is a capsule. Microscopic drawing: Distribution:\u00a0It grows [&hellip;]\" \/>\n<meta property=\"og:url\" content=\"https:\/\/www.liecivebyliny.eu\/?page_id=721&amp;lang=en\" \/>\n<meta property=\"og:site_name\" content=\"liecivebyliny.eu\" \/>\n<meta property=\"article:modified_time\" content=\"2023-12-29T21:51:23+00:00\" \/>\n<meta property=\"og:image\" content=\"https:\/\/www.liecivebyliny.eu\/wp-content\/uploads\/2023\/12\/image-83.jpeg\" \/>\n<meta name=\"twitter:card\" content=\"summary_large_image\" \/>\n<meta name=\"twitter:label1\" content=\"Predpokladan\u00fd \u010das \u010d\u00edtania\" \/>\n\t<meta name=\"twitter:data1\" content=\"3 min\u00faty\" \/>\n<script type=\"application\/ld+json\" class=\"yoast-schema-graph\">{\"@context\":\"https:\/\/schema.org\",\"@graph\":[{\"@type\":\"WebPage\",\"@id\":\"https:\/\/www.liecivebyliny.eu\/?page_id=721&lang=en\",\"url\":\"https:\/\/www.liecivebyliny.eu\/?page_id=721&lang=en\",\"name\":\"Plantago lanceolata&nbsp;L. - liecivebyliny.eu\",\"isPartOf\":{\"@id\":\"https:\/\/www.liecivebyliny.eu\/#website\"},\"datePublished\":\"2023-12-23T17:34:33+00:00\",\"dateModified\":\"2023-12-29T21:51:23+00:00\",\"breadcrumb\":{\"@id\":\"https:\/\/www.liecivebyliny.eu\/?page_id=721&lang=en#breadcrumb\"},\"inLanguage\":\"sk-SK\",\"potentialAction\":[{\"@type\":\"ReadAction\",\"target\":[\"https:\/\/www.liecivebyliny.eu\/?page_id=721&lang=en\"]}]},{\"@type\":\"BreadcrumbList\",\"@id\":\"https:\/\/www.liecivebyliny.eu\/?page_id=721&lang=en#breadcrumb\",\"itemListElement\":[{\"@type\":\"ListItem\",\"position\":1,\"name\":\"Home\",\"item\":\"https:\/\/www.liecivebyliny.eu\/\"},{\"@type\":\"ListItem\",\"position\":2,\"name\":\"Plantago lanceolata&nbsp;L.\"}]},{\"@type\":\"WebSite\",\"@id\":\"https:\/\/www.liecivebyliny.eu\/#website\",\"url\":\"https:\/\/www.liecivebyliny.eu\/\",\"name\":\"liecivebyliny.eu\",\"description\":\"\",\"potentialAction\":[{\"@type\":\"SearchAction\",\"target\":{\"@type\":\"EntryPoint\",\"urlTemplate\":\"https:\/\/www.liecivebyliny.eu\/?s={search_term_string}\"},\"query-input\":\"required name=search_term_string\"}],\"inLanguage\":\"sk-SK\"}]}<\/script>\n<!-- \/ Yoast SEO plugin. -->","yoast_head_json":{"title":"Plantago lanceolata&nbsp;L. - liecivebyliny.eu","robots":{"index":"index","follow":"follow","max-snippet":"max-snippet:-1","max-image-preview":"max-image-preview:large","max-video-preview":"max-video-preview:-1"},"canonical":"https:\/\/www.liecivebyliny.eu\/?page_id=721&lang=en","og_locale":"sk_SK","og_type":"article","og_title":"Plantago lanceolata&nbsp;L. - liecivebyliny.eu","og_description":"English name:\u00a0Ribwort, Plantain Family:&nbsp;Plantaginaceae&nbsp; Botanical characteristic:&nbsp;A perennial herb that grows to a height of 30 cm. The stem is bare, leafless. The leaves form a ground rosette, are lance-shaped, parallel-veined and have entire margins. The flowers are arranged in spikes, which are composed of white-yellow flowers. The fruit is a capsule. Microscopic drawing: Distribution:\u00a0It grows [&hellip;]","og_url":"https:\/\/www.liecivebyliny.eu\/?page_id=721&lang=en","og_site_name":"liecivebyliny.eu","article_modified_time":"2023-12-29T21:51:23+00:00","og_image":[{"url":"https:\/\/www.liecivebyliny.eu\/wp-content\/uploads\/2023\/12\/image-83.jpeg"}],"twitter_card":"summary_large_image","twitter_misc":{"Predpokladan\u00fd \u010das \u010d\u00edtania":"3 min\u00faty"},"schema":{"@context":"https:\/\/schema.org","@graph":[{"@type":"WebPage","@id":"https:\/\/www.liecivebyliny.eu\/?page_id=721&lang=en","url":"https:\/\/www.liecivebyliny.eu\/?page_id=721&lang=en","name":"Plantago lanceolata&nbsp;L. - liecivebyliny.eu","isPartOf":{"@id":"https:\/\/www.liecivebyliny.eu\/#website"},"datePublished":"2023-12-23T17:34:33+00:00","dateModified":"2023-12-29T21:51:23+00:00","breadcrumb":{"@id":"https:\/\/www.liecivebyliny.eu\/?page_id=721&lang=en#breadcrumb"},"inLanguage":"sk-SK","potentialAction":[{"@type":"ReadAction","target":["https:\/\/www.liecivebyliny.eu\/?page_id=721&lang=en"]}]},{"@type":"BreadcrumbList","@id":"https:\/\/www.liecivebyliny.eu\/?page_id=721&lang=en#breadcrumb","itemListElement":[{"@type":"ListItem","position":1,"name":"Home","item":"https:\/\/www.liecivebyliny.eu\/"},{"@type":"ListItem","position":2,"name":"Plantago lanceolata&nbsp;L."}]},{"@type":"WebSite","@id":"https:\/\/www.liecivebyliny.eu\/#website","url":"https:\/\/www.liecivebyliny.eu\/","name":"liecivebyliny.eu","description":"","potentialAction":[{"@type":"SearchAction","target":{"@type":"EntryPoint","urlTemplate":"https:\/\/www.liecivebyliny.eu\/?s={search_term_string}"},"query-input":"required name=search_term_string"}],"inLanguage":"sk-SK"}]}},"_links":{"self":[{"href":"https:\/\/www.liecivebyliny.eu\/index.php?rest_route=\/wp\/v2\/pages\/721"}],"collection":[{"href":"https:\/\/www.liecivebyliny.eu\/index.php?rest_route=\/wp\/v2\/pages"}],"about":[{"href":"https:\/\/www.liecivebyliny.eu\/index.php?rest_route=\/wp\/v2\/types\/page"}],"author":[{"embeddable":true,"href":"https:\/\/www.liecivebyliny.eu\/index.php?rest_route=\/wp\/v2\/users\/1"}],"replies":[{"embeddable":true,"href":"https:\/\/www.liecivebyliny.eu\/index.php?rest_route=%2Fwp%2Fv2%2Fcomments&post=721"}],"version-history":[{"count":1,"href":"https:\/\/www.liecivebyliny.eu\/index.php?rest_route=\/wp\/v2\/pages\/721\/revisions"}],"predecessor-version":[{"id":724,"href":"https:\/\/www.liecivebyliny.eu\/index.php?rest_route=\/wp\/v2\/pages\/721\/revisions\/724"}],"wp:attachment":[{"href":"https:\/\/www.liecivebyliny.eu\/index.php?rest_route=%2Fwp%2Fv2%2Fmedia&parent=721"}],"curies":[{"name":"wp","href":"https:\/\/api.w.org\/{rel}","templated":true}]}}