{"id":727,"date":"2023-12-23T18:38:33","date_gmt":"2023-12-23T17:38:33","guid":{"rendered":"https:\/\/www.liecivebyliny.eu\/?page_id=727"},"modified":"2024-01-02T14:15:21","modified_gmt":"2024-01-02T13:15:21","slug":"potentilla-anserina-l-2","status":"publish","type":"page","link":"https:\/\/www.liecivebyliny.eu\/?page_id=727&lang=en","title":{"rendered":"<em>Potentilla anserina<\/em>&nbsp;L."},"content":{"rendered":"<div class=\"wp-block-image\">\n<figure class=\"aligncenter size-full\"><img decoding=\"async\" loading=\"lazy\" width=\"248\" height=\"342\" src=\"https:\/\/www.liecivebyliny.eu\/wp-content\/uploads\/2023\/12\/image-84.jpeg\" alt=\"\" class=\"wp-image-728\" srcset=\"https:\/\/www.liecivebyliny.eu\/wp-content\/uploads\/2023\/12\/image-84.jpeg 248w, https:\/\/www.liecivebyliny.eu\/wp-content\/uploads\/2023\/12\/image-84-218x300.jpeg 218w\" sizes=\"(max-width: 248px) 100vw, 248px\" \/><figcaption class=\"wp-element-caption\">Silverweed, Goose-grass<\/figcaption><\/figure><\/div>\n\n\n<p><strong>English name:<\/strong>&nbsp;Silverweed, Goose-grass<\/p>\n\n\n\n<p><strong>Family:<\/strong>&nbsp;<em>Rosaceae&nbsp;<\/em><\/p>\n\n\n\n<p><strong>Botanical characteristic:<\/strong>&nbsp;A perennial plant with a hairy, creeping stem that grows up to 80 cm long. The ground leaves are alternately arranged in a rosette, feathery-folded, ovate in shape. The five-petalled flowers are deep yellow in colour and grow singly on long peduncles. The fruit is an achene.<\/p>\n\n\n\n<p><strong>Microscopic drawing:<\/strong><\/p>\n\n\n<div class=\"wp-block-image\">\n<figure class=\"aligncenter size-full\"><img decoding=\"async\" loading=\"lazy\" width=\"350\" height=\"296\" src=\"https:\/\/www.liecivebyliny.eu\/wp-content\/uploads\/2023\/12\/image-92.png\" alt=\"\" class=\"wp-image-730\" srcset=\"https:\/\/www.liecivebyliny.eu\/wp-content\/uploads\/2023\/12\/image-92.png 350w, https:\/\/www.liecivebyliny.eu\/wp-content\/uploads\/2023\/12\/image-92-300x254.png 300w\" sizes=\"(max-width: 350px) 100vw, 350px\" \/><figcaption class=\"wp-element-caption\"><em>Calcium oxalate crumbs are scattered in the slide (f) and collateral vascular bundles can be found (g).<\/em><\/figcaption><\/figure><\/div>\n\n<div class=\"wp-block-image\">\n<figure class=\"aligncenter size-full\"><img decoding=\"async\" loading=\"lazy\" width=\"480\" height=\"640\" src=\"https:\/\/www.liecivebyliny.eu\/wp-content\/uploads\/2024\/01\/Agrimoniae-herba-100xb-1.jpg\" alt=\"\" class=\"wp-image-977\" srcset=\"https:\/\/www.liecivebyliny.eu\/wp-content\/uploads\/2024\/01\/Agrimoniae-herba-100xb-1.jpg 480w, https:\/\/www.liecivebyliny.eu\/wp-content\/uploads\/2024\/01\/Agrimoniae-herba-100xb-1-225x300.jpg 225w\" sizes=\"(max-width: 480px) 100vw, 480px\" \/><figcaption class=\"wp-element-caption\">Cross-section of a leaf (magnified 100x)<\/figcaption><\/figure><\/div>\n\n\n<p><\/p>\n\n\n\n<p><strong>Distribution:<\/strong>&nbsp;The goose-grass is found almost all over Europe on moist soils, at the edges of streams and ponds, on poor, non-calcareous soils.<\/p>\n\n\n\n<p><strong>Drug:<\/strong>&nbsp;<em>Anserinae herba&nbsp;<\/em><\/p>\n\n\n\n<p><strong>Harvesting method:<\/strong>&nbsp;The flowering panicle is harvested with secateurs between May and August. It is susceptible to scorching and is therefore collected in airtight containers. It flowers from May to August.<\/p>\n\n\n\n<p><strong>Drying:<\/strong>&nbsp;The goose-grass is dried naturally in a thin layer in a dark, ventilated room. The dried drug has no taste or smell.<\/p>\n\n\n\n<p><strong>Active substances:<\/strong>&nbsp;The goose-grass contains mainly catechin tannins. Flavonoids, triterpenes and organic acids are also present in the drug.<\/p>\n\n\n\n<p>Pou\u017eitie: The groose-grass is used internally for non-specific acute diarrhea or mild inflammation of the mucous membranes of the gastrointestinal tract. The decoction can be used for gargling or mouth rinses for bleeding gums.<\/p>\n\n\n\n<p><strong>Traditional method of use in indications determined solely on the basis of long-term use:<\/strong><\/p>\n\n\n\n<p>&#8211; symptomatic treatment of mild diarrhea,<\/p>\n\n\n\n<p>&#8211; symptomatic treatment of minor inflammations in the oral cavity.<\/p>\n\n\n\n<p><strong>Selected herbal preparations:<\/strong>&nbsp;AGROKARPATY GOOSEGRASS HERBAL TEA 1&#215;30 g, AGROKARPATY ROUGH GUT herbal tea, 20&#215;2 g, Calendula Diabetics cps 30 pcs.<\/p>\n","protected":false},"excerpt":{"rendered":"<p>English name:&nbsp;Silverweed, Goose-grass Family:&nbsp;Rosaceae&nbsp; Botanical characteristic:&nbsp;A perennial plant with a hairy, creeping stem that grows up to 80 cm long. The ground leaves are alternately arranged in a rosette, feathery-folded, ovate in shape. The five-petalled flowers are deep yellow in colour and grow singly on long peduncles. The fruit is an achene. Microscopic drawing: Distribution:&nbsp;The [&hellip;]<\/p>\n","protected":false},"author":1,"featured_media":0,"parent":0,"menu_order":0,"comment_status":"closed","ping_status":"closed","template":"","meta":{"_mi_skip_tracking":false},"yoast_head":"<!-- This site is optimized with the Yoast SEO plugin v20.4 - https:\/\/yoast.com\/wordpress\/plugins\/seo\/ -->\n<title>Potentilla anserina&nbsp;L. - liecivebyliny.eu<\/title>\n<meta name=\"robots\" content=\"index, follow, max-snippet:-1, max-image-preview:large, max-video-preview:-1\" \/>\n<link rel=\"canonical\" href=\"https:\/\/www.liecivebyliny.eu\/?page_id=727&lang=en\" \/>\n<meta property=\"og:locale\" content=\"sk_SK\" \/>\n<meta property=\"og:type\" content=\"article\" \/>\n<meta property=\"og:title\" content=\"Potentilla anserina&nbsp;L. - liecivebyliny.eu\" \/>\n<meta property=\"og:description\" content=\"English name:&nbsp;Silverweed, Goose-grass Family:&nbsp;Rosaceae&nbsp; Botanical characteristic:&nbsp;A perennial plant with a hairy, creeping stem that grows up to 80 cm long. The ground leaves are alternately arranged in a rosette, feathery-folded, ovate in shape. The five-petalled flowers are deep yellow in colour and grow singly on long peduncles. The fruit is an achene. Microscopic drawing: Distribution:&nbsp;The [&hellip;]\" \/>\n<meta property=\"og:url\" content=\"https:\/\/www.liecivebyliny.eu\/?page_id=727&amp;lang=en\" \/>\n<meta property=\"og:site_name\" content=\"liecivebyliny.eu\" \/>\n<meta property=\"article:modified_time\" content=\"2024-01-02T13:15:21+00:00\" \/>\n<meta property=\"og:image\" content=\"https:\/\/www.liecivebyliny.eu\/wp-content\/uploads\/2023\/12\/image-84.jpeg\" \/>\n<meta name=\"twitter:card\" content=\"summary_large_image\" \/>\n<meta name=\"twitter:label1\" content=\"Predpokladan\u00fd \u010das \u010d\u00edtania\" \/>\n\t<meta name=\"twitter:data1\" content=\"3 min\u00faty\" \/>\n<script type=\"application\/ld+json\" class=\"yoast-schema-graph\">{\"@context\":\"https:\/\/schema.org\",\"@graph\":[{\"@type\":\"WebPage\",\"@id\":\"https:\/\/www.liecivebyliny.eu\/?page_id=727&lang=en\",\"url\":\"https:\/\/www.liecivebyliny.eu\/?page_id=727&lang=en\",\"name\":\"Potentilla anserina&nbsp;L. - liecivebyliny.eu\",\"isPartOf\":{\"@id\":\"https:\/\/www.liecivebyliny.eu\/#website\"},\"datePublished\":\"2023-12-23T17:38:33+00:00\",\"dateModified\":\"2024-01-02T13:15:21+00:00\",\"breadcrumb\":{\"@id\":\"https:\/\/www.liecivebyliny.eu\/?page_id=727&lang=en#breadcrumb\"},\"inLanguage\":\"sk-SK\",\"potentialAction\":[{\"@type\":\"ReadAction\",\"target\":[\"https:\/\/www.liecivebyliny.eu\/?page_id=727&lang=en\"]}]},{\"@type\":\"BreadcrumbList\",\"@id\":\"https:\/\/www.liecivebyliny.eu\/?page_id=727&lang=en#breadcrumb\",\"itemListElement\":[{\"@type\":\"ListItem\",\"position\":1,\"name\":\"Home\",\"item\":\"https:\/\/www.liecivebyliny.eu\/\"},{\"@type\":\"ListItem\",\"position\":2,\"name\":\"Potentilla anserina&nbsp;L.\"}]},{\"@type\":\"WebSite\",\"@id\":\"https:\/\/www.liecivebyliny.eu\/#website\",\"url\":\"https:\/\/www.liecivebyliny.eu\/\",\"name\":\"liecivebyliny.eu\",\"description\":\"\",\"potentialAction\":[{\"@type\":\"SearchAction\",\"target\":{\"@type\":\"EntryPoint\",\"urlTemplate\":\"https:\/\/www.liecivebyliny.eu\/?s={search_term_string}\"},\"query-input\":\"required name=search_term_string\"}],\"inLanguage\":\"sk-SK\"}]}<\/script>\n<!-- \/ Yoast SEO plugin. -->","yoast_head_json":{"title":"Potentilla anserina&nbsp;L. - liecivebyliny.eu","robots":{"index":"index","follow":"follow","max-snippet":"max-snippet:-1","max-image-preview":"max-image-preview:large","max-video-preview":"max-video-preview:-1"},"canonical":"https:\/\/www.liecivebyliny.eu\/?page_id=727&lang=en","og_locale":"sk_SK","og_type":"article","og_title":"Potentilla anserina&nbsp;L. - liecivebyliny.eu","og_description":"English name:&nbsp;Silverweed, Goose-grass Family:&nbsp;Rosaceae&nbsp; Botanical characteristic:&nbsp;A perennial plant with a hairy, creeping stem that grows up to 80 cm long. The ground leaves are alternately arranged in a rosette, feathery-folded, ovate in shape. The five-petalled flowers are deep yellow in colour and grow singly on long peduncles. The fruit is an achene. Microscopic drawing: Distribution:&nbsp;The [&hellip;]","og_url":"https:\/\/www.liecivebyliny.eu\/?page_id=727&lang=en","og_site_name":"liecivebyliny.eu","article_modified_time":"2024-01-02T13:15:21+00:00","og_image":[{"url":"https:\/\/www.liecivebyliny.eu\/wp-content\/uploads\/2023\/12\/image-84.jpeg"}],"twitter_card":"summary_large_image","twitter_misc":{"Predpokladan\u00fd \u010das \u010d\u00edtania":"3 min\u00faty"},"schema":{"@context":"https:\/\/schema.org","@graph":[{"@type":"WebPage","@id":"https:\/\/www.liecivebyliny.eu\/?page_id=727&lang=en","url":"https:\/\/www.liecivebyliny.eu\/?page_id=727&lang=en","name":"Potentilla anserina&nbsp;L. - liecivebyliny.eu","isPartOf":{"@id":"https:\/\/www.liecivebyliny.eu\/#website"},"datePublished":"2023-12-23T17:38:33+00:00","dateModified":"2024-01-02T13:15:21+00:00","breadcrumb":{"@id":"https:\/\/www.liecivebyliny.eu\/?page_id=727&lang=en#breadcrumb"},"inLanguage":"sk-SK","potentialAction":[{"@type":"ReadAction","target":["https:\/\/www.liecivebyliny.eu\/?page_id=727&lang=en"]}]},{"@type":"BreadcrumbList","@id":"https:\/\/www.liecivebyliny.eu\/?page_id=727&lang=en#breadcrumb","itemListElement":[{"@type":"ListItem","position":1,"name":"Home","item":"https:\/\/www.liecivebyliny.eu\/"},{"@type":"ListItem","position":2,"name":"Potentilla anserina&nbsp;L."}]},{"@type":"WebSite","@id":"https:\/\/www.liecivebyliny.eu\/#website","url":"https:\/\/www.liecivebyliny.eu\/","name":"liecivebyliny.eu","description":"","potentialAction":[{"@type":"SearchAction","target":{"@type":"EntryPoint","urlTemplate":"https:\/\/www.liecivebyliny.eu\/?s={search_term_string}"},"query-input":"required name=search_term_string"}],"inLanguage":"sk-SK"}]}},"_links":{"self":[{"href":"https:\/\/www.liecivebyliny.eu\/index.php?rest_route=\/wp\/v2\/pages\/727"}],"collection":[{"href":"https:\/\/www.liecivebyliny.eu\/index.php?rest_route=\/wp\/v2\/pages"}],"about":[{"href":"https:\/\/www.liecivebyliny.eu\/index.php?rest_route=\/wp\/v2\/types\/page"}],"author":[{"embeddable":true,"href":"https:\/\/www.liecivebyliny.eu\/index.php?rest_route=\/wp\/v2\/users\/1"}],"replies":[{"embeddable":true,"href":"https:\/\/www.liecivebyliny.eu\/index.php?rest_route=%2Fwp%2Fv2%2Fcomments&post=727"}],"version-history":[{"count":2,"href":"https:\/\/www.liecivebyliny.eu\/index.php?rest_route=\/wp\/v2\/pages\/727\/revisions"}],"predecessor-version":[{"id":978,"href":"https:\/\/www.liecivebyliny.eu\/index.php?rest_route=\/wp\/v2\/pages\/727\/revisions\/978"}],"wp:attachment":[{"href":"https:\/\/www.liecivebyliny.eu\/index.php?rest_route=%2Fwp%2Fv2%2Fmedia&parent=727"}],"curies":[{"name":"wp","href":"https:\/\/api.w.org\/{rel}","templated":true}]}}