{"id":749,"date":"2023-12-23T18:47:24","date_gmt":"2023-12-23T17:47:24","guid":{"rendered":"https:\/\/www.liecivebyliny.eu\/?page_id=749"},"modified":"2023-12-29T23:04:33","modified_gmt":"2023-12-29T22:04:33","slug":"rubus-fructicosus-l-2","status":"publish","type":"page","link":"https:\/\/www.liecivebyliny.eu\/?page_id=749&lang=en","title":{"rendered":"<em>Rubus fructicosus<\/em>&nbsp;L."},"content":{"rendered":"<div class=\"wp-block-image\">\n<figure class=\"aligncenter size-full\"><img decoding=\"async\" loading=\"lazy\" width=\"256\" height=\"340\" src=\"https:\/\/www.liecivebyliny.eu\/wp-content\/uploads\/2023\/12\/image-87.jpeg\" alt=\"\" class=\"wp-image-750\" srcset=\"https:\/\/www.liecivebyliny.eu\/wp-content\/uploads\/2023\/12\/image-87.jpeg 256w, https:\/\/www.liecivebyliny.eu\/wp-content\/uploads\/2023\/12\/image-87-226x300.jpeg 226w\" sizes=\"(max-width: 256px) 100vw, 256px\" \/><figcaption class=\"wp-element-caption\">Blackberry<\/figcaption><\/figure><\/div>\n\n\n<p><strong>English name:\u00a0<\/strong>Blackberry<\/p>\n\n\n\n<p><strong>Family:<\/strong>&nbsp;<em>Rosaceae<\/em><\/p>\n\n\n\n<p><strong>Botanical characteristic:<\/strong>&nbsp;A branched, thorny, climbing shrub that grows to a height of 2 m. It contains creeping shoots from which long woody, non-flowering stems grow. The stem is angular, covered with bristles, hairs and thorns. The leaves are palmate, five-numbered, with serrated edges. They contain panicles. The reverse side is green and the sides are grey-white, covered with trichomes. Bisexual flowers have white or pink petals. The fruit is a set of drupes.<\/p>\n\n\n\n<p><strong>Microscopic drawing:<\/strong><\/p>\n\n\n<div class=\"wp-block-image\">\n<figure class=\"aligncenter size-full\"><img decoding=\"async\" loading=\"lazy\" width=\"320\" height=\"370\" src=\"https:\/\/www.liecivebyliny.eu\/wp-content\/uploads\/2023\/12\/image-96.png\" alt=\"\" class=\"wp-image-751\" srcset=\"https:\/\/www.liecivebyliny.eu\/wp-content\/uploads\/2023\/12\/image-96.png 320w, https:\/\/www.liecivebyliny.eu\/wp-content\/uploads\/2023\/12\/image-96-259x300.png 259w\" sizes=\"(max-width: 320px) 100vw, 320px\" \/><figcaption class=\"wp-element-caption\"><em>The drawing shows a cross-section of a blackberry leaf. On the surface of the leaf there is skin (a), under which palisade (b) and fungal parenchyma (c) are located. The skin is covered with covering (d) and glandular (e) trichomes. Some trichomes grow in bundles and are referred to as tufted trichomes (f). Parenchymal cells often contain calcium oxalate drusen (g).<\/em><\/figcaption><\/figure><\/div>\n\n\n<p><\/p>\n\n\n\n<p><strong>Distribution:<\/strong>&nbsp;It occurs in forest areas, on logging sites, on slopes. It forms continuous stands by the banks of streams, grows uncontrollably in gardens.<\/p>\n\n\n\n<p><strong>Drug:<\/strong><em>\u00a0Rubi fructicosi folium, fructus<\/em><\/p>\n\n\n\n<p><strong>Harvesting method:<\/strong>&nbsp;Young, undamaged blackberry leaves are harvested by hand during the flowering period from June to August. Gloves are an important protective tool. The fruits themselves are collected from August to September.<\/p>\n\n\n\n<p><strong>Drying:<\/strong>&nbsp;Blackberry leaves are dried in a dark and airy room, in a thin layer. When dried artificially, they are dried at a temperature of up to 50 \u00b0C.<\/p>\n\n\n\n<p><strong>Active substances:<\/strong>&nbsp;Blackberry leaves are rich in hydrolyzable tannins and flavonoids. Of the organic acids, citric and isocitric acids predominate.<\/p>\n\n\n\n<p><strong>Uses:<\/strong>&nbsp;The drug can be applied in milder forms of diarrhea, for gargling in mild inflammations of the mucous membrane of the oral cavity and nasopharynx. The leaf secretion is sometimes used to wash the skin in chronic skin diseases.<\/p>\n\n\n\n<p><strong>Traditional method of use in indications determined solely on the basis of long-term use:<\/strong><\/p>\n\n\n\n<p>&#8211; symptomatic relief of mild menstrual cramps,<\/p>\n\n\n\n<p>&#8211; symptomatic treatment of inflammation of the oral cavity and throat (as a gargle),<\/p>\n\n\n\n<p>&#8211; symptomatic treatment of mild diarrhea.<\/p>\n\n\n\n<p><strong>Selected herbal preparations:<\/strong>&nbsp;JUVAMED BLACKBERRY BRASS &#8211; Leaf herbal loose tea 1&#215;40 g, APOTHEKE TALE Forest mixture with raspberry Organic fruit tea 20&#215;2 g, GRE\u0160\u00cdK HERBAL CAPS GOOD DURATION 50 ml, Rabenhorst Eisenblut plus juice 450 ml, TEREZIA HEMOPLUS + FOLACIN cps 60 pcs.<\/p>\n","protected":false},"excerpt":{"rendered":"<p>English name:\u00a0Blackberry Family:&nbsp;Rosaceae Botanical characteristic:&nbsp;A branched, thorny, climbing shrub that grows to a height of 2 m. It contains creeping shoots from which long woody, non-flowering stems grow. The stem is angular, covered with bristles, hairs and thorns. The leaves are palmate, five-numbered, with serrated edges. They contain panicles. The reverse side is green and [&hellip;]<\/p>\n","protected":false},"author":1,"featured_media":0,"parent":0,"menu_order":0,"comment_status":"closed","ping_status":"closed","template":"","meta":{"_mi_skip_tracking":false},"yoast_head":"<!-- This site is optimized with the Yoast SEO plugin v20.4 - https:\/\/yoast.com\/wordpress\/plugins\/seo\/ -->\n<title>Rubus fructicosus&nbsp;L. - liecivebyliny.eu<\/title>\n<meta name=\"robots\" content=\"index, follow, max-snippet:-1, max-image-preview:large, max-video-preview:-1\" \/>\n<link rel=\"canonical\" href=\"https:\/\/www.liecivebyliny.eu\/?page_id=749&lang=en\" \/>\n<meta property=\"og:locale\" content=\"sk_SK\" \/>\n<meta property=\"og:type\" content=\"article\" \/>\n<meta property=\"og:title\" content=\"Rubus fructicosus&nbsp;L. - liecivebyliny.eu\" \/>\n<meta property=\"og:description\" content=\"English name:\u00a0Blackberry Family:&nbsp;Rosaceae Botanical characteristic:&nbsp;A branched, thorny, climbing shrub that grows to a height of 2 m. It contains creeping shoots from which long woody, non-flowering stems grow. The stem is angular, covered with bristles, hairs and thorns. The leaves are palmate, five-numbered, with serrated edges. They contain panicles. The reverse side is green and [&hellip;]\" \/>\n<meta property=\"og:url\" content=\"https:\/\/www.liecivebyliny.eu\/?page_id=749&amp;lang=en\" \/>\n<meta property=\"og:site_name\" content=\"liecivebyliny.eu\" \/>\n<meta property=\"article:modified_time\" content=\"2023-12-29T22:04:33+00:00\" \/>\n<meta property=\"og:image\" content=\"https:\/\/www.liecivebyliny.eu\/wp-content\/uploads\/2023\/12\/image-87.jpeg\" \/>\n<meta name=\"twitter:card\" content=\"summary_large_image\" \/>\n<meta name=\"twitter:label1\" content=\"Predpokladan\u00fd \u010das \u010d\u00edtania\" \/>\n\t<meta name=\"twitter:data1\" content=\"3 min\u00faty\" \/>\n<script type=\"application\/ld+json\" class=\"yoast-schema-graph\">{\"@context\":\"https:\/\/schema.org\",\"@graph\":[{\"@type\":\"WebPage\",\"@id\":\"https:\/\/www.liecivebyliny.eu\/?page_id=749&lang=en\",\"url\":\"https:\/\/www.liecivebyliny.eu\/?page_id=749&lang=en\",\"name\":\"Rubus fructicosus&nbsp;L. - liecivebyliny.eu\",\"isPartOf\":{\"@id\":\"https:\/\/www.liecivebyliny.eu\/#website\"},\"datePublished\":\"2023-12-23T17:47:24+00:00\",\"dateModified\":\"2023-12-29T22:04:33+00:00\",\"breadcrumb\":{\"@id\":\"https:\/\/www.liecivebyliny.eu\/?page_id=749&lang=en#breadcrumb\"},\"inLanguage\":\"sk-SK\",\"potentialAction\":[{\"@type\":\"ReadAction\",\"target\":[\"https:\/\/www.liecivebyliny.eu\/?page_id=749&lang=en\"]}]},{\"@type\":\"BreadcrumbList\",\"@id\":\"https:\/\/www.liecivebyliny.eu\/?page_id=749&lang=en#breadcrumb\",\"itemListElement\":[{\"@type\":\"ListItem\",\"position\":1,\"name\":\"Home\",\"item\":\"https:\/\/www.liecivebyliny.eu\/\"},{\"@type\":\"ListItem\",\"position\":2,\"name\":\"Rubus fructicosus&nbsp;L.\"}]},{\"@type\":\"WebSite\",\"@id\":\"https:\/\/www.liecivebyliny.eu\/#website\",\"url\":\"https:\/\/www.liecivebyliny.eu\/\",\"name\":\"liecivebyliny.eu\",\"description\":\"\",\"potentialAction\":[{\"@type\":\"SearchAction\",\"target\":{\"@type\":\"EntryPoint\",\"urlTemplate\":\"https:\/\/www.liecivebyliny.eu\/?s={search_term_string}\"},\"query-input\":\"required name=search_term_string\"}],\"inLanguage\":\"sk-SK\"}]}<\/script>\n<!-- \/ Yoast SEO plugin. -->","yoast_head_json":{"title":"Rubus fructicosus&nbsp;L. - liecivebyliny.eu","robots":{"index":"index","follow":"follow","max-snippet":"max-snippet:-1","max-image-preview":"max-image-preview:large","max-video-preview":"max-video-preview:-1"},"canonical":"https:\/\/www.liecivebyliny.eu\/?page_id=749&lang=en","og_locale":"sk_SK","og_type":"article","og_title":"Rubus fructicosus&nbsp;L. - liecivebyliny.eu","og_description":"English name:\u00a0Blackberry Family:&nbsp;Rosaceae Botanical characteristic:&nbsp;A branched, thorny, climbing shrub that grows to a height of 2 m. It contains creeping shoots from which long woody, non-flowering stems grow. The stem is angular, covered with bristles, hairs and thorns. The leaves are palmate, five-numbered, with serrated edges. They contain panicles. The reverse side is green and [&hellip;]","og_url":"https:\/\/www.liecivebyliny.eu\/?page_id=749&lang=en","og_site_name":"liecivebyliny.eu","article_modified_time":"2023-12-29T22:04:33+00:00","og_image":[{"url":"https:\/\/www.liecivebyliny.eu\/wp-content\/uploads\/2023\/12\/image-87.jpeg"}],"twitter_card":"summary_large_image","twitter_misc":{"Predpokladan\u00fd \u010das \u010d\u00edtania":"3 min\u00faty"},"schema":{"@context":"https:\/\/schema.org","@graph":[{"@type":"WebPage","@id":"https:\/\/www.liecivebyliny.eu\/?page_id=749&lang=en","url":"https:\/\/www.liecivebyliny.eu\/?page_id=749&lang=en","name":"Rubus fructicosus&nbsp;L. - liecivebyliny.eu","isPartOf":{"@id":"https:\/\/www.liecivebyliny.eu\/#website"},"datePublished":"2023-12-23T17:47:24+00:00","dateModified":"2023-12-29T22:04:33+00:00","breadcrumb":{"@id":"https:\/\/www.liecivebyliny.eu\/?page_id=749&lang=en#breadcrumb"},"inLanguage":"sk-SK","potentialAction":[{"@type":"ReadAction","target":["https:\/\/www.liecivebyliny.eu\/?page_id=749&lang=en"]}]},{"@type":"BreadcrumbList","@id":"https:\/\/www.liecivebyliny.eu\/?page_id=749&lang=en#breadcrumb","itemListElement":[{"@type":"ListItem","position":1,"name":"Home","item":"https:\/\/www.liecivebyliny.eu\/"},{"@type":"ListItem","position":2,"name":"Rubus fructicosus&nbsp;L."}]},{"@type":"WebSite","@id":"https:\/\/www.liecivebyliny.eu\/#website","url":"https:\/\/www.liecivebyliny.eu\/","name":"liecivebyliny.eu","description":"","potentialAction":[{"@type":"SearchAction","target":{"@type":"EntryPoint","urlTemplate":"https:\/\/www.liecivebyliny.eu\/?s={search_term_string}"},"query-input":"required name=search_term_string"}],"inLanguage":"sk-SK"}]}},"_links":{"self":[{"href":"https:\/\/www.liecivebyliny.eu\/index.php?rest_route=\/wp\/v2\/pages\/749"}],"collection":[{"href":"https:\/\/www.liecivebyliny.eu\/index.php?rest_route=\/wp\/v2\/pages"}],"about":[{"href":"https:\/\/www.liecivebyliny.eu\/index.php?rest_route=\/wp\/v2\/types\/page"}],"author":[{"embeddable":true,"href":"https:\/\/www.liecivebyliny.eu\/index.php?rest_route=\/wp\/v2\/users\/1"}],"replies":[{"embeddable":true,"href":"https:\/\/www.liecivebyliny.eu\/index.php?rest_route=%2Fwp%2Fv2%2Fcomments&post=749"}],"version-history":[{"count":1,"href":"https:\/\/www.liecivebyliny.eu\/index.php?rest_route=\/wp\/v2\/pages\/749\/revisions"}],"predecessor-version":[{"id":752,"href":"https:\/\/www.liecivebyliny.eu\/index.php?rest_route=\/wp\/v2\/pages\/749\/revisions\/752"}],"wp:attachment":[{"href":"https:\/\/www.liecivebyliny.eu\/index.php?rest_route=%2Fwp%2Fv2%2Fmedia&parent=749"}],"curies":[{"name":"wp","href":"https:\/\/api.w.org\/{rel}","templated":true}]}}