{"id":79,"date":"2023-12-21T17:04:08","date_gmt":"2023-12-21T16:04:08","guid":{"rendered":"https:\/\/www.liecivebyliny.eu\/?page_id=79"},"modified":"2024-01-01T20:18:50","modified_gmt":"2024-01-01T19:18:50","slug":"agrimonia-eupatoria-l","status":"publish","type":"page","link":"https:\/\/www.liecivebyliny.eu\/?page_id=79","title":{"rendered":"Agrimonia eupatoria\u00a0L."},"content":{"rendered":"<div class=\"wp-block-image\">\n<figure class=\"aligncenter size-full\"><img decoding=\"async\" loading=\"lazy\" width=\"242\" height=\"346\" src=\"https:\/\/www.liecivebyliny.eu\/wp-content\/uploads\/2023\/12\/image-1.png\" alt=\"\" class=\"wp-image-83\" srcset=\"https:\/\/www.liecivebyliny.eu\/wp-content\/uploads\/2023\/12\/image-1.png 242w, https:\/\/www.liecivebyliny.eu\/wp-content\/uploads\/2023\/12\/image-1-210x300.png 210w\" sizes=\"(max-width: 242px) 100vw, 242px\" \/><figcaption class=\"wp-element-caption\">Rep\u00edk lek\u00e1rsky<\/figcaption><\/figure><\/div>\n\n\n<p><strong>Slovensk\u00fd n\u00e1zov:<\/strong>&nbsp;rep\u00edk lek\u00e1rsky<\/p>\n\n\n\n<p><strong>Anglick\u00fd n\u00e1zov:<\/strong>&nbsp;Common agrimony<\/p>\n\n\n\n<p><strong>\u010cesk\u00fd n\u00e1zov:<\/strong>&nbsp;\u0159ep\u00edk l\u00e9ka\u0159sk\u00fd<\/p>\n\n\n\n<p><strong>\u013dudov\u00e9 n\u00e1zvy:<\/strong>&nbsp;bo\u017e\u00ed bi\u010d, konop\u00ednec, rep\u00ed\u010dek, star\u010dek<\/p>\n\n\n\n<p><strong>\u010ce\u013ea\u010f<\/strong>:&nbsp;<em>Rosaceae&nbsp;<\/em>(ru\u017eovit\u00e9)&nbsp;<\/p>\n\n\n\n<p><strong>Botanick\u00e1 charakteristika:<\/strong> Trv\u00e1ca, 50 \u2013 100 cm vysok\u00e1 bylina, pokryt\u00e1 ch\u013apkami. Z tuhej, priamej stonky vyrastaj\u00fa perovito zlo\u017een\u00e9, z\u00fabkat\u00e9, na l\u00edcnej strane tmavozelen\u00e9, na rubovej strane sivo plstnat\u00e9 listy, s mal\u00fdm mno\u017estvom \u017eliazok. Spodn\u00e9 listy vyrastaj\u00fa v&nbsp;pr\u00edzemnej ru\u017eici. Drobn\u00e9, \u017elt\u00e9 kvety s\u00fa p\u00e4\u0165po\u010detn\u00e9, usporiadan\u00e9 do strapcovit\u00fdch s\u00fakvet\u00ed. Plodom je mal\u00e1 na\u017eka.<\/p>\n\n\n\n<p><strong>Mikroskopick\u00fd n\u00e1kres:<\/strong><\/p>\n\n\n<div class=\"wp-block-image\">\n<figure class=\"aligncenter size-full\"><img decoding=\"async\" loading=\"lazy\" width=\"456\" height=\"408\" src=\"https:\/\/www.liecivebyliny.eu\/wp-content\/uploads\/2023\/12\/image.png\" alt=\"\" class=\"wp-image-80\" srcset=\"https:\/\/www.liecivebyliny.eu\/wp-content\/uploads\/2023\/12\/image.png 456w, https:\/\/www.liecivebyliny.eu\/wp-content\/uploads\/2023\/12\/image-300x268.png 300w\" sizes=\"(max-width: 456px) 100vw, 456px\" \/><figcaption class=\"wp-element-caption\"><em>Bunky poko\u017eky korunn\u00e9ho lupienka (I.) rep\u00edka lek\u00e1rskeho obsahuj\u00fa kry\u0161t\u00e1ly \u0161\u0165avelanu v\u00e1penat\u00e9ho (a). Na&nbsp;poko\u017eke kali\u0161n\u00e9ho l\u00edstka (II.) s\u00fa pr\u00edtomn\u00e9 \u017e\u013eaznat\u00e9 (b) a&nbsp;krycie trich\u00f3my (c), pri\u010dom s\u00fa pozorovate\u013en\u00e9 aj prieduchy (d).<\/em><\/figcaption><\/figure><\/div>\n\n\n<figure class=\"is-layout-flex wp-block-gallery-1 wp-block-gallery has-nested-images columns-default is-cropped\">\n<figure class=\"wp-block-image size-large\"><img decoding=\"async\" loading=\"lazy\" width=\"640\" height=\"480\" data-id=\"915\"  src=\"https:\/\/www.liecivebyliny.eu\/wp-content\/uploads\/2024\/01\/Agrimoniae-herba-100x.jpg\" alt=\"\" class=\"wp-image-915\" srcset=\"https:\/\/www.liecivebyliny.eu\/wp-content\/uploads\/2024\/01\/Agrimoniae-herba-100x.jpg 640w, https:\/\/www.liecivebyliny.eu\/wp-content\/uploads\/2024\/01\/Agrimoniae-herba-100x-300x225.jpg 300w\" sizes=\"(max-width: 640px) 100vw, 640px\" \/><figcaption class=\"wp-element-caption\">Prie\u010dny rez stonkou rep\u00edka (zv\u00e4\u010d\u0161en\u00e9 100x)<\/figcaption><\/figure>\n\n\n\n<figure class=\"wp-block-image size-large\"><img decoding=\"async\" loading=\"lazy\" width=\"480\" height=\"640\" data-id=\"914\"  src=\"https:\/\/www.liecivebyliny.eu\/wp-content\/uploads\/2024\/01\/Agrimoniae-herba-100xa.jpg\" alt=\"\" class=\"wp-image-914\" srcset=\"https:\/\/www.liecivebyliny.eu\/wp-content\/uploads\/2024\/01\/Agrimoniae-herba-100xa.jpg 480w, https:\/\/www.liecivebyliny.eu\/wp-content\/uploads\/2024\/01\/Agrimoniae-herba-100xa-225x300.jpg 225w\" sizes=\"(max-width: 480px) 100vw, 480px\" \/><figcaption class=\"wp-element-caption\">Prie\u010dny rez listom rep\u00edka (zv\u00e4\u010d\u0161en\u00e9 100x)<\/figcaption><\/figure>\n<\/figure>\n\n\n\n<p><strong>Roz\u0161\u00edrenie:<\/strong> Rastie na such\u00fdch l\u00fakach a pasienkoch, s v\u00e1pencov\u00fdm podlo\u017e\u00edm. Vyskytuje sa v&nbsp;bl\u00edzkosti ciest, na okrajoch lesov.<\/p>\n\n\n\n<p><strong>Droga:&nbsp;<\/strong><em>Agrimoniae herba<\/em><\/p>\n\n\n\n<p><strong>Sp\u00f4sob zberu: <\/strong>V\u0148a\u0165 sa zbiera v&nbsp;\u010dase kvitnutia, od m\u00e1ja do augusta, za such\u00e9ho po\u010dasia, pomocou z\u00e1hradn\u00edckych no\u017en\u00edc. Kos\u00ed sa 10 \u2013 15 cm nad zemou.<\/p>\n\n\n\n<p><strong>Su\u0161enie: <\/strong>Su\u0161enie prebieha prirodzen\u00fdm sp\u00f4sobom v&nbsp;tieni, v&nbsp;tenk\u00fdch vrstv\u00e1ch. V\u0148a\u0165 \u010dasto podlieha zapareniu. Teplota umel\u00e9ho sp\u00f4sobu su\u0161enia by nemala presiahn\u00fa\u0165 35 \u00b0C.&nbsp;<\/p>\n\n\n\n<p><strong>Obsahov\u00e9 l\u00e1tky:<\/strong> V&nbsp;rastline prevl\u00e1daj\u00fa katech\u00ednov\u00e9 triesloviny, ktor\u00e9 v&nbsp;su\u0161enej droge m\u00f4\u017eu tvori\u0165 a\u017e 10 %. D\u00f4le\u017eit\u00e9 s\u00fa aj flavonoidy, triterp\u00e9ny a&nbsp;stopy sil\u00edc.<\/p>\n\n\n\n<p><strong>Pou\u017eitie:<\/strong> Rep\u00edk lek\u00e1rsky disponuje mierne s\u0165ahuj\u00facimi a&nbsp;protiz\u00e1palov\u00fdmi \u00fa\u010dinkami. Pou\u017e\u00edva sa pri&nbsp;miernych form\u00e1ch hna\u010diek, na vyplachovanie a&nbsp;kloktanie pri z\u00e1paloch slizn\u00edc \u00fast a&nbsp;nosohltanu. \u010caj z&nbsp;rep\u00edka lek\u00e1rskeho sa pou\u017e\u00edva aj pri ochoreniach \u017el\u010dov\u00fdch ciest.<\/p>\n\n\n\n<p><strong>Tradi\u010dn\u00fd sp\u00f4sob pou\u017eitia v&nbsp;indik\u00e1ci\u00e1ch ur\u010den\u00fdch v\u00fdhradne na z\u00e1klade dlhodob\u00e9ho pou\u017e\u00edvania:<\/strong><\/p>\n\n\n\n<ul>\n<li>symptomatick\u00e1 lie\u010dba miernej hna\u010dky,<\/li>\n\n\n\n<li>symptomatick\u00e1 lie\u010dba z\u00e1palov hrdla a&nbsp;\u00fastnej dutiny (kloktadlo),<\/li>\n\n\n\n<li>drobn\u00e9 ko\u017en\u00e9 z\u00e1paly a&nbsp;povrchov\u00e9 poranenia.<\/li>\n<\/ul>\n\n\n\n<p><strong>Vybran\u00e9 rastlinn\u00e9 pr\u00edpravky:&nbsp;<\/strong>AGROKARPATY REP\u00cdK lek\u00e1rsky \u010daj 20&#215;2 g, MEGAFYT BL REP\u00cdKOVA v\u0148a\u0165 bylinn\u00fd \u010daj 1&#215;50 g, APOTHEKE \u017dAL\u00daDO\u010cN\u00dd \u010cAJ S REP\u00cdKOM 20&#215;1,5 g, AGROKARPATY PE\u010cE\u0147 a \u017el\u010dn\u00edk bylinn\u00fd \u010daj, \u010dist\u00fd pr\u00edrodn\u00fd produkt 20&#215;2 g, DR. POPOV \u010cAJ \u010cISTIACI S&nbsp;\u010cERVENOU REPOU n\u00e1levov\u00e9 vrec\u00fa\u0161ka 20&#215;1,5 g, FYTO Bylinn\u00e1 zmes NA HRDLO A HLTAN 20&#215;1,5 g,&nbsp;Dr. Rukavi\u010dka ARODUBIN \u0161irokospektr\u00e1lny SPREJ bylinn\u00e1 tinkt\u00fara 1&#215;30 ml, Calendula Cynarofit kvapky 25 ml, ColonBene 4&#215;330 ml (inov. zlo\u017eenie), NATURLAND \u0160V\u00c9DSKE KVAPKY 100 ml, FYTO EUGASTRIN na dobr\u00e9 tr\u00e1venie, cps&nbsp;30&nbsp;ks.<\/p>\n","protected":false},"excerpt":{"rendered":"<p>Slovensk\u00fd n\u00e1zov:&nbsp;rep\u00edk lek\u00e1rsky Anglick\u00fd n\u00e1zov:&nbsp;Common agrimony \u010cesk\u00fd n\u00e1zov:&nbsp;\u0159ep\u00edk l\u00e9ka\u0159sk\u00fd \u013dudov\u00e9 n\u00e1zvy:&nbsp;bo\u017e\u00ed bi\u010d, konop\u00ednec, rep\u00ed\u010dek, star\u010dek \u010ce\u013ea\u010f:&nbsp;Rosaceae&nbsp;(ru\u017eovit\u00e9)&nbsp; Botanick\u00e1 charakteristika: Trv\u00e1ca, 50 \u2013 100 cm vysok\u00e1 bylina, pokryt\u00e1 ch\u013apkami. Z tuhej, priamej stonky vyrastaj\u00fa perovito zlo\u017een\u00e9, z\u00fabkat\u00e9, na l\u00edcnej strane tmavozelen\u00e9, na rubovej strane sivo plstnat\u00e9 listy, s mal\u00fdm mno\u017estvom \u017eliazok. Spodn\u00e9 listy vyrastaj\u00fa v&nbsp;pr\u00edzemnej ru\u017eici. Drobn\u00e9, [&hellip;]<\/p>\n","protected":false},"author":1,"featured_media":0,"parent":0,"menu_order":0,"comment_status":"closed","ping_status":"closed","template":"","meta":{"_mi_skip_tracking":false},"yoast_head":"<!-- This site is optimized with the Yoast SEO plugin v20.4 - https:\/\/yoast.com\/wordpress\/plugins\/seo\/ -->\n<title>Agrimonia eupatoria\u00a0L. - liecivebyliny.eu<\/title>\n<meta name=\"robots\" content=\"index, follow, max-snippet:-1, max-image-preview:large, max-video-preview:-1\" \/>\n<link rel=\"canonical\" href=\"https:\/\/www.liecivebyliny.eu\/?page_id=79\" \/>\n<meta property=\"og:locale\" content=\"sk_SK\" \/>\n<meta property=\"og:type\" content=\"article\" \/>\n<meta property=\"og:title\" content=\"Agrimonia eupatoria\u00a0L. - liecivebyliny.eu\" \/>\n<meta property=\"og:description\" content=\"Slovensk\u00fd n\u00e1zov:&nbsp;rep\u00edk lek\u00e1rsky Anglick\u00fd n\u00e1zov:&nbsp;Common agrimony \u010cesk\u00fd n\u00e1zov:&nbsp;\u0159ep\u00edk l\u00e9ka\u0159sk\u00fd \u013dudov\u00e9 n\u00e1zvy:&nbsp;bo\u017e\u00ed bi\u010d, konop\u00ednec, rep\u00ed\u010dek, star\u010dek \u010ce\u013ea\u010f:&nbsp;Rosaceae&nbsp;(ru\u017eovit\u00e9)&nbsp; Botanick\u00e1 charakteristika: Trv\u00e1ca, 50 \u2013 100 cm vysok\u00e1 bylina, pokryt\u00e1 ch\u013apkami. Z tuhej, priamej stonky vyrastaj\u00fa perovito zlo\u017een\u00e9, z\u00fabkat\u00e9, na l\u00edcnej strane tmavozelen\u00e9, na rubovej strane sivo plstnat\u00e9 listy, s mal\u00fdm mno\u017estvom \u017eliazok. Spodn\u00e9 listy vyrastaj\u00fa v&nbsp;pr\u00edzemnej ru\u017eici. Drobn\u00e9, [&hellip;]\" \/>\n<meta property=\"og:url\" content=\"https:\/\/www.liecivebyliny.eu\/?page_id=79\" \/>\n<meta property=\"og:site_name\" content=\"liecivebyliny.eu\" \/>\n<meta property=\"article:modified_time\" content=\"2024-01-01T19:18:50+00:00\" \/>\n<meta property=\"og:image\" content=\"https:\/\/www.liecivebyliny.eu\/wp-content\/uploads\/2023\/12\/image-1.png\" \/>\n<meta name=\"twitter:card\" content=\"summary_large_image\" \/>\n<meta name=\"twitter:label1\" content=\"Predpokladan\u00fd \u010das \u010d\u00edtania\" \/>\n\t<meta name=\"twitter:data1\" content=\"3 min\u00faty\" \/>\n<script type=\"application\/ld+json\" class=\"yoast-schema-graph\">{\"@context\":\"https:\/\/schema.org\",\"@graph\":[{\"@type\":\"WebPage\",\"@id\":\"https:\/\/www.liecivebyliny.eu\/?page_id=79\",\"url\":\"https:\/\/www.liecivebyliny.eu\/?page_id=79\",\"name\":\"Agrimonia eupatoria\u00a0L. - liecivebyliny.eu\",\"isPartOf\":{\"@id\":\"https:\/\/www.liecivebyliny.eu\/#website\"},\"datePublished\":\"2023-12-21T16:04:08+00:00\",\"dateModified\":\"2024-01-01T19:18:50+00:00\",\"breadcrumb\":{\"@id\":\"https:\/\/www.liecivebyliny.eu\/?page_id=79#breadcrumb\"},\"inLanguage\":\"sk-SK\",\"potentialAction\":[{\"@type\":\"ReadAction\",\"target\":[\"https:\/\/www.liecivebyliny.eu\/?page_id=79\"]}]},{\"@type\":\"BreadcrumbList\",\"@id\":\"https:\/\/www.liecivebyliny.eu\/?page_id=79#breadcrumb\",\"itemListElement\":[{\"@type\":\"ListItem\",\"position\":1,\"name\":\"Home\",\"item\":\"https:\/\/www.liecivebyliny.eu\/\"},{\"@type\":\"ListItem\",\"position\":2,\"name\":\"Agrimonia eupatoria\u00a0L.\"}]},{\"@type\":\"WebSite\",\"@id\":\"https:\/\/www.liecivebyliny.eu\/#website\",\"url\":\"https:\/\/www.liecivebyliny.eu\/\",\"name\":\"liecivebyliny.eu\",\"description\":\"\",\"potentialAction\":[{\"@type\":\"SearchAction\",\"target\":{\"@type\":\"EntryPoint\",\"urlTemplate\":\"https:\/\/www.liecivebyliny.eu\/?s={search_term_string}\"},\"query-input\":\"required name=search_term_string\"}],\"inLanguage\":\"sk-SK\"}]}<\/script>\n<!-- \/ Yoast SEO plugin. -->","yoast_head_json":{"title":"Agrimonia eupatoria\u00a0L. - liecivebyliny.eu","robots":{"index":"index","follow":"follow","max-snippet":"max-snippet:-1","max-image-preview":"max-image-preview:large","max-video-preview":"max-video-preview:-1"},"canonical":"https:\/\/www.liecivebyliny.eu\/?page_id=79","og_locale":"sk_SK","og_type":"article","og_title":"Agrimonia eupatoria\u00a0L. - liecivebyliny.eu","og_description":"Slovensk\u00fd n\u00e1zov:&nbsp;rep\u00edk lek\u00e1rsky Anglick\u00fd n\u00e1zov:&nbsp;Common agrimony \u010cesk\u00fd n\u00e1zov:&nbsp;\u0159ep\u00edk l\u00e9ka\u0159sk\u00fd \u013dudov\u00e9 n\u00e1zvy:&nbsp;bo\u017e\u00ed bi\u010d, konop\u00ednec, rep\u00ed\u010dek, star\u010dek \u010ce\u013ea\u010f:&nbsp;Rosaceae&nbsp;(ru\u017eovit\u00e9)&nbsp; Botanick\u00e1 charakteristika: Trv\u00e1ca, 50 \u2013 100 cm vysok\u00e1 bylina, pokryt\u00e1 ch\u013apkami. Z tuhej, priamej stonky vyrastaj\u00fa perovito zlo\u017een\u00e9, z\u00fabkat\u00e9, na l\u00edcnej strane tmavozelen\u00e9, na rubovej strane sivo plstnat\u00e9 listy, s mal\u00fdm mno\u017estvom \u017eliazok. Spodn\u00e9 listy vyrastaj\u00fa v&nbsp;pr\u00edzemnej ru\u017eici. Drobn\u00e9, [&hellip;]","og_url":"https:\/\/www.liecivebyliny.eu\/?page_id=79","og_site_name":"liecivebyliny.eu","article_modified_time":"2024-01-01T19:18:50+00:00","og_image":[{"url":"https:\/\/www.liecivebyliny.eu\/wp-content\/uploads\/2023\/12\/image-1.png"}],"twitter_card":"summary_large_image","twitter_misc":{"Predpokladan\u00fd \u010das \u010d\u00edtania":"3 min\u00faty"},"schema":{"@context":"https:\/\/schema.org","@graph":[{"@type":"WebPage","@id":"https:\/\/www.liecivebyliny.eu\/?page_id=79","url":"https:\/\/www.liecivebyliny.eu\/?page_id=79","name":"Agrimonia eupatoria\u00a0L. - liecivebyliny.eu","isPartOf":{"@id":"https:\/\/www.liecivebyliny.eu\/#website"},"datePublished":"2023-12-21T16:04:08+00:00","dateModified":"2024-01-01T19:18:50+00:00","breadcrumb":{"@id":"https:\/\/www.liecivebyliny.eu\/?page_id=79#breadcrumb"},"inLanguage":"sk-SK","potentialAction":[{"@type":"ReadAction","target":["https:\/\/www.liecivebyliny.eu\/?page_id=79"]}]},{"@type":"BreadcrumbList","@id":"https:\/\/www.liecivebyliny.eu\/?page_id=79#breadcrumb","itemListElement":[{"@type":"ListItem","position":1,"name":"Home","item":"https:\/\/www.liecivebyliny.eu\/"},{"@type":"ListItem","position":2,"name":"Agrimonia eupatoria\u00a0L."}]},{"@type":"WebSite","@id":"https:\/\/www.liecivebyliny.eu\/#website","url":"https:\/\/www.liecivebyliny.eu\/","name":"liecivebyliny.eu","description":"","potentialAction":[{"@type":"SearchAction","target":{"@type":"EntryPoint","urlTemplate":"https:\/\/www.liecivebyliny.eu\/?s={search_term_string}"},"query-input":"required name=search_term_string"}],"inLanguage":"sk-SK"}]}},"_links":{"self":[{"href":"https:\/\/www.liecivebyliny.eu\/index.php?rest_route=\/wp\/v2\/pages\/79"}],"collection":[{"href":"https:\/\/www.liecivebyliny.eu\/index.php?rest_route=\/wp\/v2\/pages"}],"about":[{"href":"https:\/\/www.liecivebyliny.eu\/index.php?rest_route=\/wp\/v2\/types\/page"}],"author":[{"embeddable":true,"href":"https:\/\/www.liecivebyliny.eu\/index.php?rest_route=\/wp\/v2\/users\/1"}],"replies":[{"embeddable":true,"href":"https:\/\/www.liecivebyliny.eu\/index.php?rest_route=%2Fwp%2Fv2%2Fcomments&post=79"}],"version-history":[{"count":5,"href":"https:\/\/www.liecivebyliny.eu\/index.php?rest_route=\/wp\/v2\/pages\/79\/revisions"}],"predecessor-version":[{"id":917,"href":"https:\/\/www.liecivebyliny.eu\/index.php?rest_route=\/wp\/v2\/pages\/79\/revisions\/917"}],"wp:attachment":[{"href":"https:\/\/www.liecivebyliny.eu\/index.php?rest_route=%2Fwp%2Fv2%2Fmedia&parent=79"}],"curies":[{"name":"wp","href":"https:\/\/api.w.org\/{rel}","templated":true}]}}