{"id":801,"date":"2023-12-23T19:31:43","date_gmt":"2023-12-23T18:31:43","guid":{"rendered":"https:\/\/www.liecivebyliny.eu\/?page_id=801"},"modified":"2024-01-02T13:57:50","modified_gmt":"2024-01-02T12:57:50","slug":"thymus-serphyllum-l-2","status":"publish","type":"page","link":"https:\/\/www.liecivebyliny.eu\/?page_id=801&lang=en","title":{"rendered":"<strong><em>Thymus serphyllum<\/em><\/strong><strong>&nbsp;L.<\/strong>"},"content":{"rendered":"<div class=\"wp-block-image\">\n<figure class=\"aligncenter size-full\"><img decoding=\"async\" loading=\"lazy\" width=\"252\" height=\"340\" src=\"https:\/\/www.liecivebyliny.eu\/wp-content\/uploads\/2023\/12\/image-95.jpeg\" alt=\"\" class=\"wp-image-802\" srcset=\"https:\/\/www.liecivebyliny.eu\/wp-content\/uploads\/2023\/12\/image-95.jpeg 252w, https:\/\/www.liecivebyliny.eu\/wp-content\/uploads\/2023\/12\/image-95-222x300.jpeg 222w\" sizes=\"(max-width: 252px) 100vw, 252px\" \/><figcaption class=\"wp-element-caption\">Wild thyme<\/figcaption><\/figure><\/div>\n\n\n<p><strong>English name:<\/strong>&nbsp;Wild thyme<\/p>\n\n\n\n<p><strong>Family:<\/strong>&nbsp;<em>Lamiaceae&nbsp;<\/em><\/p>\n\n\n\n<p><strong>Botanical characteristic:<\/strong>&nbsp;A perennial, low-growing plant with a prostrate quadrangular stem. The leaves are short-stalked, opposite, egg-shaped, and entire-margined. Pink-purple flowers grow in clusters at the tops of the stems. The fruit is a small, dry, deciduous fruit from a two-seeded pistil which breaks into 4 one-seeded parts. The aboveground part of the plant is covered with glandular trichomes.<\/p>\n\n\n\n<p><strong>Microscopic drawing:<\/strong><\/p>\n\n\n<div class=\"wp-block-image\">\n<figure class=\"aligncenter size-full\"><img decoding=\"async\" loading=\"lazy\" width=\"336\" height=\"358\" src=\"https:\/\/www.liecivebyliny.eu\/wp-content\/uploads\/2023\/12\/image-106.png\" alt=\"\" class=\"wp-image-804\" srcset=\"https:\/\/www.liecivebyliny.eu\/wp-content\/uploads\/2023\/12\/image-106.png 336w, https:\/\/www.liecivebyliny.eu\/wp-content\/uploads\/2023\/12\/image-106-282x300.png 282w\" sizes=\"(max-width: 336px) 100vw, 336px\" \/><figcaption class=\"wp-element-caption\"><em>The skin of the leaf of&nbsp;wild thyme&nbsp;contains covering trichomes (a) and glandular trichomes (b). Characteristic features also include disc-shaped glands of plants in the Lamiaceae family (c) and stomata with two accompanying cells (d).<\/em><\/figcaption><\/figure><\/div>\n\n\n<figure class=\"is-layout-flex wp-block-gallery-1 wp-block-gallery has-nested-images columns-default is-cropped\">\n<figure class=\"wp-block-image size-large\"><img decoding=\"async\" loading=\"lazy\" width=\"635\" height=\"476\" data-id=\"952\"  src=\"https:\/\/www.liecivebyliny.eu\/wp-content\/uploads\/2024\/01\/Thymi-herba-100x-2-1.jpg\" alt=\"\" class=\"wp-image-952\" srcset=\"https:\/\/www.liecivebyliny.eu\/wp-content\/uploads\/2024\/01\/Thymi-herba-100x-2-1.jpg 635w, https:\/\/www.liecivebyliny.eu\/wp-content\/uploads\/2024\/01\/Thymi-herba-100x-2-1-300x225.jpg 300w\" sizes=\"(max-width: 635px) 100vw, 635px\" \/><figcaption class=\"wp-element-caption\">Cross section of a leaf (magnified 100x)<\/figcaption><\/figure>\n\n\n\n<figure class=\"wp-block-image size-large\"><img decoding=\"async\" loading=\"lazy\" width=\"640\" height=\"480\" data-id=\"951\"  src=\"https:\/\/www.liecivebyliny.eu\/wp-content\/uploads\/2024\/01\/Thymi-herba-100x-1.jpg\" alt=\"\" class=\"wp-image-951\" srcset=\"https:\/\/www.liecivebyliny.eu\/wp-content\/uploads\/2024\/01\/Thymi-herba-100x-1.jpg 640w, https:\/\/www.liecivebyliny.eu\/wp-content\/uploads\/2024\/01\/Thymi-herba-100x-1-300x225.jpg 300w\" sizes=\"(max-width: 640px) 100vw, 640px\" \/><figcaption class=\"wp-element-caption\">Cross section of a stem (magnified 100x)<\/figcaption><\/figure>\n<\/figure>\n\n\n\n<p><\/p>\n\n\n\n<p><strong>Distribution:<\/strong>&nbsp;It grows in meadows, pastures, on the edges of forests, in sunny places, along roads.<\/p>\n\n\n\n<p><strong>Drug:<\/strong>&nbsp;<em>Serpylli herba<\/em><\/p>\n\n\n\n<p><strong>Harvesting method:<\/strong>&nbsp;The stalk without woody parts of the stem are collected at the time of flowering in dry weather, using gardening shears. It blooms from June to September.<\/p>\n\n\n\n<p><strong>Drying:<\/strong>&nbsp;The stalk with leaves is dried in a thin layer in the shade, in a ventilated room. When artificially dried at a temperature of up to 35 \u00b0C.<\/p>\n\n\n\n<p><strong>Active substances:<\/strong>&nbsp;Wild thyme belongs to the aromatic plants. The essential oil is composed of thymol, p-cymene, and carvacrol. The plant contains tannins, bitterness principles, flavonoids, and mineral substances.<\/p>\n\n\n\n<p><strong>Uses:<\/strong>&nbsp;The drug promotes coughing up thick and viscous mucus from the respiratory tract. Its preparations can be gargled for inflammation of the mucous membranes of the mouth and nasopharynx. The tea stimulates digestion and the essential oil is credited with strong antiseptic effects.<\/p>\n\n\n\n<p><strong>Traditional method of use in indications determined solely on the basis of long-term use:<\/strong><\/p>\n\n\n\n<p>&#8211; symptomatic treatment of productive cough associated with a cold.<\/p>\n\n\n\n<p><strong>Selected herbal preparations:<\/strong>&nbsp;FYTO WILD THYME 20&#215;1 g, HANUS WILD THYME herb vacuum pack 1&#215;45 g, AGROKARPATY RESPIRATORY HERBAL tea 20&#215;2 g, aromatica MULLER&#8217;S SYRUP WITH WILD THYME AND VIT. C 245 ml, FYTO High Tatras Respiratory Blend candies 60 g, StrepHerbal Junior lozenges with vitamin C and zinc 24 pcs.<\/p>\n","protected":false},"excerpt":{"rendered":"<p>English name:&nbsp;Wild thyme Family:&nbsp;Lamiaceae&nbsp; Botanical characteristic:&nbsp;A perennial, low-growing plant with a prostrate quadrangular stem. The leaves are short-stalked, opposite, egg-shaped, and entire-margined. Pink-purple flowers grow in clusters at the tops of the stems. The fruit is a small, dry, deciduous fruit from a two-seeded pistil which breaks into 4 one-seeded parts. The aboveground part of [&hellip;]<\/p>\n","protected":false},"author":1,"featured_media":0,"parent":0,"menu_order":0,"comment_status":"closed","ping_status":"closed","template":"","meta":{"_mi_skip_tracking":false},"yoast_head":"<!-- This site is optimized with the Yoast SEO plugin v20.4 - https:\/\/yoast.com\/wordpress\/plugins\/seo\/ -->\n<title>Thymus serphyllum&nbsp;L. - liecivebyliny.eu<\/title>\n<meta name=\"robots\" content=\"index, follow, max-snippet:-1, max-image-preview:large, max-video-preview:-1\" \/>\n<link rel=\"canonical\" href=\"https:\/\/www.liecivebyliny.eu\/?page_id=801&lang=en\" \/>\n<meta property=\"og:locale\" content=\"sk_SK\" \/>\n<meta property=\"og:type\" content=\"article\" \/>\n<meta property=\"og:title\" content=\"Thymus serphyllum&nbsp;L. - liecivebyliny.eu\" \/>\n<meta property=\"og:description\" content=\"English name:&nbsp;Wild thyme Family:&nbsp;Lamiaceae&nbsp; Botanical characteristic:&nbsp;A perennial, low-growing plant with a prostrate quadrangular stem. The leaves are short-stalked, opposite, egg-shaped, and entire-margined. Pink-purple flowers grow in clusters at the tops of the stems. The fruit is a small, dry, deciduous fruit from a two-seeded pistil which breaks into 4 one-seeded parts. The aboveground part of [&hellip;]\" \/>\n<meta property=\"og:url\" content=\"https:\/\/www.liecivebyliny.eu\/?page_id=801&amp;lang=en\" \/>\n<meta property=\"og:site_name\" content=\"liecivebyliny.eu\" \/>\n<meta property=\"article:modified_time\" content=\"2024-01-02T12:57:50+00:00\" \/>\n<meta property=\"og:image\" content=\"https:\/\/www.liecivebyliny.eu\/wp-content\/uploads\/2023\/12\/image-95.jpeg\" \/>\n<meta name=\"twitter:card\" content=\"summary_large_image\" \/>\n<meta name=\"twitter:label1\" content=\"Predpokladan\u00fd \u010das \u010d\u00edtania\" \/>\n\t<meta name=\"twitter:data1\" content=\"3 min\u00faty\" \/>\n<script type=\"application\/ld+json\" class=\"yoast-schema-graph\">{\"@context\":\"https:\/\/schema.org\",\"@graph\":[{\"@type\":\"WebPage\",\"@id\":\"https:\/\/www.liecivebyliny.eu\/?page_id=801&lang=en\",\"url\":\"https:\/\/www.liecivebyliny.eu\/?page_id=801&lang=en\",\"name\":\"Thymus serphyllum&nbsp;L. - liecivebyliny.eu\",\"isPartOf\":{\"@id\":\"https:\/\/www.liecivebyliny.eu\/#website\"},\"datePublished\":\"2023-12-23T18:31:43+00:00\",\"dateModified\":\"2024-01-02T12:57:50+00:00\",\"breadcrumb\":{\"@id\":\"https:\/\/www.liecivebyliny.eu\/?page_id=801&lang=en#breadcrumb\"},\"inLanguage\":\"sk-SK\",\"potentialAction\":[{\"@type\":\"ReadAction\",\"target\":[\"https:\/\/www.liecivebyliny.eu\/?page_id=801&lang=en\"]}]},{\"@type\":\"BreadcrumbList\",\"@id\":\"https:\/\/www.liecivebyliny.eu\/?page_id=801&lang=en#breadcrumb\",\"itemListElement\":[{\"@type\":\"ListItem\",\"position\":1,\"name\":\"Home\",\"item\":\"https:\/\/www.liecivebyliny.eu\/\"},{\"@type\":\"ListItem\",\"position\":2,\"name\":\"Thymus serphyllum&nbsp;L.\"}]},{\"@type\":\"WebSite\",\"@id\":\"https:\/\/www.liecivebyliny.eu\/#website\",\"url\":\"https:\/\/www.liecivebyliny.eu\/\",\"name\":\"liecivebyliny.eu\",\"description\":\"\",\"potentialAction\":[{\"@type\":\"SearchAction\",\"target\":{\"@type\":\"EntryPoint\",\"urlTemplate\":\"https:\/\/www.liecivebyliny.eu\/?s={search_term_string}\"},\"query-input\":\"required name=search_term_string\"}],\"inLanguage\":\"sk-SK\"}]}<\/script>\n<!-- \/ Yoast SEO plugin. -->","yoast_head_json":{"title":"Thymus serphyllum&nbsp;L. - liecivebyliny.eu","robots":{"index":"index","follow":"follow","max-snippet":"max-snippet:-1","max-image-preview":"max-image-preview:large","max-video-preview":"max-video-preview:-1"},"canonical":"https:\/\/www.liecivebyliny.eu\/?page_id=801&lang=en","og_locale":"sk_SK","og_type":"article","og_title":"Thymus serphyllum&nbsp;L. - liecivebyliny.eu","og_description":"English name:&nbsp;Wild thyme Family:&nbsp;Lamiaceae&nbsp; Botanical characteristic:&nbsp;A perennial, low-growing plant with a prostrate quadrangular stem. The leaves are short-stalked, opposite, egg-shaped, and entire-margined. Pink-purple flowers grow in clusters at the tops of the stems. The fruit is a small, dry, deciduous fruit from a two-seeded pistil which breaks into 4 one-seeded parts. The aboveground part of [&hellip;]","og_url":"https:\/\/www.liecivebyliny.eu\/?page_id=801&lang=en","og_site_name":"liecivebyliny.eu","article_modified_time":"2024-01-02T12:57:50+00:00","og_image":[{"url":"https:\/\/www.liecivebyliny.eu\/wp-content\/uploads\/2023\/12\/image-95.jpeg"}],"twitter_card":"summary_large_image","twitter_misc":{"Predpokladan\u00fd \u010das \u010d\u00edtania":"3 min\u00faty"},"schema":{"@context":"https:\/\/schema.org","@graph":[{"@type":"WebPage","@id":"https:\/\/www.liecivebyliny.eu\/?page_id=801&lang=en","url":"https:\/\/www.liecivebyliny.eu\/?page_id=801&lang=en","name":"Thymus serphyllum&nbsp;L. - liecivebyliny.eu","isPartOf":{"@id":"https:\/\/www.liecivebyliny.eu\/#website"},"datePublished":"2023-12-23T18:31:43+00:00","dateModified":"2024-01-02T12:57:50+00:00","breadcrumb":{"@id":"https:\/\/www.liecivebyliny.eu\/?page_id=801&lang=en#breadcrumb"},"inLanguage":"sk-SK","potentialAction":[{"@type":"ReadAction","target":["https:\/\/www.liecivebyliny.eu\/?page_id=801&lang=en"]}]},{"@type":"BreadcrumbList","@id":"https:\/\/www.liecivebyliny.eu\/?page_id=801&lang=en#breadcrumb","itemListElement":[{"@type":"ListItem","position":1,"name":"Home","item":"https:\/\/www.liecivebyliny.eu\/"},{"@type":"ListItem","position":2,"name":"Thymus serphyllum&nbsp;L."}]},{"@type":"WebSite","@id":"https:\/\/www.liecivebyliny.eu\/#website","url":"https:\/\/www.liecivebyliny.eu\/","name":"liecivebyliny.eu","description":"","potentialAction":[{"@type":"SearchAction","target":{"@type":"EntryPoint","urlTemplate":"https:\/\/www.liecivebyliny.eu\/?s={search_term_string}"},"query-input":"required name=search_term_string"}],"inLanguage":"sk-SK"}]}},"_links":{"self":[{"href":"https:\/\/www.liecivebyliny.eu\/index.php?rest_route=\/wp\/v2\/pages\/801"}],"collection":[{"href":"https:\/\/www.liecivebyliny.eu\/index.php?rest_route=\/wp\/v2\/pages"}],"about":[{"href":"https:\/\/www.liecivebyliny.eu\/index.php?rest_route=\/wp\/v2\/types\/page"}],"author":[{"embeddable":true,"href":"https:\/\/www.liecivebyliny.eu\/index.php?rest_route=\/wp\/v2\/users\/1"}],"replies":[{"embeddable":true,"href":"https:\/\/www.liecivebyliny.eu\/index.php?rest_route=%2Fwp%2Fv2%2Fcomments&post=801"}],"version-history":[{"count":2,"href":"https:\/\/www.liecivebyliny.eu\/index.php?rest_route=\/wp\/v2\/pages\/801\/revisions"}],"predecessor-version":[{"id":953,"href":"https:\/\/www.liecivebyliny.eu\/index.php?rest_route=\/wp\/v2\/pages\/801\/revisions\/953"}],"wp:attachment":[{"href":"https:\/\/www.liecivebyliny.eu\/index.php?rest_route=%2Fwp%2Fv2%2Fmedia&parent=801"}],"curies":[{"name":"wp","href":"https:\/\/api.w.org\/{rel}","templated":true}]}}