{"id":809,"date":"2023-12-23T20:37:26","date_gmt":"2023-12-23T19:37:26","guid":{"rendered":"https:\/\/www.liecivebyliny.eu\/?page_id=809"},"modified":"2023-12-29T23:32:13","modified_gmt":"2023-12-29T22:32:13","slug":"tussilago-farfara-l-2","status":"publish","type":"page","link":"https:\/\/www.liecivebyliny.eu\/?page_id=809&lang=en","title":{"rendered":"<em>Tussilago farfara<\/em>&nbsp;L."},"content":{"rendered":"<div class=\"wp-block-image\">\n<figure class=\"aligncenter size-full\"><img decoding=\"async\" loading=\"lazy\" width=\"248\" height=\"340\" src=\"https:\/\/www.liecivebyliny.eu\/wp-content\/uploads\/2023\/12\/image-96.jpeg\" alt=\"\" class=\"wp-image-810\" srcset=\"https:\/\/www.liecivebyliny.eu\/wp-content\/uploads\/2023\/12\/image-96.jpeg 248w, https:\/\/www.liecivebyliny.eu\/wp-content\/uploads\/2023\/12\/image-96-219x300.jpeg 219w\" sizes=\"(max-width: 248px) 100vw, 248px\" \/><figcaption class=\"wp-element-caption\">Coltsfoot, Coughwort<\/figcaption><\/figure><\/div>\n\n\n<p><strong>English name:<\/strong>\u00a0Coltsfoot, Coughwort<\/p>\n\n\n\n<p><strong>Family:<\/strong>&nbsp;<em>Asteraceae<\/em><\/p>\n\n\n\n<p><strong>Botanical characteristic:<\/strong>&nbsp;A perennial plant that grows to a height of 30 cm. It forms a long creeping rhizome, from which spring leafless stems covered with ovate-lanceolate scales, ending in a sheath, grow. The flowers in the umbels are yellow-colored, tongue-shaped at the edges. After flowering, large, round-heart-shaped, gray-felt leaves begin to develop. The fruit is achenes with a white plume. It blooms from March to May.<\/p>\n\n\n\n<p><strong>Microscopic drawing:<\/strong><\/p>\n\n\n<div class=\"wp-block-image\">\n<figure class=\"aligncenter size-full\"><img decoding=\"async\" loading=\"lazy\" width=\"320\" height=\"280\" src=\"https:\/\/www.liecivebyliny.eu\/wp-content\/uploads\/2023\/12\/image-108.png\" alt=\"\" class=\"wp-image-812\" srcset=\"https:\/\/www.liecivebyliny.eu\/wp-content\/uploads\/2023\/12\/image-108.png 320w, https:\/\/www.liecivebyliny.eu\/wp-content\/uploads\/2023\/12\/image-108-300x263.png 300w\" sizes=\"(max-width: 320px) 100vw, 320px\" \/><figcaption class=\"wp-element-caption\"><em>The drawing shows the skin of a coltsfoot leaf with characteristic long and twisted flagellated trichomes (a).<\/em><\/figcaption><\/figure><\/div>\n\n\n<p><\/p>\n\n\n\n<p><strong>Distribution:&nbsp;<\/strong>It grows throughout Europe, on moist clay soil, in fields, meadows, pastures.<\/p>\n\n\n\n<p><strong>Drug:<\/strong>&nbsp;<em>Farfarae flos, Farfarae folium<\/em><\/p>\n\n\n\n<p><strong>Harvesting method:<\/strong>&nbsp;The flower heads are harvested from March to April. Entire unopened flower heads are collected using gardening shears, along with a 1 cm long stem. The light green leathery leaves are collected during the months of May to August. The plant blooms from March to May. This species can be confused with butterbur.<\/p>\n\n\n\n<p><strong>Drying:<\/strong>&nbsp;Flowers and leaves are dried naturally in one layer, in the shade, in a ventilated room. Artificially up to 40 \u00b0C.<\/p>\n\n\n\n<p><strong>Active substances:<\/strong>&nbsp;The whole plant is characterized by a high amount of mucilage. It also contains tannins, bitters, inulin and a small amount of alkaloids (senkirkin, tusilagin). The flowers also contain essential oils and yellow dyes (xanthophylls).<\/p>\n\n\n\n<p><strong>Uses:<\/strong>&nbsp;Coltsfoot is indicated for dry and irritating coughs, but it is also attributed anti-inflammatory properties. However, caution is advised regarding the long-term use of the herb from this plant to prevent the manifestation of the hepatotoxic effects of alkaloids.<\/p>\n\n\n\n<p><strong>Traditional method of use in indications determined solely on the basis of long-term use:<\/strong><\/p>\n\n\n\n<ul>\n<li>supportive treatment of respiratory diseases.<\/li>\n<\/ul>\n\n\n\n<p><strong>Selected herbal preparations:<\/strong>&nbsp;JUVAMED COLTSFOOT &#8211; LEAF herbal loose tea 1&#215;30 g, Natural Pharmacy RESPIRATORY HERBAL tea 1&#215;60 g, Natural Pharmacy Herbal Blend FOR FLU 40 g.<\/p>\n","protected":false},"excerpt":{"rendered":"<p>English name:\u00a0Coltsfoot, Coughwort Family:&nbsp;Asteraceae Botanical characteristic:&nbsp;A perennial plant that grows to a height of 30 cm. It forms a long creeping rhizome, from which spring leafless stems covered with ovate-lanceolate scales, ending in a sheath, grow. The flowers in the umbels are yellow-colored, tongue-shaped at the edges. After flowering, large, round-heart-shaped, gray-felt leaves begin to [&hellip;]<\/p>\n","protected":false},"author":1,"featured_media":0,"parent":0,"menu_order":0,"comment_status":"closed","ping_status":"closed","template":"","meta":{"_mi_skip_tracking":false},"yoast_head":"<!-- This site is optimized with the Yoast SEO plugin v20.4 - https:\/\/yoast.com\/wordpress\/plugins\/seo\/ -->\n<title>Tussilago farfara&nbsp;L. - liecivebyliny.eu<\/title>\n<meta name=\"robots\" content=\"index, follow, max-snippet:-1, max-image-preview:large, max-video-preview:-1\" \/>\n<link rel=\"canonical\" href=\"https:\/\/www.liecivebyliny.eu\/?page_id=809&lang=en\" \/>\n<meta property=\"og:locale\" content=\"sk_SK\" \/>\n<meta property=\"og:type\" content=\"article\" \/>\n<meta property=\"og:title\" content=\"Tussilago farfara&nbsp;L. - liecivebyliny.eu\" \/>\n<meta property=\"og:description\" content=\"English name:\u00a0Coltsfoot, Coughwort Family:&nbsp;Asteraceae Botanical characteristic:&nbsp;A perennial plant that grows to a height of 30 cm. It forms a long creeping rhizome, from which spring leafless stems covered with ovate-lanceolate scales, ending in a sheath, grow. The flowers in the umbels are yellow-colored, tongue-shaped at the edges. After flowering, large, round-heart-shaped, gray-felt leaves begin to [&hellip;]\" \/>\n<meta property=\"og:url\" content=\"https:\/\/www.liecivebyliny.eu\/?page_id=809&amp;lang=en\" \/>\n<meta property=\"og:site_name\" content=\"liecivebyliny.eu\" \/>\n<meta property=\"article:modified_time\" content=\"2023-12-29T22:32:13+00:00\" \/>\n<meta property=\"og:image\" content=\"https:\/\/www.liecivebyliny.eu\/wp-content\/uploads\/2023\/12\/image-96.jpeg\" \/>\n<meta name=\"twitter:card\" content=\"summary_large_image\" \/>\n<meta name=\"twitter:label1\" content=\"Predpokladan\u00fd \u010das \u010d\u00edtania\" \/>\n\t<meta name=\"twitter:data1\" content=\"3 min\u00faty\" \/>\n<script type=\"application\/ld+json\" class=\"yoast-schema-graph\">{\"@context\":\"https:\/\/schema.org\",\"@graph\":[{\"@type\":\"WebPage\",\"@id\":\"https:\/\/www.liecivebyliny.eu\/?page_id=809&lang=en\",\"url\":\"https:\/\/www.liecivebyliny.eu\/?page_id=809&lang=en\",\"name\":\"Tussilago farfara&nbsp;L. - liecivebyliny.eu\",\"isPartOf\":{\"@id\":\"https:\/\/www.liecivebyliny.eu\/#website\"},\"datePublished\":\"2023-12-23T19:37:26+00:00\",\"dateModified\":\"2023-12-29T22:32:13+00:00\",\"breadcrumb\":{\"@id\":\"https:\/\/www.liecivebyliny.eu\/?page_id=809&lang=en#breadcrumb\"},\"inLanguage\":\"sk-SK\",\"potentialAction\":[{\"@type\":\"ReadAction\",\"target\":[\"https:\/\/www.liecivebyliny.eu\/?page_id=809&lang=en\"]}]},{\"@type\":\"BreadcrumbList\",\"@id\":\"https:\/\/www.liecivebyliny.eu\/?page_id=809&lang=en#breadcrumb\",\"itemListElement\":[{\"@type\":\"ListItem\",\"position\":1,\"name\":\"Home\",\"item\":\"https:\/\/www.liecivebyliny.eu\/\"},{\"@type\":\"ListItem\",\"position\":2,\"name\":\"Tussilago farfara&nbsp;L.\"}]},{\"@type\":\"WebSite\",\"@id\":\"https:\/\/www.liecivebyliny.eu\/#website\",\"url\":\"https:\/\/www.liecivebyliny.eu\/\",\"name\":\"liecivebyliny.eu\",\"description\":\"\",\"potentialAction\":[{\"@type\":\"SearchAction\",\"target\":{\"@type\":\"EntryPoint\",\"urlTemplate\":\"https:\/\/www.liecivebyliny.eu\/?s={search_term_string}\"},\"query-input\":\"required name=search_term_string\"}],\"inLanguage\":\"sk-SK\"}]}<\/script>\n<!-- \/ Yoast SEO plugin. -->","yoast_head_json":{"title":"Tussilago farfara&nbsp;L. - liecivebyliny.eu","robots":{"index":"index","follow":"follow","max-snippet":"max-snippet:-1","max-image-preview":"max-image-preview:large","max-video-preview":"max-video-preview:-1"},"canonical":"https:\/\/www.liecivebyliny.eu\/?page_id=809&lang=en","og_locale":"sk_SK","og_type":"article","og_title":"Tussilago farfara&nbsp;L. - liecivebyliny.eu","og_description":"English name:\u00a0Coltsfoot, Coughwort Family:&nbsp;Asteraceae Botanical characteristic:&nbsp;A perennial plant that grows to a height of 30 cm. It forms a long creeping rhizome, from which spring leafless stems covered with ovate-lanceolate scales, ending in a sheath, grow. The flowers in the umbels are yellow-colored, tongue-shaped at the edges. After flowering, large, round-heart-shaped, gray-felt leaves begin to [&hellip;]","og_url":"https:\/\/www.liecivebyliny.eu\/?page_id=809&lang=en","og_site_name":"liecivebyliny.eu","article_modified_time":"2023-12-29T22:32:13+00:00","og_image":[{"url":"https:\/\/www.liecivebyliny.eu\/wp-content\/uploads\/2023\/12\/image-96.jpeg"}],"twitter_card":"summary_large_image","twitter_misc":{"Predpokladan\u00fd \u010das \u010d\u00edtania":"3 min\u00faty"},"schema":{"@context":"https:\/\/schema.org","@graph":[{"@type":"WebPage","@id":"https:\/\/www.liecivebyliny.eu\/?page_id=809&lang=en","url":"https:\/\/www.liecivebyliny.eu\/?page_id=809&lang=en","name":"Tussilago farfara&nbsp;L. - liecivebyliny.eu","isPartOf":{"@id":"https:\/\/www.liecivebyliny.eu\/#website"},"datePublished":"2023-12-23T19:37:26+00:00","dateModified":"2023-12-29T22:32:13+00:00","breadcrumb":{"@id":"https:\/\/www.liecivebyliny.eu\/?page_id=809&lang=en#breadcrumb"},"inLanguage":"sk-SK","potentialAction":[{"@type":"ReadAction","target":["https:\/\/www.liecivebyliny.eu\/?page_id=809&lang=en"]}]},{"@type":"BreadcrumbList","@id":"https:\/\/www.liecivebyliny.eu\/?page_id=809&lang=en#breadcrumb","itemListElement":[{"@type":"ListItem","position":1,"name":"Home","item":"https:\/\/www.liecivebyliny.eu\/"},{"@type":"ListItem","position":2,"name":"Tussilago farfara&nbsp;L."}]},{"@type":"WebSite","@id":"https:\/\/www.liecivebyliny.eu\/#website","url":"https:\/\/www.liecivebyliny.eu\/","name":"liecivebyliny.eu","description":"","potentialAction":[{"@type":"SearchAction","target":{"@type":"EntryPoint","urlTemplate":"https:\/\/www.liecivebyliny.eu\/?s={search_term_string}"},"query-input":"required name=search_term_string"}],"inLanguage":"sk-SK"}]}},"_links":{"self":[{"href":"https:\/\/www.liecivebyliny.eu\/index.php?rest_route=\/wp\/v2\/pages\/809"}],"collection":[{"href":"https:\/\/www.liecivebyliny.eu\/index.php?rest_route=\/wp\/v2\/pages"}],"about":[{"href":"https:\/\/www.liecivebyliny.eu\/index.php?rest_route=\/wp\/v2\/types\/page"}],"author":[{"embeddable":true,"href":"https:\/\/www.liecivebyliny.eu\/index.php?rest_route=\/wp\/v2\/users\/1"}],"replies":[{"embeddable":true,"href":"https:\/\/www.liecivebyliny.eu\/index.php?rest_route=%2Fwp%2Fv2%2Fcomments&post=809"}],"version-history":[{"count":1,"href":"https:\/\/www.liecivebyliny.eu\/index.php?rest_route=\/wp\/v2\/pages\/809\/revisions"}],"predecessor-version":[{"id":813,"href":"https:\/\/www.liecivebyliny.eu\/index.php?rest_route=\/wp\/v2\/pages\/809\/revisions\/813"}],"wp:attachment":[{"href":"https:\/\/www.liecivebyliny.eu\/index.php?rest_route=%2Fwp%2Fv2%2Fmedia&parent=809"}],"curies":[{"name":"wp","href":"https:\/\/api.w.org\/{rel}","templated":true}]}}