{"id":816,"date":"2023-12-23T20:40:40","date_gmt":"2023-12-23T19:40:40","guid":{"rendered":"https:\/\/www.liecivebyliny.eu\/?page_id=816"},"modified":"2024-01-02T14:22:39","modified_gmt":"2024-01-02T13:22:39","slug":"urtica-dioica-l-2","status":"publish","type":"page","link":"https:\/\/www.liecivebyliny.eu\/?page_id=816&lang=en","title":{"rendered":"<em>Urtica dioica<\/em>&nbsp;L."},"content":{"rendered":"<div class=\"wp-block-image\">\n<figure class=\"aligncenter size-full\"><img decoding=\"async\" loading=\"lazy\" width=\"248\" height=\"324\" src=\"https:\/\/www.liecivebyliny.eu\/wp-content\/uploads\/2023\/12\/image-97.jpeg\" alt=\"\" class=\"wp-image-817\" srcset=\"https:\/\/www.liecivebyliny.eu\/wp-content\/uploads\/2023\/12\/image-97.jpeg 248w, https:\/\/www.liecivebyliny.eu\/wp-content\/uploads\/2023\/12\/image-97-230x300.jpeg 230w\" sizes=\"(max-width: 248px) 100vw, 248px\" \/><figcaption class=\"wp-element-caption\">Stinging nettle<\/figcaption><\/figure><\/div>\n\n\n<p><strong>English name:<\/strong>&nbsp;Stinging nettle<\/p>\n\n\n\n<p><strong>Family:<\/strong>&nbsp;<em>Urticaceae&nbsp;<\/em><\/p>\n\n\n\n<p><strong>Botanical characteristic:<\/strong>&nbsp;A perennial plant that grows up to 2 meters in height, covered with glandular trichomes. The stem is erect and four-angled. The leaves are ovate, opposite, serrated, with small lanceolate stipules. The flowers are small, green, forming a spike-like inflorescence. The fruit is an achene.<\/p>\n\n\n\n<p><strong>Microscopic drawing:<\/strong><\/p>\n\n\n<div class=\"wp-block-image\">\n<figure class=\"aligncenter size-full\"><img decoding=\"async\" loading=\"lazy\" width=\"338\" height=\"252\" src=\"https:\/\/www.liecivebyliny.eu\/wp-content\/uploads\/2023\/12\/image-109.png\" alt=\"\" class=\"wp-image-818\" srcset=\"https:\/\/www.liecivebyliny.eu\/wp-content\/uploads\/2023\/12\/image-109.png 338w, https:\/\/www.liecivebyliny.eu\/wp-content\/uploads\/2023\/12\/image-109-300x224.png 300w\" sizes=\"(max-width: 338px) 100vw, 338px\" \/><figcaption class=\"wp-element-caption\"><em>The drawing shows the skin of a stinging nettle leaf densely covered with stinging trichomes (a).<\/em><\/figcaption><\/figure><\/div>\n\n<div class=\"wp-block-image\">\n<figure class=\"aligncenter size-full is-resized\"><img decoding=\"async\" loading=\"lazy\" src=\"https:\/\/www.liecivebyliny.eu\/wp-content\/uploads\/2024\/01\/Urticae-folium-400xa-1.jpg\" alt=\"\" class=\"wp-image-983\" width=\"359\" height=\"269\" srcset=\"https:\/\/www.liecivebyliny.eu\/wp-content\/uploads\/2024\/01\/Urticae-folium-400xa-1.jpg 637w, https:\/\/www.liecivebyliny.eu\/wp-content\/uploads\/2024\/01\/Urticae-folium-400xa-1-300x225.jpg 300w\" sizes=\"(max-width: 359px) 100vw, 359px\" \/><figcaption class=\"wp-element-caption\">Surface of the nettle leaf (magnified 400x)<\/figcaption><\/figure><\/div>\n\n\n<p><\/p>\n\n\n\n<p><strong>Distribution:&nbsp;<\/strong>It grows in meadows, pastures, on the edges of roads, watercourses, in floodplain forests. It requires soils with a higher nitrogen content.<\/p>\n\n\n\n<p><strong>Drug:<\/strong>&nbsp;<em>Urticae folium<\/em><\/p>\n\n\n\n<p><strong>Harvesting method:<\/strong>&nbsp;The leaves are collected from May to September using scissors or cut. Protective gloves are required.<\/p>\n\n\n\n<p><strong>Drying:<\/strong>&nbsp;We dry the leaves in a thin layer in the shade, in a ventilated airy room. When artificially dried at a temperature of up to 60 \u00b0C.<\/p>\n\n\n\n<p><strong>Active substances:<\/strong>&nbsp;The leaves are rich in chlorophyll, flavonoids, carotenoids, tannins, glucoquinines, organic acids, vitamins C and K, and minerals such as iron, phosphorus, and magnesium. Glandular trichomes contain formic acid and amines such as histamine, serotonin, and acetylcholine.<\/p>\n\n\n\n<p><strong>Uses:<\/strong>&nbsp;The drug contains vitamin K, which is essential for the synthesis of blood clotting factors. Therefore, the herb is indicated for bleeding conditions. Tea made from stinging nettle is effective for constipation, digestive discomfort, supports weight reduction, and helps lower blood sugar levels. In folk medicine, the herb is also used for rheumatism therapy.<\/p>\n\n\n\n<p><strong>Traditional method of use in indications determined solely on the basis of long-term use:<\/strong><\/p>\n\n\n\n<p>&#8211; symptomatic treatment of urinary tract diseases, in case of urination problems, diuretic effect,<\/p>\n\n\n\n<p>&#8211; alleviation of joint pain,<\/p>\n\n\n\n<p>&#8211; supportive treatment for seborrhea.<\/p>\n\n\n\n<p><strong>Selected herbal preparations:<\/strong>&nbsp;LEROS STINGING NETTLE herbal tea, infusion bags 20&#215;1 g, HERBEX KIDNEY CLEANSING TEA herbal tea 20&#215;3 g, AGROKARPATY Spring Cleansing herbal tea 20&#215;2 g, Liftea HERBAL DRAINAGE forte capsules 30 pcs, nefdesante CRANBERRY D-MANNOSE STINGING NETTLE tablets 60 pcs, WALMARK Prostenal CONTROL tablets 30 pcs.<\/p>\n","protected":false},"excerpt":{"rendered":"<p>English name:&nbsp;Stinging nettle Family:&nbsp;Urticaceae&nbsp; Botanical characteristic:&nbsp;A perennial plant that grows up to 2 meters in height, covered with glandular trichomes. The stem is erect and four-angled. The leaves are ovate, opposite, serrated, with small lanceolate stipules. The flowers are small, green, forming a spike-like inflorescence. The fruit is an achene. Microscopic drawing: Distribution:&nbsp;It grows in [&hellip;]<\/p>\n","protected":false},"author":1,"featured_media":0,"parent":0,"menu_order":0,"comment_status":"closed","ping_status":"closed","template":"","meta":{"_mi_skip_tracking":false},"yoast_head":"<!-- This site is optimized with the Yoast SEO plugin v20.4 - https:\/\/yoast.com\/wordpress\/plugins\/seo\/ -->\n<title>Urtica dioica&nbsp;L. - liecivebyliny.eu<\/title>\n<meta name=\"robots\" content=\"index, follow, max-snippet:-1, max-image-preview:large, max-video-preview:-1\" \/>\n<link rel=\"canonical\" href=\"https:\/\/www.liecivebyliny.eu\/?page_id=816&lang=en\" \/>\n<meta property=\"og:locale\" content=\"sk_SK\" \/>\n<meta property=\"og:type\" content=\"article\" \/>\n<meta property=\"og:title\" content=\"Urtica dioica&nbsp;L. - liecivebyliny.eu\" \/>\n<meta property=\"og:description\" content=\"English name:&nbsp;Stinging nettle Family:&nbsp;Urticaceae&nbsp; Botanical characteristic:&nbsp;A perennial plant that grows up to 2 meters in height, covered with glandular trichomes. The stem is erect and four-angled. The leaves are ovate, opposite, serrated, with small lanceolate stipules. The flowers are small, green, forming a spike-like inflorescence. The fruit is an achene. Microscopic drawing: Distribution:&nbsp;It grows in [&hellip;]\" \/>\n<meta property=\"og:url\" content=\"https:\/\/www.liecivebyliny.eu\/?page_id=816&amp;lang=en\" \/>\n<meta property=\"og:site_name\" content=\"liecivebyliny.eu\" \/>\n<meta property=\"article:modified_time\" content=\"2024-01-02T13:22:39+00:00\" \/>\n<meta property=\"og:image\" content=\"https:\/\/www.liecivebyliny.eu\/wp-content\/uploads\/2023\/12\/image-97.jpeg\" \/>\n<meta name=\"twitter:card\" content=\"summary_large_image\" \/>\n<meta name=\"twitter:label1\" content=\"Predpokladan\u00fd \u010das \u010d\u00edtania\" \/>\n\t<meta name=\"twitter:data1\" content=\"3 min\u00faty\" \/>\n<script type=\"application\/ld+json\" class=\"yoast-schema-graph\">{\"@context\":\"https:\/\/schema.org\",\"@graph\":[{\"@type\":\"WebPage\",\"@id\":\"https:\/\/www.liecivebyliny.eu\/?page_id=816&lang=en\",\"url\":\"https:\/\/www.liecivebyliny.eu\/?page_id=816&lang=en\",\"name\":\"Urtica dioica&nbsp;L. - liecivebyliny.eu\",\"isPartOf\":{\"@id\":\"https:\/\/www.liecivebyliny.eu\/#website\"},\"datePublished\":\"2023-12-23T19:40:40+00:00\",\"dateModified\":\"2024-01-02T13:22:39+00:00\",\"breadcrumb\":{\"@id\":\"https:\/\/www.liecivebyliny.eu\/?page_id=816&lang=en#breadcrumb\"},\"inLanguage\":\"sk-SK\",\"potentialAction\":[{\"@type\":\"ReadAction\",\"target\":[\"https:\/\/www.liecivebyliny.eu\/?page_id=816&lang=en\"]}]},{\"@type\":\"BreadcrumbList\",\"@id\":\"https:\/\/www.liecivebyliny.eu\/?page_id=816&lang=en#breadcrumb\",\"itemListElement\":[{\"@type\":\"ListItem\",\"position\":1,\"name\":\"Home\",\"item\":\"https:\/\/www.liecivebyliny.eu\/\"},{\"@type\":\"ListItem\",\"position\":2,\"name\":\"Urtica dioica&nbsp;L.\"}]},{\"@type\":\"WebSite\",\"@id\":\"https:\/\/www.liecivebyliny.eu\/#website\",\"url\":\"https:\/\/www.liecivebyliny.eu\/\",\"name\":\"liecivebyliny.eu\",\"description\":\"\",\"potentialAction\":[{\"@type\":\"SearchAction\",\"target\":{\"@type\":\"EntryPoint\",\"urlTemplate\":\"https:\/\/www.liecivebyliny.eu\/?s={search_term_string}\"},\"query-input\":\"required name=search_term_string\"}],\"inLanguage\":\"sk-SK\"}]}<\/script>\n<!-- \/ Yoast SEO plugin. -->","yoast_head_json":{"title":"Urtica dioica&nbsp;L. - liecivebyliny.eu","robots":{"index":"index","follow":"follow","max-snippet":"max-snippet:-1","max-image-preview":"max-image-preview:large","max-video-preview":"max-video-preview:-1"},"canonical":"https:\/\/www.liecivebyliny.eu\/?page_id=816&lang=en","og_locale":"sk_SK","og_type":"article","og_title":"Urtica dioica&nbsp;L. - liecivebyliny.eu","og_description":"English name:&nbsp;Stinging nettle Family:&nbsp;Urticaceae&nbsp; Botanical characteristic:&nbsp;A perennial plant that grows up to 2 meters in height, covered with glandular trichomes. The stem is erect and four-angled. The leaves are ovate, opposite, serrated, with small lanceolate stipules. The flowers are small, green, forming a spike-like inflorescence. The fruit is an achene. Microscopic drawing: Distribution:&nbsp;It grows in [&hellip;]","og_url":"https:\/\/www.liecivebyliny.eu\/?page_id=816&lang=en","og_site_name":"liecivebyliny.eu","article_modified_time":"2024-01-02T13:22:39+00:00","og_image":[{"url":"https:\/\/www.liecivebyliny.eu\/wp-content\/uploads\/2023\/12\/image-97.jpeg"}],"twitter_card":"summary_large_image","twitter_misc":{"Predpokladan\u00fd \u010das \u010d\u00edtania":"3 min\u00faty"},"schema":{"@context":"https:\/\/schema.org","@graph":[{"@type":"WebPage","@id":"https:\/\/www.liecivebyliny.eu\/?page_id=816&lang=en","url":"https:\/\/www.liecivebyliny.eu\/?page_id=816&lang=en","name":"Urtica dioica&nbsp;L. - liecivebyliny.eu","isPartOf":{"@id":"https:\/\/www.liecivebyliny.eu\/#website"},"datePublished":"2023-12-23T19:40:40+00:00","dateModified":"2024-01-02T13:22:39+00:00","breadcrumb":{"@id":"https:\/\/www.liecivebyliny.eu\/?page_id=816&lang=en#breadcrumb"},"inLanguage":"sk-SK","potentialAction":[{"@type":"ReadAction","target":["https:\/\/www.liecivebyliny.eu\/?page_id=816&lang=en"]}]},{"@type":"BreadcrumbList","@id":"https:\/\/www.liecivebyliny.eu\/?page_id=816&lang=en#breadcrumb","itemListElement":[{"@type":"ListItem","position":1,"name":"Home","item":"https:\/\/www.liecivebyliny.eu\/"},{"@type":"ListItem","position":2,"name":"Urtica dioica&nbsp;L."}]},{"@type":"WebSite","@id":"https:\/\/www.liecivebyliny.eu\/#website","url":"https:\/\/www.liecivebyliny.eu\/","name":"liecivebyliny.eu","description":"","potentialAction":[{"@type":"SearchAction","target":{"@type":"EntryPoint","urlTemplate":"https:\/\/www.liecivebyliny.eu\/?s={search_term_string}"},"query-input":"required name=search_term_string"}],"inLanguage":"sk-SK"}]}},"_links":{"self":[{"href":"https:\/\/www.liecivebyliny.eu\/index.php?rest_route=\/wp\/v2\/pages\/816"}],"collection":[{"href":"https:\/\/www.liecivebyliny.eu\/index.php?rest_route=\/wp\/v2\/pages"}],"about":[{"href":"https:\/\/www.liecivebyliny.eu\/index.php?rest_route=\/wp\/v2\/types\/page"}],"author":[{"embeddable":true,"href":"https:\/\/www.liecivebyliny.eu\/index.php?rest_route=\/wp\/v2\/users\/1"}],"replies":[{"embeddable":true,"href":"https:\/\/www.liecivebyliny.eu\/index.php?rest_route=%2Fwp%2Fv2%2Fcomments&post=816"}],"version-history":[{"count":2,"href":"https:\/\/www.liecivebyliny.eu\/index.php?rest_route=\/wp\/v2\/pages\/816\/revisions"}],"predecessor-version":[{"id":985,"href":"https:\/\/www.liecivebyliny.eu\/index.php?rest_route=\/wp\/v2\/pages\/816\/revisions\/985"}],"wp:attachment":[{"href":"https:\/\/www.liecivebyliny.eu\/index.php?rest_route=%2Fwp%2Fv2%2Fmedia&parent=816"}],"curies":[{"name":"wp","href":"https:\/\/api.w.org\/{rel}","templated":true}]}}