{"id":822,"date":"2023-12-23T20:43:58","date_gmt":"2023-12-23T19:43:58","guid":{"rendered":"https:\/\/www.liecivebyliny.eu\/?page_id=822"},"modified":"2024-01-02T13:53:33","modified_gmt":"2024-01-02T12:53:33","slug":"vaccinium-myrtillus-l-2","status":"publish","type":"page","link":"https:\/\/www.liecivebyliny.eu\/?page_id=822&lang=en","title":{"rendered":"<em>Vaccinium myrtillus<\/em>&nbsp;L."},"content":{"rendered":"<div class=\"wp-block-image\">\n<figure class=\"aligncenter size-full\"><img decoding=\"async\" loading=\"lazy\" width=\"258\" height=\"340\" src=\"https:\/\/www.liecivebyliny.eu\/wp-content\/uploads\/2023\/12\/image-98.jpeg\" alt=\"\" class=\"wp-image-823\" srcset=\"https:\/\/www.liecivebyliny.eu\/wp-content\/uploads\/2023\/12\/image-98.jpeg 258w, https:\/\/www.liecivebyliny.eu\/wp-content\/uploads\/2023\/12\/image-98-228x300.jpeg 228w\" sizes=\"(max-width: 258px) 100vw, 258px\" \/><figcaption class=\"wp-element-caption\">Bilberry, Blueberry<\/figcaption><\/figure><\/div>\n\n\n<p><strong>English name:<\/strong>&nbsp;Bilberry, Blueberry<\/p>\n\n\n\n<p><strong>Family:&nbsp;<\/strong><em>Ericaceae&nbsp;<\/em><\/p>\n\n\n\n<p><strong>Botanical characteristic:<\/strong>&nbsp;Branched shrub 30 \u2013 50 cm high. The leaves are small, egg-shaped, alternately arranged, with a serrated edge. Globular flowers are five-numbered, green-pink in color, growing from the axils of the leaves. The fruit is a bluish-purple round berry, with a small indented target in the middle and with a large number of seeds in the flesh.<\/p>\n\n\n\n<p><strong>Microscopic drawing:<\/strong><\/p>\n\n\n<div class=\"wp-block-image\">\n<figure class=\"aligncenter size-full\"><img decoding=\"async\" loading=\"lazy\" width=\"310\" height=\"334\" src=\"https:\/\/www.liecivebyliny.eu\/wp-content\/uploads\/2023\/12\/image-110.png\" alt=\"\" class=\"wp-image-824\" srcset=\"https:\/\/www.liecivebyliny.eu\/wp-content\/uploads\/2023\/12\/image-110.png 310w, https:\/\/www.liecivebyliny.eu\/wp-content\/uploads\/2023\/12\/image-110-278x300.png 278w\" sizes=\"(max-width: 310px) 100vw, 310px\" \/><figcaption class=\"wp-element-caption\"><em>On the surface of the cross-section of the bilberry you can observe the epidermis (a), which is very sparsely covered with short trichomes (b). Beneath the epidermis, there is a layer of palisade parenchyma (c), followed by spongy parenchyma (d). In the center of the preparation, collateral vascular bundles are situated (e). Vascular bundles are reinforced with sclerenchyma (f). Some parenchyma cells contain crystals of calcium oxalate (g).<\/em><\/figcaption><\/figure><\/div>\n\n<div class=\"wp-block-image\">\n<figure class=\"aligncenter size-full is-resized\"><img decoding=\"async\" loading=\"lazy\" src=\"https:\/\/www.liecivebyliny.eu\/wp-content\/uploads\/2024\/01\/Uvae-ursi-folium-100x-1.jpg\" alt=\"\" class=\"wp-image-946\" width=\"401\" height=\"301\" srcset=\"https:\/\/www.liecivebyliny.eu\/wp-content\/uploads\/2024\/01\/Uvae-ursi-folium-100x-1.jpg 640w, https:\/\/www.liecivebyliny.eu\/wp-content\/uploads\/2024\/01\/Uvae-ursi-folium-100x-1-300x225.jpg 300w\" sizes=\"(max-width: 401px) 100vw, 401px\" \/><figcaption class=\"wp-element-caption\">Cross section of a leaf (magnified 100x)<\/figcaption><\/figure><\/div>\n\n\n<p><\/p>\n\n\n\n<p><strong>Distribution:<\/strong>&nbsp;It occurs on acidic soils, in deciduous and coniferous forests and on bogs.<\/p>\n\n\n\n<p><strong>Drug:<\/strong>&nbsp;<em>Myrtilli folium,&nbsp;Myrtilli fructus<\/em><\/p>\n\n\n\n<p><strong>Harvesting method:<\/strong>&nbsp;The leaves are collected at the time of flowering, in dry weather. The method of collection is by pulling off flowerless branches. Sheets must be free of dirt. The fruits are collected during July and August, by hand or with the help of combs. They must be free of dirt.<\/p>\n\n\n\n<p><strong>Drying:<\/strong>&nbsp;We dry the leaves in a thin layer in the shade, in a ventilated room. They are artificially dried at a temperature of up to 40 \u00b0C. Ripe fruits are dried in the shade naturally or in an oven at a temperature of up to 50 \u00b0C.<\/p>\n\n\n\n<p><strong>Active substances:<\/strong>&nbsp;Plody obsahuj\u00fa katech\u00ednov\u00e9 triesloviny, antoky\u00e1ny, flavonoidy, organick\u00e9 kyseliny, pekt\u00edn, cukor a&nbsp;vitam\u00edny. Listov\u00e1 droga sa vyzna\u010duje vysok\u00fdm mno\u017estvom trieslov\u00edn, iridoidov, organick\u00fdch kysel\u00edn a&nbsp;fenolov\u00e9ho glykozidu arbut\u00ednu.&nbsp;<\/p>\n\n\n\n<p><strong>Uses:<\/strong>&nbsp;The fruits are therapeutically used as a remedy against diarrhea. They reduce the fragility of capillaries, help regenerate the retina of the eye, and improve vision in darkness and dim light. The leaves have astringent properties, mild uroseptic effects, and can help lower blood sugar levels.<\/p>\n\n\n\n<p><strong>Traditional method of use in indications determined solely on the basis of long-term use:<\/strong><\/p>\n\n\n\n<p>&#8211; relief from heavy and swollen legs, related to venous insufficiency,<\/p>\n\n\n\n<p>&#8211; symptomatic treatment of fragility of blood capillaries.<\/p>\n\n\n\n<p><strong>Selected herbal preparations:<\/strong>&nbsp;JUVAMED BLUEBERRY &#8211; FRUIT herbal loose tea 1&#215;20 g, LEROS BLUEBERRY herbal tea, infusion bags 20&#215;1.5 g, FYTO Herbal tea EUDIABEN WITH CINNAMON 20&#215;1.5 g, J.V. DROPS &#8211; VISION for eyesight 50 ml, Herbs Planet VASCULAR NUTRITION capsules 60 pcs, Noventis Bilberry capsules 30 pcs, JAMIESON BLUEBERRY 2000 mg capsules 60 pcs, NaturProdukt Blueberry Syrup 250 ml.<\/p>\n","protected":false},"excerpt":{"rendered":"<p>English name:&nbsp;Bilberry, Blueberry Family:&nbsp;Ericaceae&nbsp; Botanical characteristic:&nbsp;Branched shrub 30 \u2013 50 cm high. The leaves are small, egg-shaped, alternately arranged, with a serrated edge. Globular flowers are five-numbered, green-pink in color, growing from the axils of the leaves. The fruit is a bluish-purple round berry, with a small indented target in the middle and with a [&hellip;]<\/p>\n","protected":false},"author":1,"featured_media":0,"parent":0,"menu_order":0,"comment_status":"closed","ping_status":"closed","template":"","meta":{"_mi_skip_tracking":false},"yoast_head":"<!-- This site is optimized with the Yoast SEO plugin v20.4 - https:\/\/yoast.com\/wordpress\/plugins\/seo\/ -->\n<title>Vaccinium myrtillus&nbsp;L. - liecivebyliny.eu<\/title>\n<meta name=\"robots\" content=\"index, follow, max-snippet:-1, max-image-preview:large, max-video-preview:-1\" \/>\n<link rel=\"canonical\" href=\"https:\/\/www.liecivebyliny.eu\/?page_id=822&lang=en\" \/>\n<meta property=\"og:locale\" content=\"sk_SK\" \/>\n<meta property=\"og:type\" content=\"article\" \/>\n<meta property=\"og:title\" content=\"Vaccinium myrtillus&nbsp;L. - liecivebyliny.eu\" \/>\n<meta property=\"og:description\" content=\"English name:&nbsp;Bilberry, Blueberry Family:&nbsp;Ericaceae&nbsp; Botanical characteristic:&nbsp;Branched shrub 30 \u2013 50 cm high. The leaves are small, egg-shaped, alternately arranged, with a serrated edge. Globular flowers are five-numbered, green-pink in color, growing from the axils of the leaves. The fruit is a bluish-purple round berry, with a small indented target in the middle and with a [&hellip;]\" \/>\n<meta property=\"og:url\" content=\"https:\/\/www.liecivebyliny.eu\/?page_id=822&amp;lang=en\" \/>\n<meta property=\"og:site_name\" content=\"liecivebyliny.eu\" \/>\n<meta property=\"article:modified_time\" content=\"2024-01-02T12:53:33+00:00\" \/>\n<meta property=\"og:image\" content=\"https:\/\/www.liecivebyliny.eu\/wp-content\/uploads\/2023\/12\/image-98.jpeg\" \/>\n<meta name=\"twitter:card\" content=\"summary_large_image\" \/>\n<meta name=\"twitter:label1\" content=\"Predpokladan\u00fd \u010das \u010d\u00edtania\" \/>\n\t<meta name=\"twitter:data1\" content=\"3 min\u00faty\" \/>\n<script type=\"application\/ld+json\" class=\"yoast-schema-graph\">{\"@context\":\"https:\/\/schema.org\",\"@graph\":[{\"@type\":\"WebPage\",\"@id\":\"https:\/\/www.liecivebyliny.eu\/?page_id=822&lang=en\",\"url\":\"https:\/\/www.liecivebyliny.eu\/?page_id=822&lang=en\",\"name\":\"Vaccinium myrtillus&nbsp;L. - liecivebyliny.eu\",\"isPartOf\":{\"@id\":\"https:\/\/www.liecivebyliny.eu\/#website\"},\"datePublished\":\"2023-12-23T19:43:58+00:00\",\"dateModified\":\"2024-01-02T12:53:33+00:00\",\"breadcrumb\":{\"@id\":\"https:\/\/www.liecivebyliny.eu\/?page_id=822&lang=en#breadcrumb\"},\"inLanguage\":\"sk-SK\",\"potentialAction\":[{\"@type\":\"ReadAction\",\"target\":[\"https:\/\/www.liecivebyliny.eu\/?page_id=822&lang=en\"]}]},{\"@type\":\"BreadcrumbList\",\"@id\":\"https:\/\/www.liecivebyliny.eu\/?page_id=822&lang=en#breadcrumb\",\"itemListElement\":[{\"@type\":\"ListItem\",\"position\":1,\"name\":\"Home\",\"item\":\"https:\/\/www.liecivebyliny.eu\/\"},{\"@type\":\"ListItem\",\"position\":2,\"name\":\"Vaccinium myrtillus&nbsp;L.\"}]},{\"@type\":\"WebSite\",\"@id\":\"https:\/\/www.liecivebyliny.eu\/#website\",\"url\":\"https:\/\/www.liecivebyliny.eu\/\",\"name\":\"liecivebyliny.eu\",\"description\":\"\",\"potentialAction\":[{\"@type\":\"SearchAction\",\"target\":{\"@type\":\"EntryPoint\",\"urlTemplate\":\"https:\/\/www.liecivebyliny.eu\/?s={search_term_string}\"},\"query-input\":\"required name=search_term_string\"}],\"inLanguage\":\"sk-SK\"}]}<\/script>\n<!-- \/ Yoast SEO plugin. -->","yoast_head_json":{"title":"Vaccinium myrtillus&nbsp;L. - liecivebyliny.eu","robots":{"index":"index","follow":"follow","max-snippet":"max-snippet:-1","max-image-preview":"max-image-preview:large","max-video-preview":"max-video-preview:-1"},"canonical":"https:\/\/www.liecivebyliny.eu\/?page_id=822&lang=en","og_locale":"sk_SK","og_type":"article","og_title":"Vaccinium myrtillus&nbsp;L. - liecivebyliny.eu","og_description":"English name:&nbsp;Bilberry, Blueberry Family:&nbsp;Ericaceae&nbsp; Botanical characteristic:&nbsp;Branched shrub 30 \u2013 50 cm high. The leaves are small, egg-shaped, alternately arranged, with a serrated edge. Globular flowers are five-numbered, green-pink in color, growing from the axils of the leaves. The fruit is a bluish-purple round berry, with a small indented target in the middle and with a [&hellip;]","og_url":"https:\/\/www.liecivebyliny.eu\/?page_id=822&lang=en","og_site_name":"liecivebyliny.eu","article_modified_time":"2024-01-02T12:53:33+00:00","og_image":[{"url":"https:\/\/www.liecivebyliny.eu\/wp-content\/uploads\/2023\/12\/image-98.jpeg"}],"twitter_card":"summary_large_image","twitter_misc":{"Predpokladan\u00fd \u010das \u010d\u00edtania":"3 min\u00faty"},"schema":{"@context":"https:\/\/schema.org","@graph":[{"@type":"WebPage","@id":"https:\/\/www.liecivebyliny.eu\/?page_id=822&lang=en","url":"https:\/\/www.liecivebyliny.eu\/?page_id=822&lang=en","name":"Vaccinium myrtillus&nbsp;L. - liecivebyliny.eu","isPartOf":{"@id":"https:\/\/www.liecivebyliny.eu\/#website"},"datePublished":"2023-12-23T19:43:58+00:00","dateModified":"2024-01-02T12:53:33+00:00","breadcrumb":{"@id":"https:\/\/www.liecivebyliny.eu\/?page_id=822&lang=en#breadcrumb"},"inLanguage":"sk-SK","potentialAction":[{"@type":"ReadAction","target":["https:\/\/www.liecivebyliny.eu\/?page_id=822&lang=en"]}]},{"@type":"BreadcrumbList","@id":"https:\/\/www.liecivebyliny.eu\/?page_id=822&lang=en#breadcrumb","itemListElement":[{"@type":"ListItem","position":1,"name":"Home","item":"https:\/\/www.liecivebyliny.eu\/"},{"@type":"ListItem","position":2,"name":"Vaccinium myrtillus&nbsp;L."}]},{"@type":"WebSite","@id":"https:\/\/www.liecivebyliny.eu\/#website","url":"https:\/\/www.liecivebyliny.eu\/","name":"liecivebyliny.eu","description":"","potentialAction":[{"@type":"SearchAction","target":{"@type":"EntryPoint","urlTemplate":"https:\/\/www.liecivebyliny.eu\/?s={search_term_string}"},"query-input":"required name=search_term_string"}],"inLanguage":"sk-SK"}]}},"_links":{"self":[{"href":"https:\/\/www.liecivebyliny.eu\/index.php?rest_route=\/wp\/v2\/pages\/822"}],"collection":[{"href":"https:\/\/www.liecivebyliny.eu\/index.php?rest_route=\/wp\/v2\/pages"}],"about":[{"href":"https:\/\/www.liecivebyliny.eu\/index.php?rest_route=\/wp\/v2\/types\/page"}],"author":[{"embeddable":true,"href":"https:\/\/www.liecivebyliny.eu\/index.php?rest_route=\/wp\/v2\/users\/1"}],"replies":[{"embeddable":true,"href":"https:\/\/www.liecivebyliny.eu\/index.php?rest_route=%2Fwp%2Fv2%2Fcomments&post=822"}],"version-history":[{"count":2,"href":"https:\/\/www.liecivebyliny.eu\/index.php?rest_route=\/wp\/v2\/pages\/822\/revisions"}],"predecessor-version":[{"id":947,"href":"https:\/\/www.liecivebyliny.eu\/index.php?rest_route=\/wp\/v2\/pages\/822\/revisions\/947"}],"wp:attachment":[{"href":"https:\/\/www.liecivebyliny.eu\/index.php?rest_route=%2Fwp%2Fv2%2Fmedia&parent=822"}],"curies":[{"name":"wp","href":"https:\/\/api.w.org\/{rel}","templated":true}]}}