{"id":828,"date":"2023-12-23T20:46:50","date_gmt":"2023-12-23T19:46:50","guid":{"rendered":"https:\/\/www.liecivebyliny.eu\/?page_id=828"},"modified":"2024-01-02T14:38:05","modified_gmt":"2024-01-02T13:38:05","slug":"valeriana-officinalis-l-2","status":"publish","type":"page","link":"https:\/\/www.liecivebyliny.eu\/?page_id=828&lang=en","title":{"rendered":"<em>Valeriana officinalis<\/em>&nbsp;L."},"content":{"rendered":"<div class=\"wp-block-image\">\n<figure class=\"aligncenter size-full\"><img decoding=\"async\" loading=\"lazy\" width=\"256\" height=\"342\" src=\"https:\/\/www.liecivebyliny.eu\/wp-content\/uploads\/2023\/12\/image-99.jpeg\" alt=\"\" class=\"wp-image-829\" srcset=\"https:\/\/www.liecivebyliny.eu\/wp-content\/uploads\/2023\/12\/image-99.jpeg 256w, https:\/\/www.liecivebyliny.eu\/wp-content\/uploads\/2023\/12\/image-99-225x300.jpeg 225w\" sizes=\"(max-width: 256px) 100vw, 256px\" \/><figcaption class=\"wp-element-caption\">Valerian<\/figcaption><\/figure><\/div>\n\n\n<p><strong>English name:<\/strong>&nbsp;Valerian<\/p>\n\n\n\n<p><strong>Family:&nbsp;<\/strong><em>Valeriananceae&nbsp;<\/em><\/p>\n\n\n\n<p><strong>Botanical characteristic:<\/strong>&nbsp;A perennial plant that grows to a height of 150 cm. In the first year of vegetation, a ground rosette of leaves grows. The leaves are pinnately cut, opposite, long-stalked and lance-shaped at the bottom. In the upper part there are leaves attached directly to the stem. The white to white-pink flowers are shaped into forked peaks. The fruit is produced by a one-seeded achene with a plume.<\/p>\n\n\n\n<p><strong>Microscopic drawing:<\/strong><\/p>\n\n\n<div class=\"wp-block-image\">\n<figure class=\"aligncenter size-full\"><img decoding=\"async\" loading=\"lazy\" width=\"292\" height=\"278\" src=\"https:\/\/www.liecivebyliny.eu\/wp-content\/uploads\/2023\/12\/image-111.png\" alt=\"\" class=\"wp-image-830\"\/><figcaption class=\"wp-element-caption\"><em>The drawing shows a cross section of the valerian root. On the surface of the preparation is the skin (a), under which there is parenchyma with starch (b). The endoderm (c) is situated in the center of the preparation, under which are the reticulum (d) and blood vessels (e).<\/em><\/figcaption><\/figure><\/div>\n\n<div class=\"wp-block-image\">\n<figure class=\"aligncenter size-full is-resized\"><img decoding=\"async\" loading=\"lazy\" src=\"https:\/\/www.liecivebyliny.eu\/wp-content\/uploads\/2024\/01\/Valerianae-radix40x-1-edited.jpg\" alt=\"\" class=\"wp-image-1010\" width=\"352\" height=\"264\" srcset=\"https:\/\/www.liecivebyliny.eu\/wp-content\/uploads\/2024\/01\/Valerianae-radix40x-1-edited.jpg 508w, https:\/\/www.liecivebyliny.eu\/wp-content\/uploads\/2024\/01\/Valerianae-radix40x-1-edited-300x225.jpg 300w\" sizes=\"(max-width: 352px) 100vw, 352px\" \/><figcaption class=\"wp-element-caption\">Cross-section of a root (magnified 40x)<\/figcaption><\/figure><\/div>\n\n\n<p><\/p>\n\n\n\n<p><strong>Distribution:<\/strong>&nbsp;It grows on the edges of forests, along forest roads, in wet meadows and pastures, near streams.<\/p>\n\n\n\n<p><strong>Drug:&nbsp;<\/strong><em>Valerianae radix<\/em><\/p>\n\n\n\n<p><strong>Harvesting method:<\/strong>&nbsp;The rhizome together with the roots is harvested in the second year of vegetation in autumn and in the third year of vegetation in spring. Harvesting is done by digging or plowing. It is then quickly rinsed with water and cut lengthwise.&nbsp;<\/p>\n\n\n\n<p><strong>Drying:<\/strong>&nbsp;It is dried naturally in a dark, ventilated room in thin layers, or hung on a string. Artificial heat is used to dry at a temperature of up to 35 \u00b0C.<\/p>\n\n\n\n<p><strong>Active substances:<\/strong>&nbsp;Valerian officinalis contains a significant amount of essential oil based on bornyl acetate and bornyl isovalerate. Organic acids such as valerenic acid are well represented, as well as valepotriates, flavonoids, and pyridine alkaloids.<\/p>\n\n\n\n<p><strong>Uses:<\/strong>&nbsp;Valerian root is used for its calming effect on restlessness, insomnia and nervousness.<\/p>\n\n\n\n<p><strong>Traditional method of use in indications determined solely on the basis of long-term use:<\/strong><\/p>\n\n\n\n<p>&#8211; alleviating symptoms of psychological stress and promoting sleep.<\/p>\n\n\n\n<p><strong>Selected herbal preparations:<\/strong>&nbsp;AGROKARPATY VALERIAN ROOT herbal tea 1&#215;30 g, Dr.Max Calming Herbal Blend infusion bags 20&#215;1.5 g, GRE\u0160\u00cdK HERBAL DROPS WITH BALM 50 ml, JUVAMED Peaceful Sleep Herbal Drops 50 ml, Dr.Svatek HERBAL SYRUP FOR NERVES 250 ml, Dr.Theiss MELATONIN SPRAY for Falling Asleep PLUS Extract of Passionflower, Hops, Valerian 20 ml, GS Anxiolan tablets 60 pcs, JAMIESON VALERIAN 400 mg tablets 60 pcs, NEOSPAN forte capsules 45 pcs, ZzzQuil NATURA Forest Fruit Flavored Gummies 30 pcs.<\/p>\n","protected":false},"excerpt":{"rendered":"<p>English name:&nbsp;Valerian Family:&nbsp;Valeriananceae&nbsp; Botanical characteristic:&nbsp;A perennial plant that grows to a height of 150 cm. In the first year of vegetation, a ground rosette of leaves grows. The leaves are pinnately cut, opposite, long-stalked and lance-shaped at the bottom. In the upper part there are leaves attached directly to the stem. The white to white-pink [&hellip;]<\/p>\n","protected":false},"author":1,"featured_media":0,"parent":0,"menu_order":0,"comment_status":"closed","ping_status":"closed","template":"","meta":{"_mi_skip_tracking":false},"yoast_head":"<!-- This site is optimized with the Yoast SEO plugin v20.4 - https:\/\/yoast.com\/wordpress\/plugins\/seo\/ -->\n<title>Valeriana officinalis&nbsp;L. - liecivebyliny.eu<\/title>\n<meta name=\"robots\" content=\"index, follow, max-snippet:-1, max-image-preview:large, max-video-preview:-1\" \/>\n<link rel=\"canonical\" href=\"https:\/\/www.liecivebyliny.eu\/?page_id=828&lang=en\" \/>\n<meta property=\"og:locale\" content=\"sk_SK\" \/>\n<meta property=\"og:type\" content=\"article\" \/>\n<meta property=\"og:title\" content=\"Valeriana officinalis&nbsp;L. - liecivebyliny.eu\" \/>\n<meta property=\"og:description\" content=\"English name:&nbsp;Valerian Family:&nbsp;Valeriananceae&nbsp; Botanical characteristic:&nbsp;A perennial plant that grows to a height of 150 cm. In the first year of vegetation, a ground rosette of leaves grows. The leaves are pinnately cut, opposite, long-stalked and lance-shaped at the bottom. In the upper part there are leaves attached directly to the stem. The white to white-pink [&hellip;]\" \/>\n<meta property=\"og:url\" content=\"https:\/\/www.liecivebyliny.eu\/?page_id=828&amp;lang=en\" \/>\n<meta property=\"og:site_name\" content=\"liecivebyliny.eu\" \/>\n<meta property=\"article:modified_time\" content=\"2024-01-02T13:38:05+00:00\" \/>\n<meta property=\"og:image\" content=\"https:\/\/www.liecivebyliny.eu\/wp-content\/uploads\/2023\/12\/image-99.jpeg\" \/>\n<meta name=\"twitter:card\" content=\"summary_large_image\" \/>\n<meta name=\"twitter:label1\" content=\"Predpokladan\u00fd \u010das \u010d\u00edtania\" \/>\n\t<meta name=\"twitter:data1\" content=\"3 min\u00faty\" \/>\n<script type=\"application\/ld+json\" class=\"yoast-schema-graph\">{\"@context\":\"https:\/\/schema.org\",\"@graph\":[{\"@type\":\"WebPage\",\"@id\":\"https:\/\/www.liecivebyliny.eu\/?page_id=828&lang=en\",\"url\":\"https:\/\/www.liecivebyliny.eu\/?page_id=828&lang=en\",\"name\":\"Valeriana officinalis&nbsp;L. - liecivebyliny.eu\",\"isPartOf\":{\"@id\":\"https:\/\/www.liecivebyliny.eu\/#website\"},\"datePublished\":\"2023-12-23T19:46:50+00:00\",\"dateModified\":\"2024-01-02T13:38:05+00:00\",\"breadcrumb\":{\"@id\":\"https:\/\/www.liecivebyliny.eu\/?page_id=828&lang=en#breadcrumb\"},\"inLanguage\":\"sk-SK\",\"potentialAction\":[{\"@type\":\"ReadAction\",\"target\":[\"https:\/\/www.liecivebyliny.eu\/?page_id=828&lang=en\"]}]},{\"@type\":\"BreadcrumbList\",\"@id\":\"https:\/\/www.liecivebyliny.eu\/?page_id=828&lang=en#breadcrumb\",\"itemListElement\":[{\"@type\":\"ListItem\",\"position\":1,\"name\":\"Home\",\"item\":\"https:\/\/www.liecivebyliny.eu\/\"},{\"@type\":\"ListItem\",\"position\":2,\"name\":\"Valeriana officinalis&nbsp;L.\"}]},{\"@type\":\"WebSite\",\"@id\":\"https:\/\/www.liecivebyliny.eu\/#website\",\"url\":\"https:\/\/www.liecivebyliny.eu\/\",\"name\":\"liecivebyliny.eu\",\"description\":\"\",\"potentialAction\":[{\"@type\":\"SearchAction\",\"target\":{\"@type\":\"EntryPoint\",\"urlTemplate\":\"https:\/\/www.liecivebyliny.eu\/?s={search_term_string}\"},\"query-input\":\"required name=search_term_string\"}],\"inLanguage\":\"sk-SK\"}]}<\/script>\n<!-- \/ Yoast SEO plugin. -->","yoast_head_json":{"title":"Valeriana officinalis&nbsp;L. - liecivebyliny.eu","robots":{"index":"index","follow":"follow","max-snippet":"max-snippet:-1","max-image-preview":"max-image-preview:large","max-video-preview":"max-video-preview:-1"},"canonical":"https:\/\/www.liecivebyliny.eu\/?page_id=828&lang=en","og_locale":"sk_SK","og_type":"article","og_title":"Valeriana officinalis&nbsp;L. - liecivebyliny.eu","og_description":"English name:&nbsp;Valerian Family:&nbsp;Valeriananceae&nbsp; Botanical characteristic:&nbsp;A perennial plant that grows to a height of 150 cm. In the first year of vegetation, a ground rosette of leaves grows. The leaves are pinnately cut, opposite, long-stalked and lance-shaped at the bottom. In the upper part there are leaves attached directly to the stem. The white to white-pink [&hellip;]","og_url":"https:\/\/www.liecivebyliny.eu\/?page_id=828&lang=en","og_site_name":"liecivebyliny.eu","article_modified_time":"2024-01-02T13:38:05+00:00","og_image":[{"url":"https:\/\/www.liecivebyliny.eu\/wp-content\/uploads\/2023\/12\/image-99.jpeg"}],"twitter_card":"summary_large_image","twitter_misc":{"Predpokladan\u00fd \u010das \u010d\u00edtania":"3 min\u00faty"},"schema":{"@context":"https:\/\/schema.org","@graph":[{"@type":"WebPage","@id":"https:\/\/www.liecivebyliny.eu\/?page_id=828&lang=en","url":"https:\/\/www.liecivebyliny.eu\/?page_id=828&lang=en","name":"Valeriana officinalis&nbsp;L. - liecivebyliny.eu","isPartOf":{"@id":"https:\/\/www.liecivebyliny.eu\/#website"},"datePublished":"2023-12-23T19:46:50+00:00","dateModified":"2024-01-02T13:38:05+00:00","breadcrumb":{"@id":"https:\/\/www.liecivebyliny.eu\/?page_id=828&lang=en#breadcrumb"},"inLanguage":"sk-SK","potentialAction":[{"@type":"ReadAction","target":["https:\/\/www.liecivebyliny.eu\/?page_id=828&lang=en"]}]},{"@type":"BreadcrumbList","@id":"https:\/\/www.liecivebyliny.eu\/?page_id=828&lang=en#breadcrumb","itemListElement":[{"@type":"ListItem","position":1,"name":"Home","item":"https:\/\/www.liecivebyliny.eu\/"},{"@type":"ListItem","position":2,"name":"Valeriana officinalis&nbsp;L."}]},{"@type":"WebSite","@id":"https:\/\/www.liecivebyliny.eu\/#website","url":"https:\/\/www.liecivebyliny.eu\/","name":"liecivebyliny.eu","description":"","potentialAction":[{"@type":"SearchAction","target":{"@type":"EntryPoint","urlTemplate":"https:\/\/www.liecivebyliny.eu\/?s={search_term_string}"},"query-input":"required name=search_term_string"}],"inLanguage":"sk-SK"}]}},"_links":{"self":[{"href":"https:\/\/www.liecivebyliny.eu\/index.php?rest_route=\/wp\/v2\/pages\/828"}],"collection":[{"href":"https:\/\/www.liecivebyliny.eu\/index.php?rest_route=\/wp\/v2\/pages"}],"about":[{"href":"https:\/\/www.liecivebyliny.eu\/index.php?rest_route=\/wp\/v2\/types\/page"}],"author":[{"embeddable":true,"href":"https:\/\/www.liecivebyliny.eu\/index.php?rest_route=\/wp\/v2\/users\/1"}],"replies":[{"embeddable":true,"href":"https:\/\/www.liecivebyliny.eu\/index.php?rest_route=%2Fwp%2Fv2%2Fcomments&post=828"}],"version-history":[{"count":2,"href":"https:\/\/www.liecivebyliny.eu\/index.php?rest_route=\/wp\/v2\/pages\/828\/revisions"}],"predecessor-version":[{"id":1012,"href":"https:\/\/www.liecivebyliny.eu\/index.php?rest_route=\/wp\/v2\/pages\/828\/revisions\/1012"}],"wp:attachment":[{"href":"https:\/\/www.liecivebyliny.eu\/index.php?rest_route=%2Fwp%2Fv2%2Fmedia&parent=828"}],"curies":[{"name":"wp","href":"https:\/\/api.w.org\/{rel}","templated":true}]}}