{"id":835,"date":"2023-12-23T20:49:16","date_gmt":"2023-12-23T19:49:16","guid":{"rendered":"https:\/\/www.liecivebyliny.eu\/?page_id=835"},"modified":"2024-01-02T13:55:53","modified_gmt":"2024-01-02T12:55:53","slug":"verbascum-densiflorum-bertol-2","status":"publish","type":"page","link":"https:\/\/www.liecivebyliny.eu\/?page_id=835&lang=en","title":{"rendered":"<em>Verbascum densiflorum<\/em>&nbsp;BERTOL."},"content":{"rendered":"<div class=\"wp-block-image\">\n<figure class=\"aligncenter size-full\"><img decoding=\"async\" loading=\"lazy\" width=\"252\" height=\"340\" src=\"https:\/\/www.liecivebyliny.eu\/wp-content\/uploads\/2023\/12\/image-100.jpeg\" alt=\"\" class=\"wp-image-836\" srcset=\"https:\/\/www.liecivebyliny.eu\/wp-content\/uploads\/2023\/12\/image-100.jpeg 252w, https:\/\/www.liecivebyliny.eu\/wp-content\/uploads\/2023\/12\/image-100-222x300.jpeg 222w\" sizes=\"(max-width: 252px) 100vw, 252px\" \/><figcaption class=\"wp-element-caption\">Denseflower mullein<\/figcaption><\/figure><\/div>\n\n\n<p><strong>English name:<\/strong>&nbsp;Denseflower mullein<\/p>\n\n\n\n<p><strong>Family:&nbsp;<\/strong><em>Scrophulariaceae<\/em><\/p>\n\n\n\n<p><strong>Botanical characteristic:<\/strong>&nbsp;A powerful, biennial plant that grows to a height of 2 m. In the first year, a ground rosette of leaves is formed. In the second year, a straight, hollow, hairy stem grows. The leaves are ovate, sessile. Five large, yellow flowers grow in clusters at the top of the stem and form long spikes. The fruit is a many-seeded capsule.<\/p>\n\n\n\n<p><strong>Microscopic drawing:<\/strong><\/p>\n\n\n<div class=\"wp-block-image\">\n<figure class=\"aligncenter size-full\"><img decoding=\"async\" loading=\"lazy\" width=\"352\" height=\"352\" src=\"https:\/\/www.liecivebyliny.eu\/wp-content\/uploads\/2023\/12\/image-112.png\" alt=\"\" class=\"wp-image-837\" srcset=\"https:\/\/www.liecivebyliny.eu\/wp-content\/uploads\/2023\/12\/image-112.png 352w, https:\/\/www.liecivebyliny.eu\/wp-content\/uploads\/2023\/12\/image-112-300x300.png 300w, https:\/\/www.liecivebyliny.eu\/wp-content\/uploads\/2023\/12\/image-112-150x150.png 150w\" sizes=\"(max-width: 352px) 100vw, 352px\" \/><figcaption class=\"wp-element-caption\"><em>The drawing shows the skin of the corolla petal of a denseflower mullein with candelabra-shaped (a) and glandular (b) trichomes.<\/em><\/figcaption><\/figure><\/div>\n\n<div class=\"wp-block-image\">\n<figure class=\"aligncenter size-full is-resized\"><img decoding=\"async\" loading=\"lazy\" src=\"https:\/\/www.liecivebyliny.eu\/wp-content\/uploads\/2024\/01\/verbasci-100x-1.jpg\" alt=\"\" class=\"wp-image-948\" width=\"376\" height=\"282\" srcset=\"https:\/\/www.liecivebyliny.eu\/wp-content\/uploads\/2024\/01\/verbasci-100x-1.jpg 640w, https:\/\/www.liecivebyliny.eu\/wp-content\/uploads\/2024\/01\/verbasci-100x-1-300x225.jpg 300w\" sizes=\"(max-width: 376px) 100vw, 376px\" \/><figcaption class=\"wp-element-caption\">Surface of a corolla petal (magnified 100x)<\/figcaption><\/figure><\/div>\n\n\n<p><\/p>\n\n\n\n<p><strong>Distribution:<\/strong>&nbsp;It occurs on the edges of roads, near railway embankments, in meadows and pastures.<\/p>\n\n\n\n<p><strong>Drug:<\/strong>&nbsp;<strong><em>Verbasci flos<\/em><\/strong><\/p>\n\n\n\n<p><strong>Harvesting method:<\/strong>&nbsp;The flowers are collected at the time of full bloom, in the morning hours, in dry weather.<\/p>\n\n\n\n<p><strong>Drying:<\/strong>&nbsp;The flowers are dried in a thin layer directly in the sun (5 \u2013 6 hours), with the possibility of drying artificially in a drying oven at a temperature of up to 55 \u00b0C. Crown flakes are fragile, yellow in color, honey smell and sweet taste.<\/p>\n\n\n\n<p><strong>Active substances:<\/strong>&nbsp;The flower of wild celeriac contains a large amount of mucilage and saponins, known under the name &#8211; verbascosaponin. The drug also contains iridoid glycosides and flavonoids.<\/p>\n\n\n\n<p><strong>Uses:<\/strong>&nbsp;The drug is traditionally used in the treatment of respiratory catarrh and cough. It has anti-inflammatory, antiviral and diuretic effects.<\/p>\n\n\n\n<p><strong>Traditional method of use in indications determined solely on the basis of long-term use:<\/strong><\/p>\n\n\n\n<p>&#8211; symptomatic treatment of sore throat associated with dry cough and cold.<\/p>\n\n\n\n<p><strong>Selected herbal preparations:<\/strong>&nbsp;AGROKARPATY DENSEFLOWER MULLEIN herbal tea 1&#215;30 g, JUVAMED DENSEFLOWER MULLEIN &#8211; FLOWER herbal tea loose 1&#215;20 g, Dr.Max Respiratory Tract Children&#8217;s Herbal Tea Blend, infusion bags 20&#215;1.5 g, HERBALMED HotDrink FORTE &#8211; Dr.Weis infusion bags 12 pcs, NaturProdukt Sage Lozenges with Denseflower Mullein and Echinacea 18 pcs.<\/p>\n","protected":false},"excerpt":{"rendered":"<p>English name:&nbsp;Denseflower mullein Family:&nbsp;Scrophulariaceae Botanical characteristic:&nbsp;A powerful, biennial plant that grows to a height of 2 m. In the first year, a ground rosette of leaves is formed. In the second year, a straight, hollow, hairy stem grows. The leaves are ovate, sessile. Five large, yellow flowers grow in clusters at the top of the [&hellip;]<\/p>\n","protected":false},"author":1,"featured_media":0,"parent":0,"menu_order":0,"comment_status":"closed","ping_status":"closed","template":"","meta":{"_mi_skip_tracking":false},"yoast_head":"<!-- This site is optimized with the Yoast SEO plugin v20.4 - https:\/\/yoast.com\/wordpress\/plugins\/seo\/ -->\n<title>Verbascum densiflorum&nbsp;BERTOL. - liecivebyliny.eu<\/title>\n<meta name=\"robots\" content=\"index, follow, max-snippet:-1, max-image-preview:large, max-video-preview:-1\" \/>\n<link rel=\"canonical\" href=\"https:\/\/www.liecivebyliny.eu\/?page_id=835&lang=en\" \/>\n<meta property=\"og:locale\" content=\"sk_SK\" \/>\n<meta property=\"og:type\" content=\"article\" \/>\n<meta property=\"og:title\" content=\"Verbascum densiflorum&nbsp;BERTOL. - liecivebyliny.eu\" \/>\n<meta property=\"og:description\" content=\"English name:&nbsp;Denseflower mullein Family:&nbsp;Scrophulariaceae Botanical characteristic:&nbsp;A powerful, biennial plant that grows to a height of 2 m. In the first year, a ground rosette of leaves is formed. In the second year, a straight, hollow, hairy stem grows. The leaves are ovate, sessile. Five large, yellow flowers grow in clusters at the top of the [&hellip;]\" \/>\n<meta property=\"og:url\" content=\"https:\/\/www.liecivebyliny.eu\/?page_id=835&amp;lang=en\" \/>\n<meta property=\"og:site_name\" content=\"liecivebyliny.eu\" \/>\n<meta property=\"article:modified_time\" content=\"2024-01-02T12:55:53+00:00\" \/>\n<meta property=\"og:image\" content=\"https:\/\/www.liecivebyliny.eu\/wp-content\/uploads\/2023\/12\/image-100.jpeg\" \/>\n<meta name=\"twitter:card\" content=\"summary_large_image\" \/>\n<meta name=\"twitter:label1\" content=\"Predpokladan\u00fd \u010das \u010d\u00edtania\" \/>\n\t<meta name=\"twitter:data1\" content=\"3 min\u00faty\" \/>\n<script type=\"application\/ld+json\" class=\"yoast-schema-graph\">{\"@context\":\"https:\/\/schema.org\",\"@graph\":[{\"@type\":\"WebPage\",\"@id\":\"https:\/\/www.liecivebyliny.eu\/?page_id=835&lang=en\",\"url\":\"https:\/\/www.liecivebyliny.eu\/?page_id=835&lang=en\",\"name\":\"Verbascum densiflorum&nbsp;BERTOL. - liecivebyliny.eu\",\"isPartOf\":{\"@id\":\"https:\/\/www.liecivebyliny.eu\/#website\"},\"datePublished\":\"2023-12-23T19:49:16+00:00\",\"dateModified\":\"2024-01-02T12:55:53+00:00\",\"breadcrumb\":{\"@id\":\"https:\/\/www.liecivebyliny.eu\/?page_id=835&lang=en#breadcrumb\"},\"inLanguage\":\"sk-SK\",\"potentialAction\":[{\"@type\":\"ReadAction\",\"target\":[\"https:\/\/www.liecivebyliny.eu\/?page_id=835&lang=en\"]}]},{\"@type\":\"BreadcrumbList\",\"@id\":\"https:\/\/www.liecivebyliny.eu\/?page_id=835&lang=en#breadcrumb\",\"itemListElement\":[{\"@type\":\"ListItem\",\"position\":1,\"name\":\"Home\",\"item\":\"https:\/\/www.liecivebyliny.eu\/\"},{\"@type\":\"ListItem\",\"position\":2,\"name\":\"Verbascum densiflorum&nbsp;BERTOL.\"}]},{\"@type\":\"WebSite\",\"@id\":\"https:\/\/www.liecivebyliny.eu\/#website\",\"url\":\"https:\/\/www.liecivebyliny.eu\/\",\"name\":\"liecivebyliny.eu\",\"description\":\"\",\"potentialAction\":[{\"@type\":\"SearchAction\",\"target\":{\"@type\":\"EntryPoint\",\"urlTemplate\":\"https:\/\/www.liecivebyliny.eu\/?s={search_term_string}\"},\"query-input\":\"required name=search_term_string\"}],\"inLanguage\":\"sk-SK\"}]}<\/script>\n<!-- \/ Yoast SEO plugin. -->","yoast_head_json":{"title":"Verbascum densiflorum&nbsp;BERTOL. - liecivebyliny.eu","robots":{"index":"index","follow":"follow","max-snippet":"max-snippet:-1","max-image-preview":"max-image-preview:large","max-video-preview":"max-video-preview:-1"},"canonical":"https:\/\/www.liecivebyliny.eu\/?page_id=835&lang=en","og_locale":"sk_SK","og_type":"article","og_title":"Verbascum densiflorum&nbsp;BERTOL. - liecivebyliny.eu","og_description":"English name:&nbsp;Denseflower mullein Family:&nbsp;Scrophulariaceae Botanical characteristic:&nbsp;A powerful, biennial plant that grows to a height of 2 m. In the first year, a ground rosette of leaves is formed. In the second year, a straight, hollow, hairy stem grows. The leaves are ovate, sessile. Five large, yellow flowers grow in clusters at the top of the [&hellip;]","og_url":"https:\/\/www.liecivebyliny.eu\/?page_id=835&lang=en","og_site_name":"liecivebyliny.eu","article_modified_time":"2024-01-02T12:55:53+00:00","og_image":[{"url":"https:\/\/www.liecivebyliny.eu\/wp-content\/uploads\/2023\/12\/image-100.jpeg"}],"twitter_card":"summary_large_image","twitter_misc":{"Predpokladan\u00fd \u010das \u010d\u00edtania":"3 min\u00faty"},"schema":{"@context":"https:\/\/schema.org","@graph":[{"@type":"WebPage","@id":"https:\/\/www.liecivebyliny.eu\/?page_id=835&lang=en","url":"https:\/\/www.liecivebyliny.eu\/?page_id=835&lang=en","name":"Verbascum densiflorum&nbsp;BERTOL. - liecivebyliny.eu","isPartOf":{"@id":"https:\/\/www.liecivebyliny.eu\/#website"},"datePublished":"2023-12-23T19:49:16+00:00","dateModified":"2024-01-02T12:55:53+00:00","breadcrumb":{"@id":"https:\/\/www.liecivebyliny.eu\/?page_id=835&lang=en#breadcrumb"},"inLanguage":"sk-SK","potentialAction":[{"@type":"ReadAction","target":["https:\/\/www.liecivebyliny.eu\/?page_id=835&lang=en"]}]},{"@type":"BreadcrumbList","@id":"https:\/\/www.liecivebyliny.eu\/?page_id=835&lang=en#breadcrumb","itemListElement":[{"@type":"ListItem","position":1,"name":"Home","item":"https:\/\/www.liecivebyliny.eu\/"},{"@type":"ListItem","position":2,"name":"Verbascum densiflorum&nbsp;BERTOL."}]},{"@type":"WebSite","@id":"https:\/\/www.liecivebyliny.eu\/#website","url":"https:\/\/www.liecivebyliny.eu\/","name":"liecivebyliny.eu","description":"","potentialAction":[{"@type":"SearchAction","target":{"@type":"EntryPoint","urlTemplate":"https:\/\/www.liecivebyliny.eu\/?s={search_term_string}"},"query-input":"required name=search_term_string"}],"inLanguage":"sk-SK"}]}},"_links":{"self":[{"href":"https:\/\/www.liecivebyliny.eu\/index.php?rest_route=\/wp\/v2\/pages\/835"}],"collection":[{"href":"https:\/\/www.liecivebyliny.eu\/index.php?rest_route=\/wp\/v2\/pages"}],"about":[{"href":"https:\/\/www.liecivebyliny.eu\/index.php?rest_route=\/wp\/v2\/types\/page"}],"author":[{"embeddable":true,"href":"https:\/\/www.liecivebyliny.eu\/index.php?rest_route=\/wp\/v2\/users\/1"}],"replies":[{"embeddable":true,"href":"https:\/\/www.liecivebyliny.eu\/index.php?rest_route=%2Fwp%2Fv2%2Fcomments&post=835"}],"version-history":[{"count":2,"href":"https:\/\/www.liecivebyliny.eu\/index.php?rest_route=\/wp\/v2\/pages\/835\/revisions"}],"predecessor-version":[{"id":950,"href":"https:\/\/www.liecivebyliny.eu\/index.php?rest_route=\/wp\/v2\/pages\/835\/revisions\/950"}],"wp:attachment":[{"href":"https:\/\/www.liecivebyliny.eu\/index.php?rest_route=%2Fwp%2Fv2%2Fmedia&parent=835"}],"curies":[{"name":"wp","href":"https:\/\/api.w.org\/{rel}","templated":true}]}}