{"id":98,"date":"2023-12-21T20:09:05","date_gmt":"2023-12-21T19:09:05","guid":{"rendered":"https:\/\/www.liecivebyliny.eu\/?page_id=98"},"modified":"2024-01-01T20:14:09","modified_gmt":"2024-01-01T19:14:09","slug":"achillea-millefolium-l","status":"publish","type":"page","link":"https:\/\/www.liecivebyliny.eu\/?page_id=98","title":{"rendered":"Achillea millefolium\u00a0L."},"content":{"rendered":"<div class=\"wp-block-image\">\n<figure class=\"aligncenter size-full\"><img decoding=\"async\" loading=\"lazy\" width=\"226\" height=\"340\" src=\"https:\/\/www.liecivebyliny.eu\/wp-content\/uploads\/2023\/12\/image.jpeg\" alt=\"\" class=\"wp-image-102\" srcset=\"https:\/\/www.liecivebyliny.eu\/wp-content\/uploads\/2023\/12\/image.jpeg 226w, https:\/\/www.liecivebyliny.eu\/wp-content\/uploads\/2023\/12\/image-199x300.jpeg 199w\" sizes=\"(max-width: 226px) 100vw, 226px\" \/><figcaption class=\"wp-element-caption\">Rebr\u00ed\u010dek oby\u010dajn\u00fd<\/figcaption><\/figure><\/div>\n\n\n<p><strong>Slovensk\u00fd n\u00e1zov:&nbsp;<\/strong>rebr\u00ed\u010dek oby\u010dajn\u00fd<\/p>\n\n\n\n<p><strong>Anglick\u00fd n\u00e1zov:<\/strong>&nbsp;Milfoil<\/p>\n\n\n\n<p><strong>\u010cesk\u00fd n\u00e1zov:<\/strong>&nbsp;\u0159eb\u0159\u00ed\u010dek obecn\u00fd, my\u0161\u00ed chvost obecn\u00fd&nbsp;<\/p>\n\n\n\n<p><strong>\u013dudov\u00e9 n\u00e1zvy:<\/strong>&nbsp;my\u0161ochvost, jaz\u00fd\u010dek, ma\u010dac\u00ed chvost<\/p>\n\n\n\n<p><strong>\u010ce\u013ea\u010f:<\/strong>&nbsp;<em>Asteraceae&nbsp;<\/em>(astrovit\u00e9)<\/p>\n\n\n\n<p><strong>Botanick\u00e1 charakteristika: <\/strong>Trv\u00e1ca bylina, ktor\u00e1 dorast\u00e1 do v\u00fd\u0161ky 60 cm. Stonka je tuh\u00e1, v&nbsp;hornej \u010dasti sa rozkon\u00e1ruje. Listy s\u00fa dvojito a\u017e trojito perovito strihan\u00e9, striedavo usporiadan\u00e9. Kvetn\u00e9 \u00fabory s\u00fa zoskupen\u00e9 do chochol\u00edkovit\u00fdch metl\u00edn. Plodom je na\u017eka. Cel\u00e1 rastlina je pokryt\u00e1 sivou pls\u0165ou.&nbsp;<\/p>\n\n\n\n<p><strong>Mikroskopick\u00fd n\u00e1kres:<\/strong><\/p>\n\n\n<div class=\"wp-block-image\">\n<figure class=\"aligncenter size-full\"><img decoding=\"async\" loading=\"lazy\" width=\"240\" height=\"396\" src=\"https:\/\/www.liecivebyliny.eu\/wp-content\/uploads\/2023\/12\/image-2.png\" alt=\"\" class=\"wp-image-99\" srcset=\"https:\/\/www.liecivebyliny.eu\/wp-content\/uploads\/2023\/12\/image-2.png 240w, https:\/\/www.liecivebyliny.eu\/wp-content\/uploads\/2023\/12\/image-2-182x300.png 182w\" sizes=\"(max-width: 240px) 100vw, 240px\" \/><figcaption class=\"wp-element-caption\"><em>Spodn\u00e1 poko\u017eka listu rebr\u00ed\u010dka oby\u010dajn\u00e9ho je vybaven\u00e1 kryc\u00edmi trich\u00f3mami (a) a&nbsp;\u017eliazkami (b), charakteristick\u00fdmi pre \u010de\u013ea\u010f&nbsp;Asteraceae. Na spodnej poko\u017eke je mo\u017en\u00e9 pozorova\u0165 aj prieduchy (c).<\/em><\/figcaption><\/figure><\/div>\n\n<div class=\"wp-block-image\">\n<figure class=\"aligncenter size-full is-resized\"><img decoding=\"async\" loading=\"lazy\" src=\"https:\/\/www.liecivebyliny.eu\/wp-content\/uploads\/2024\/01\/Millefolii-herba-edited.jpg\" alt=\"\" class=\"wp-image-912\" width=\"423\" height=\"317\" srcset=\"https:\/\/www.liecivebyliny.eu\/wp-content\/uploads\/2024\/01\/Millefolii-herba-edited.jpg 536w, https:\/\/www.liecivebyliny.eu\/wp-content\/uploads\/2024\/01\/Millefolii-herba-edited-300x225.jpg 300w\" sizes=\"(max-width: 423px) 100vw, 423px\" \/><figcaption class=\"wp-element-caption\">Prie\u010dny rez stonkou rebr\u00ed\u010dka (zv\u00e4\u010d\u0161en\u00e9 100x)<\/figcaption><\/figure><\/div>\n\n\n<p><\/p>\n\n\n\n<p><strong>Roz\u0161\u00edrenie: <\/strong>Rastie na tr\u00e1vnat\u00fdch l\u00fakach, pasienkoch, rumovisk\u00e1ch, popri cest\u00e1ch, okrajoch lesov a&nbsp;v z\u00e1hrad\u00e1ch.<\/p>\n\n\n\n<p><strong>Droga:<\/strong>&nbsp;<em>Millefolii herba, Millefolii flos<\/em><\/p>\n\n\n\n<p><strong>Sp\u00f4sob zberu:<\/strong> Kvet a&nbsp;v\u0148a\u0165 sa zbiera od j\u00fana do septembra. Biele kvetn\u00e9 \u00fabory zbierame pred&nbsp;ich rozkvitnut\u00edm. V\u0148a\u0165 zbierame na za\u010diatku kvitnutia.<\/p>\n\n\n\n<p><strong>Su\u0161enie: <\/strong>Rebr\u00ed\u010dek oby\u010dajn\u00fd nie je n\u00e1ro\u010dn\u00fd na su\u0161enie. Su\u0161\u00ed sa prirodzen\u00fdm sp\u00f4sobom v&nbsp;tieni, v&nbsp;tenk\u00fdch vrstv\u00e1ch (3 \u2013 5 cm), vo vetrate\u013enej miestnosti. V\u0148a\u0165 sa m\u00f4\u017ee su\u0161i\u0165 vo\u013ene zavesen\u00e1 vo&nbsp;zv\u00e4zo\u010dkoch.&nbsp;<\/p>\n\n\n\n<p><strong>Obsahov\u00e9 l\u00e1tky: <\/strong>V\u0148a\u0165 rebr\u00ed\u010dka oby\u010dajn\u00e9ho sa vyzna\u010duje charakteristickou v\u00f4\u0148ou, ktor\u00fa zapr\u00ed\u010di\u0148uj\u00fa prchav\u00e9 l\u00e1tky silice. Silica rebr\u00ed\u010dka oby\u010dajn\u00e9ho je tvoren\u00e1 monoterp\u00e9nmi, pri\u010dom prevl\u00e1da cineol, sabin\u00e9n, kampf\u00e9n a&nbsp;linalol. Zo seskviterp\u00e9nov je mo\u017en\u00e9 spomen\u00fa\u0165 karyofyl\u00e9n, germakr\u00e9n a&nbsp;bisabolol. Silica je tvoren\u00e1 aj chamazul\u00e9nom a&nbsp;jeho prekurzormi zo skupiny proazul\u00e9nov. Hork\u00e1 chu\u0165 rebr\u00ed\u010dka oby\u010dajn\u00e9ho je zapr\u00ed\u010dinen\u00e1 hor\u010dinami so seskviterp\u00e9nlakt\u00f3novou \u0161trukt\u00farou. K&nbsp;\u010fal\u0161\u00edm obsahov\u00fdm l\u00e1tkam m\u00f4\u017eeme zaradi\u0165 flavonoidy, triesloviny, organick\u00e9 kyseliny, kumar\u00edny, poly\u00edny a&nbsp;beta\u00edny.<\/p>\n\n\n\n<p><strong>Pou\u017eitie:<\/strong> Rebr\u00ed\u010dek oby\u010dajn\u00fd sa pou\u017e\u00edva predov\u0161etk\u00fdm na&nbsp;podporu tr\u00e1venia a&nbsp;k&nbsp;stimul\u00e1cii chuti do jedla. Ud\u00e1va sa, \u017ee stimuluje vylu\u010dovanie \u017el\u010de, \u010d\u00edm podporuje tr\u00e1venie tukov, no m\u00e1 aj spazmolytick\u00e9 \u00fa\u010dinky. Pri vonkaj\u0161ej aplik\u00e1cii sa pou\u017e\u00edva na drobn\u00e9 ranky, pr\u00edpadne zap\u00e1len\u00e9 sliznice. Uplat\u0148uje sa jeho antimikrobi\u00e1lny a protiz\u00e1palov\u00fd potenci\u00e1l.<\/p>\n\n\n\n<p><strong>Tradi\u010dn\u00fd sp\u00f4sob pou\u017eitia v&nbsp;indik\u00e1ci\u00e1ch ur\u010den\u00fdch v\u00fdhradne na z\u00e1klade dlhodob\u00e9ho pou\u017e\u00edvania:<\/strong><\/p>\n\n\n\n<ul>\n<li>podporn\u00e1 lie\u010dba pri do\u010dasnej straty chuti do jedla,<\/li>\n\n\n\n<li>symptomatick\u00e1 lie\u010dba miernych k\u0155\u010dov gastrointestin\u00e1lneho traktu, vr\u00e1tane nad\u00favania a&nbsp;plynatosti,<\/li>\n\n\n\n<li>symptomatick\u00e1 lie\u010dba miernych men\u0161trua\u010dn\u00fdch k\u0155\u010dov,<\/li>\n\n\n\n<li>o\u0161etrenie drobn\u00fdch povrchov\u00fdch r\u00e1n.<\/li>\n<\/ul>\n\n\n\n<p><strong>Vybran\u00e9 rastlinn\u00e9 pr\u00edpravky:<\/strong>&nbsp;AGROKARPATY BIO Rebr\u00ed\u010dek oby\u010dajn\u00fd bylinn\u00fd \u010daj 20&#215;2 g, AGROKARPATY CHUDNUTIE bylinn\u00fd \u010daj 20&#215;2 g, APOTHEKE \u017dAL\u00daDO\u010cN\u00dd \u010cAJ S REP\u00cdKOM 20&#215;1,5 g, DR. POPOV \u010cAJ UNIVERZ\u00c1LNY \u010cISTIACI n\u00e1levov\u00e9 vrec\u00fa\u0161ka 20&#215;1,5 g, Dr.Max \u017densk\u00e1 bylinn\u00e1 zmes n\u00e1levov\u00e9 vrec\u00fa\u0161ka 20&#215;1,5 g, FYTO REBR\u00cd\u010cKOV\u00dd \u010cAJ SYPAN\u00dd 1&#215;30 g, HERBALMED HOT DRINK nachladnutie a n\u00e1dcha \/ d\u00fdchacie cesty a&nbsp;imunita 180 g, damper PERIOD BALANCE cps 60 ks, Liv.52 tbl 120 ks, J.V. KVAPKY &#8211; KLIM na probl\u00e9my \u017eien v obdob\u00ed klimakt\u00e9ria 50 ml.<\/p>\n","protected":false},"excerpt":{"rendered":"<p>Slovensk\u00fd n\u00e1zov:&nbsp;rebr\u00ed\u010dek oby\u010dajn\u00fd Anglick\u00fd n\u00e1zov:&nbsp;Milfoil \u010cesk\u00fd n\u00e1zov:&nbsp;\u0159eb\u0159\u00ed\u010dek obecn\u00fd, my\u0161\u00ed chvost obecn\u00fd&nbsp; \u013dudov\u00e9 n\u00e1zvy:&nbsp;my\u0161ochvost, jaz\u00fd\u010dek, ma\u010dac\u00ed chvost \u010ce\u013ea\u010f:&nbsp;Asteraceae&nbsp;(astrovit\u00e9) Botanick\u00e1 charakteristika: Trv\u00e1ca bylina, ktor\u00e1 dorast\u00e1 do v\u00fd\u0161ky 60 cm. Stonka je tuh\u00e1, v&nbsp;hornej \u010dasti sa rozkon\u00e1ruje. Listy s\u00fa dvojito a\u017e trojito perovito strihan\u00e9, striedavo usporiadan\u00e9. Kvetn\u00e9 \u00fabory s\u00fa zoskupen\u00e9 do chochol\u00edkovit\u00fdch metl\u00edn. Plodom je na\u017eka. Cel\u00e1 rastlina [&hellip;]<\/p>\n","protected":false},"author":1,"featured_media":0,"parent":0,"menu_order":0,"comment_status":"closed","ping_status":"closed","template":"","meta":{"_mi_skip_tracking":false},"yoast_head":"<!-- This site is optimized with the Yoast SEO plugin v20.4 - https:\/\/yoast.com\/wordpress\/plugins\/seo\/ -->\n<title>Achillea millefolium\u00a0L. - liecivebyliny.eu<\/title>\n<meta name=\"robots\" content=\"index, follow, max-snippet:-1, max-image-preview:large, max-video-preview:-1\" \/>\n<link rel=\"canonical\" href=\"https:\/\/www.liecivebyliny.eu\/?page_id=98\" \/>\n<meta property=\"og:locale\" content=\"sk_SK\" \/>\n<meta property=\"og:type\" content=\"article\" \/>\n<meta property=\"og:title\" content=\"Achillea millefolium\u00a0L. - liecivebyliny.eu\" \/>\n<meta property=\"og:description\" content=\"Slovensk\u00fd n\u00e1zov:&nbsp;rebr\u00ed\u010dek oby\u010dajn\u00fd Anglick\u00fd n\u00e1zov:&nbsp;Milfoil \u010cesk\u00fd n\u00e1zov:&nbsp;\u0159eb\u0159\u00ed\u010dek obecn\u00fd, my\u0161\u00ed chvost obecn\u00fd&nbsp; \u013dudov\u00e9 n\u00e1zvy:&nbsp;my\u0161ochvost, jaz\u00fd\u010dek, ma\u010dac\u00ed chvost \u010ce\u013ea\u010f:&nbsp;Asteraceae&nbsp;(astrovit\u00e9) Botanick\u00e1 charakteristika: Trv\u00e1ca bylina, ktor\u00e1 dorast\u00e1 do v\u00fd\u0161ky 60 cm. Stonka je tuh\u00e1, v&nbsp;hornej \u010dasti sa rozkon\u00e1ruje. Listy s\u00fa dvojito a\u017e trojito perovito strihan\u00e9, striedavo usporiadan\u00e9. Kvetn\u00e9 \u00fabory s\u00fa zoskupen\u00e9 do chochol\u00edkovit\u00fdch metl\u00edn. Plodom je na\u017eka. Cel\u00e1 rastlina [&hellip;]\" \/>\n<meta property=\"og:url\" content=\"https:\/\/www.liecivebyliny.eu\/?page_id=98\" \/>\n<meta property=\"og:site_name\" content=\"liecivebyliny.eu\" \/>\n<meta property=\"article:modified_time\" content=\"2024-01-01T19:14:09+00:00\" \/>\n<meta property=\"og:image\" content=\"https:\/\/www.liecivebyliny.eu\/wp-content\/uploads\/2023\/12\/image.jpeg\" \/>\n<meta name=\"twitter:card\" content=\"summary_large_image\" \/>\n<meta name=\"twitter:label1\" content=\"Predpokladan\u00fd \u010das \u010d\u00edtania\" \/>\n\t<meta name=\"twitter:data1\" content=\"3 min\u00faty\" \/>\n<script type=\"application\/ld+json\" class=\"yoast-schema-graph\">{\"@context\":\"https:\/\/schema.org\",\"@graph\":[{\"@type\":\"WebPage\",\"@id\":\"https:\/\/www.liecivebyliny.eu\/?page_id=98\",\"url\":\"https:\/\/www.liecivebyliny.eu\/?page_id=98\",\"name\":\"Achillea millefolium\u00a0L. - liecivebyliny.eu\",\"isPartOf\":{\"@id\":\"https:\/\/www.liecivebyliny.eu\/#website\"},\"datePublished\":\"2023-12-21T19:09:05+00:00\",\"dateModified\":\"2024-01-01T19:14:09+00:00\",\"breadcrumb\":{\"@id\":\"https:\/\/www.liecivebyliny.eu\/?page_id=98#breadcrumb\"},\"inLanguage\":\"sk-SK\",\"potentialAction\":[{\"@type\":\"ReadAction\",\"target\":[\"https:\/\/www.liecivebyliny.eu\/?page_id=98\"]}]},{\"@type\":\"BreadcrumbList\",\"@id\":\"https:\/\/www.liecivebyliny.eu\/?page_id=98#breadcrumb\",\"itemListElement\":[{\"@type\":\"ListItem\",\"position\":1,\"name\":\"Home\",\"item\":\"https:\/\/www.liecivebyliny.eu\/\"},{\"@type\":\"ListItem\",\"position\":2,\"name\":\"Achillea millefolium\u00a0L.\"}]},{\"@type\":\"WebSite\",\"@id\":\"https:\/\/www.liecivebyliny.eu\/#website\",\"url\":\"https:\/\/www.liecivebyliny.eu\/\",\"name\":\"liecivebyliny.eu\",\"description\":\"\",\"potentialAction\":[{\"@type\":\"SearchAction\",\"target\":{\"@type\":\"EntryPoint\",\"urlTemplate\":\"https:\/\/www.liecivebyliny.eu\/?s={search_term_string}\"},\"query-input\":\"required name=search_term_string\"}],\"inLanguage\":\"sk-SK\"}]}<\/script>\n<!-- \/ Yoast SEO plugin. -->","yoast_head_json":{"title":"Achillea millefolium\u00a0L. - liecivebyliny.eu","robots":{"index":"index","follow":"follow","max-snippet":"max-snippet:-1","max-image-preview":"max-image-preview:large","max-video-preview":"max-video-preview:-1"},"canonical":"https:\/\/www.liecivebyliny.eu\/?page_id=98","og_locale":"sk_SK","og_type":"article","og_title":"Achillea millefolium\u00a0L. - liecivebyliny.eu","og_description":"Slovensk\u00fd n\u00e1zov:&nbsp;rebr\u00ed\u010dek oby\u010dajn\u00fd Anglick\u00fd n\u00e1zov:&nbsp;Milfoil \u010cesk\u00fd n\u00e1zov:&nbsp;\u0159eb\u0159\u00ed\u010dek obecn\u00fd, my\u0161\u00ed chvost obecn\u00fd&nbsp; \u013dudov\u00e9 n\u00e1zvy:&nbsp;my\u0161ochvost, jaz\u00fd\u010dek, ma\u010dac\u00ed chvost \u010ce\u013ea\u010f:&nbsp;Asteraceae&nbsp;(astrovit\u00e9) Botanick\u00e1 charakteristika: Trv\u00e1ca bylina, ktor\u00e1 dorast\u00e1 do v\u00fd\u0161ky 60 cm. Stonka je tuh\u00e1, v&nbsp;hornej \u010dasti sa rozkon\u00e1ruje. Listy s\u00fa dvojito a\u017e trojito perovito strihan\u00e9, striedavo usporiadan\u00e9. Kvetn\u00e9 \u00fabory s\u00fa zoskupen\u00e9 do chochol\u00edkovit\u00fdch metl\u00edn. Plodom je na\u017eka. Cel\u00e1 rastlina [&hellip;]","og_url":"https:\/\/www.liecivebyliny.eu\/?page_id=98","og_site_name":"liecivebyliny.eu","article_modified_time":"2024-01-01T19:14:09+00:00","og_image":[{"url":"https:\/\/www.liecivebyliny.eu\/wp-content\/uploads\/2023\/12\/image.jpeg"}],"twitter_card":"summary_large_image","twitter_misc":{"Predpokladan\u00fd \u010das \u010d\u00edtania":"3 min\u00faty"},"schema":{"@context":"https:\/\/schema.org","@graph":[{"@type":"WebPage","@id":"https:\/\/www.liecivebyliny.eu\/?page_id=98","url":"https:\/\/www.liecivebyliny.eu\/?page_id=98","name":"Achillea millefolium\u00a0L. - liecivebyliny.eu","isPartOf":{"@id":"https:\/\/www.liecivebyliny.eu\/#website"},"datePublished":"2023-12-21T19:09:05+00:00","dateModified":"2024-01-01T19:14:09+00:00","breadcrumb":{"@id":"https:\/\/www.liecivebyliny.eu\/?page_id=98#breadcrumb"},"inLanguage":"sk-SK","potentialAction":[{"@type":"ReadAction","target":["https:\/\/www.liecivebyliny.eu\/?page_id=98"]}]},{"@type":"BreadcrumbList","@id":"https:\/\/www.liecivebyliny.eu\/?page_id=98#breadcrumb","itemListElement":[{"@type":"ListItem","position":1,"name":"Home","item":"https:\/\/www.liecivebyliny.eu\/"},{"@type":"ListItem","position":2,"name":"Achillea millefolium\u00a0L."}]},{"@type":"WebSite","@id":"https:\/\/www.liecivebyliny.eu\/#website","url":"https:\/\/www.liecivebyliny.eu\/","name":"liecivebyliny.eu","description":"","potentialAction":[{"@type":"SearchAction","target":{"@type":"EntryPoint","urlTemplate":"https:\/\/www.liecivebyliny.eu\/?s={search_term_string}"},"query-input":"required name=search_term_string"}],"inLanguage":"sk-SK"}]}},"_links":{"self":[{"href":"https:\/\/www.liecivebyliny.eu\/index.php?rest_route=\/wp\/v2\/pages\/98"}],"collection":[{"href":"https:\/\/www.liecivebyliny.eu\/index.php?rest_route=\/wp\/v2\/pages"}],"about":[{"href":"https:\/\/www.liecivebyliny.eu\/index.php?rest_route=\/wp\/v2\/types\/page"}],"author":[{"embeddable":true,"href":"https:\/\/www.liecivebyliny.eu\/index.php?rest_route=\/wp\/v2\/users\/1"}],"replies":[{"embeddable":true,"href":"https:\/\/www.liecivebyliny.eu\/index.php?rest_route=%2Fwp%2Fv2%2Fcomments&post=98"}],"version-history":[{"count":4,"href":"https:\/\/www.liecivebyliny.eu\/index.php?rest_route=\/wp\/v2\/pages\/98\/revisions"}],"predecessor-version":[{"id":913,"href":"https:\/\/www.liecivebyliny.eu\/index.php?rest_route=\/wp\/v2\/pages\/98\/revisions\/913"}],"wp:attachment":[{"href":"https:\/\/www.liecivebyliny.eu\/index.php?rest_route=%2Fwp%2Fv2%2Fmedia&parent=98"}],"curies":[{"name":"wp","href":"https:\/\/api.w.org\/{rel}","templated":true}]}}